{"id":3251,"date":"2025-09-25T14:13:29","date_gmt":"2025-09-25T06:13:29","guid":{"rendered":"http:\/\/www.camcjsw-rollingelements.com\/?page_id=3251"},"modified":"2025-09-29T10:24:30","modified_gmt":"2025-09-29T02:24:30","slug":"about-us","status":"publish","type":"page","link":"http:\/\/www.camcjsw-rollingelements.com\/es\/about-us","title":{"rendered":"SOBRE NOSOTROS"},"content":{"rendered":"<div data-elementor-type=\"wp-page\" data-elementor-id=\"3251\" class=\"elementor elementor-3251\" data-elementor-post-type=\"page\">\n\t\t\t\t<div class=\"elementor-element elementor-element-4f9f9efe e-flex e-con-boxed e-con e-parent\" data-id=\"4f9f9efe\" data-element_type=\"container\" data-settings=\"{&quot;background_background&quot;:&quot;classic&quot;}\">\n\t\t\t\t\t<div class=\"e-con-inner\">\n\t\t<div class=\"elementor-element elementor-element-2dadca7c e-con-full e-flex e-con e-child\" data-id=\"2dadca7c\" data-element_type=\"container\">\n\t\t\t\t<div class=\"elementor-element elementor-element-d6369d2 elementor-widget elementor-widget-hfe-breadcrumbs-widget\" data-id=\"d6369d2\" data-element_type=\"widget\" data-widget_type=\"hfe-breadcrumbs-widget.default\">\n\t\t\t\t<div class=\"elementor-widget-container\">\n\t\t\t\t\t<nav aria-label=\"Breadcrumb\"><ul class=\"hfe-breadcrumbs hfe-breadcrumbs-show-home\"><li class=\"hfe-breadcrumbs-item hfe-breadcrumbs-first\"><span class=\"hfe-breadcrumbs-home-icon\"><svg aria-hidden=\"true\" class=\"e-font-icon-svg e-fas-home\" viewbox=\"0 0 576 512\" xmlns=\"http:\/\/www.w3.org\/2000\/svg\"><path d=\"M280.37 148.26L96 300.11V464a16 16 0 0 0 16 16l112.06-.29a16 16 0 0 0 15.92-16V368a16 16 0 0 1 16-16h64a16 16 0 0 1 16 16v95.64a16 16 0 0 0 16 16.05L464 480a16 16 0 0 0 16-16V300L295.67 148.26a12.19 12.19 0 0 0-15.3 0zM571.6 251.47L488 182.56V44.05a12 12 0 0 0-12-12h-56a12 12 0 0 0-12 12v72.61L318.47 43a48 48 0 0 0-61 0L4.34 251.47a12 12 0 0 0-1.6 16.9l25.5 31A12 12 0 0 0 45.15 301l235.22-193.74a12.19 12.19 0 0 1 15.3 0L530.9 301a12 12 0 0 0 16.9-1.6l25.5-31a12 12 0 0 0-1.7-16.93z\"><\/path><\/svg><\/span><a href=\"http:\/\/www.camcjsw-rollingelements.com\/es\"><span class=\"hfe-breadcrumbs-text\">INICIO<\/span><\/a><\/li><\/ul><\/nav>\t\t\t\t<\/div>\n\t\t\t\t<\/div>\n\t\t\t\t<\/div>\n\t\t\t\t\t<\/div>\n\t\t\t\t<\/div>\n\t\t<div class=\"elementor-element elementor-element-f038b67 e-grid e-con-boxed e-con e-parent\" data-id=\"f038b67\" data-element_type=\"container\">\n\t\t\t\t\t<div class=\"e-con-inner\">\n\t\t\t\t<div class=\"elementor-element elementor-element-58f01d82 elementor-widget elementor-widget-text-editor\" data-id=\"58f01d82\" data-element_type=\"widget\" data-widget_type=\"text-editor.default\">\n\t\t\t\t\t\t\t\t\t<p style=\"font-weight: 400;\">SINOMACH GROUP (el grupo de maquinaria m\u00e1s grande de China), es una corporaci\u00f3n estatal limitada con un capital registrado de 30 millones de RMB, ubicada en la ciudad de Wuxi, provincia de Jiangsu, que es una de las mejores \u00e1reas de la industria de elementos rodantes en China. Nuestra \u00e1rea de oficinas es de alrededor de 3000 metros cuadrados y nuestra \u00e1rea de talleres es de alrededor de 50,000 metros cuadrados.<\/p><p style=\"font-weight: 400;\">Fundada en 1992, contamos con una amplia experiencia en fabricaci\u00f3n y exportaci\u00f3n, nos hemos forjado una s\u00f3lida reputaci\u00f3n comercial y mantenemos una s\u00f3lida y duradera relaci\u00f3n comercial con cientos de clientes de diferentes pa\u00edses y regiones. Gracias al s\u00f3lido apoyo de nuestra empresa matriz, SINOMACH, nuestra estructura de activos se mantiene en buen estado y nuestro nivel de operaciones crece constantemente.<\/p><p style=\"font-weight: 400;\">Con nuestra propia marca \u201cCAGRI\u201d, nuestros diversos elementos rodantes, incluidas bolas de varios materiales, rodillos de acero, unidades de transferencia de bolas, etc., se han desarrollado con \u00e9xito. Nuestros productos se venden y utilizan ampliamente en Alemania, Italia, B\u00e9lgica, Austria, Francia, Estados Unidos, Brasil, M\u00e9xico, etc.<\/p><p style=\"font-weight: 400;\">Contamos con nuestros propios institutos de investigaci\u00f3n, instalaciones de taller de producci\u00f3n con equipos de l\u00edneas de producci\u00f3n de primera clase, equipos de inspecci\u00f3n con una variedad de equipos de prueba de alta precisi\u00f3n y un equipo t\u00e9cnico y de prueba profesional para garantizar de manera efectiva la calidad de los productos. Adjunto, consulte nuestros instrumentos de prueba de l\u00edneas de producci\u00f3n parciales.<\/p><p style=\"font-weight: 400;\">Contamos con ingenieros de control de calidad que controlan estrictamente la calidad durante la producci\u00f3n y antes del env\u00edo. Nuestros productos son bien recibidos por todos nuestros clientes gracias a nuestros precios competitivos, calidad garantizada y entrega puntual.<\/p><p style=\"font-weight: 400;\">Tambi\u00e9n hacemos hincapi\u00e9 en las actividades culturales de la empresa y defendemos el esp\u00edritu de trabajo en equipo, la lucha dura, el desarrollo, la innovaci\u00f3n y la perseverancia.<\/p><p style=\"font-weight: 400;\">Damos la m\u00e1s sincera bienvenida a los hu\u00e9spedes del extranjero para la negociaci\u00f3n y cooperaci\u00f3n comercial, para alcanzar nuevos niveles de experiencia y profesionalismo y desarrollar un futuro brillante.<\/p>\t\t\t\t\t\t\t\t<\/div>\n\t\t\t\t\t<\/div>\n\t\t\t\t<\/div>\n\t\t<div class=\"elementor-element elementor-element-2e213a54 e-flex e-con-boxed e-con e-parent\" data-id=\"2e213a54\" data-element_type=\"container\">\n\t\t\t\t\t<div class=\"e-con-inner\">\n\t\t\t\t<div class=\"elementor-element elementor-element-71240439 elementor-widget elementor-widget-video\" data-id=\"71240439\" data-element_type=\"widget\" data-settings=\"{&quot;youtube_url&quot;:&quot;https:\\\/\\\/www.youtube.com\\\/embed\\\/LSAKnSYJIDw&quot;,&quot;video_type&quot;:&quot;youtube&quot;,&quot;controls&quot;:&quot;yes&quot;}\" data-widget_type=\"video.default\">\n\t\t\t\t\t\t\t<div class=\"elementor-wrapper elementor-open-inline\">\n\t\t\t<div class=\"elementor-video\"><\/div>\t\t<\/div>\n\t\t\t\t\t\t<\/div>\n\t\t\t\t\t<\/div>\n\t\t\t\t<\/div>\n\t\t<div class=\"elementor-element elementor-element-4dbede09 e-flex e-con-boxed e-con e-parent\" data-id=\"4dbede09\" data-element_type=\"container\">\n\t\t\t\t\t<div class=\"e-con-inner\">\n\t\t<div class=\"elementor-element elementor-element-7f8d10f5 e-con-full e-flex e-con e-child\" data-id=\"7f8d10f5\" data-element_type=\"container\">\n\t\t\t\t<div class=\"elementor-element elementor-element-2ce250b elementor-widget elementor-widget-heading\" data-id=\"2ce250b\" data-element_type=\"widget\" data-widget_type=\"heading.default\">\n\t\t\t\t\t<h3 class=\"elementor-heading-title elementor-size-default\">Objetivo y meta de la Gesti\u00f3n de la Calidad<\/h3>\t\t\t\t<\/div>\n\t\t\t\t<\/div>\n\t\t<div class=\"elementor-element elementor-element-239730f4 e-con-full e-flex e-con e-child\" data-id=\"239730f4\" data-element_type=\"container\">\n\t\t\t\t<div class=\"elementor-element elementor-element-6a723562 elementor-widget elementor-widget-text-editor\" data-id=\"6a723562\" data-element_type=\"widget\" data-widget_type=\"text-editor.default\">\n\t\t\t\t\t\t\t\t\t<p style=\"font-weight: 400;\">Cumplimiento del contrato 100%<\/p><p style=\"font-weight: 400;\">Satisfacci\u00f3n del cliente superior al 98%<\/p><p style=\"font-weight: 400;\">100% garant\u00eda de calidad de los productos suministrados<\/p>\t\t\t\t\t\t\t\t<\/div>\n\t\t\t\t<\/div>\n\t\t\t\t\t<\/div>\n\t\t\t\t<\/div>\n\t\t<div class=\"elementor-element elementor-element-1aae9e1c e-flex e-con-boxed e-con e-parent\" data-id=\"1aae9e1c\" data-element_type=\"container\">\n\t\t\t\t\t<div class=\"e-con-inner\">\n\t\t<div class=\"elementor-element elementor-element-3f8030b7 e-con-full e-flex e-con e-child\" data-id=\"3f8030b7\" data-element_type=\"container\">\n\t\t\t\t<div class=\"elementor-element elementor-element-76280c46 elementor-widget elementor-widget-heading\" data-id=\"76280c46\" data-element_type=\"widget\" data-widget_type=\"heading.default\">\n\t\t\t\t\t<h3 class=\"elementor-heading-title elementor-size-default\">Visi\u00f3n de la empresa<\/h3>\t\t\t\t<\/div>\n\t\t\t\t<\/div>\n\t\t<div class=\"elementor-element elementor-element-505d4697 e-con-full e-flex e-con e-child\" data-id=\"505d4697\" data-element_type=\"container\">\n\t\t\t\t<div class=\"elementor-element elementor-element-629279c4 elementor-widget elementor-widget-text-editor\" data-id=\"629279c4\" data-element_type=\"widget\" data-widget_type=\"text-editor.default\">\n\t\t\t\t\t\t\t\t\t<p>Proveedor de servicios excepcional<\/p>\t\t\t\t\t\t\t\t<\/div>\n\t\t\t\t<\/div>\n\t\t\t\t\t<\/div>\n\t\t\t\t<\/div>\n\t\t<div class=\"elementor-element elementor-element-18af7b88 e-flex e-con-boxed e-con e-parent\" data-id=\"18af7b88\" data-element_type=\"container\">\n\t\t\t\t\t<div class=\"e-con-inner\">\n\t\t<div class=\"elementor-element elementor-element-d462eb6 e-con-full e-flex e-con e-child\" data-id=\"d462eb6\" data-element_type=\"container\">\n\t\t\t\t<div class=\"elementor-element elementor-element-360bfc1b elementor-widget elementor-widget-heading\" data-id=\"360bfc1b\" data-element_type=\"widget\" data-widget_type=\"heading.default\">\n\t\t\t\t\t<h3 class=\"elementor-heading-title elementor-size-default\">Misi\u00f3n corporativa<\/h3>\t\t\t\t<\/div>\n\t\t\t\t<\/div>\n\t\t<div class=\"elementor-element elementor-element-61b6bdef e-con-full e-flex e-con e-child\" data-id=\"61b6bdef\" data-element_type=\"container\">\n\t\t\t\t<div class=\"elementor-element elementor-element-40c9822e elementor-widget elementor-widget-text-editor\" data-id=\"40c9822e\" data-element_type=\"widget\" data-widget_type=\"text-editor.default\">\n\t\t\t\t\t\t\t\t\t<p>Desarrollo armonioso con la Innovaci\u00f3n<\/p>\t\t\t\t\t\t\t\t<\/div>\n\t\t\t\t<\/div>\n\t\t\t\t\t<\/div>\n\t\t\t\t<\/div>\n\t\t<div class=\"elementor-element elementor-element-51abde6e e-flex e-con-boxed e-con e-parent\" data-id=\"51abde6e\" data-element_type=\"container\">\n\t\t\t\t\t<div class=\"e-con-inner\">\n\t\t<div class=\"elementor-element elementor-element-c18ffa1 e-con-full e-flex e-con e-child\" data-id=\"c18ffa1\" data-element_type=\"container\">\n\t\t\t\t<div class=\"elementor-element elementor-element-29403140 elementor-widget elementor-widget-heading\" data-id=\"29403140\" data-element_type=\"widget\" data-widget_type=\"heading.default\">\n\t\t\t\t\t<h3 class=\"elementor-heading-title elementor-size-default\">Cultura<\/h3>\t\t\t\t<\/div>\n\t\t\t\t<\/div>\n\t\t<div class=\"elementor-element elementor-element-70441a64 e-con-full e-flex e-con e-child\" data-id=\"70441a64\" data-element_type=\"container\">\n\t\t\t\t<div class=\"elementor-element elementor-element-655e008f elementor-widget elementor-widget-text-editor\" data-id=\"655e008f\" data-element_type=\"widget\" data-widget_type=\"text-editor.default\">\n\t\t\t\t\t\t\t\t\t<p style=\"font-weight: 400;\">Preciso y pragm\u00e1tico<\/p><p style=\"font-weight: 400;\">Dedicado trabajador<\/p><p style=\"font-weight: 400;\">Aprendizaje innovador<\/p><p style=\"font-weight: 400;\">Cooperaci\u00f3n m\u00faltiple y beneficios para todos<\/p>\t\t\t\t\t\t\t\t<\/div>\n\t\t\t\t<\/div>\n\t\t\t\t\t<\/div>\n\t\t\t\t<\/div>\n\t\t\t\t<\/div>","protected":false},"excerpt":{"rendered":"<p>Home SINOMACH GROUP (the biggest machinery group in China), is the limited state-owned Corp. with registered capital of 30 million RMB, located in Wuxi city, Jiangsu Province, which is one of the best rolling elements industry area in China.Our office area is around 3000 square meters and our workshops area is around 50,000 square meters. [&hellip;]<\/p>","protected":false},"author":1,"featured_media":0,"parent":0,"menu_order":0,"comment_status":"closed","ping_status":"closed","template":"","meta":{"site-sidebar-layout":"no-sidebar","site-content-layout":"page-builder","ast-site-content-layout":"full-width-container","site-content-style":"default","site-sidebar-style":"default","ast-global-header-display":"","ast-banner-title-visibility":"","ast-main-header-display":"","ast-hfb-above-header-display":"","ast-hfb-below-header-display":"","ast-hfb-mobile-header-display":"","site-post-title":"","ast-breadcrumbs-content":"","ast-featured-img":"disabled","footer-sml-layout":"","theme-transparent-header-meta":"","adv-header-id-meta":"","stick-header-meta":"","header-above-stick-meta":"","header-main-stick-meta":"","header-below-stick-meta":"","astra-migrate-meta-layouts":"set","ast-page-background-enabled":"default","ast-page-background-meta":{"desktop":{"background-color":"var(--ast-global-color-4)","background-image":"","background-repeat":"repeat","background-position":"center center","background-size":"auto","background-attachment":"scroll","background-type":"","background-media":"","overlay-type":"","overlay-color":"","overlay-opacity":"","overlay-gradient":""},"tablet":{"background-color":"","background-image":"","background-repeat":"repeat","background-position":"center center","background-size":"auto","background-attachment":"scroll","background-type":"","background-media":"","overlay-type":"","overlay-color":"","overlay-opacity":"","overlay-gradient":""},"mobile":{"background-color":"","background-image":"","background-repeat":"repeat","background-position":"center center","background-size":"auto","background-attachment":"scroll","background-type":"","background-media":"","overlay-type":"","overlay-color":"","overlay-opacity":"","overlay-gradient":""}},"ast-content-background-meta":{"desktop":{"background-color":"var(--ast-global-color-5)","background-image":"","background-repeat":"repeat","background-position":"center center","background-size":"auto","background-attachment":"scroll","background-type":"","background-media":"","overlay-type":"","overlay-color":"","overlay-opacity":"","overlay-gradient":""},"tablet":{"background-color":"var(--ast-global-color-5)","background-image":"","background-repeat":"repeat","background-position":"center center","background-size":"auto","background-attachment":"scroll","background-type":"","background-media":"","overlay-type":"","overlay-color":"","overlay-opacity":"","overlay-gradient":""},"mobile":{"background-color":"var(--ast-global-color-5)","background-image":"","background-repeat":"repeat","background-position":"center center","background-size":"auto","background-attachment":"scroll","background-type":"","background-media":"","overlay-type":"","overlay-color":"","overlay-opacity":"","overlay-gradient":""}},"footnotes":""},"class_list":["post-3251","page","type-page","status-publish","hentry"],"yoast_head":"<!-- This site is optimized with the Yoast SEO Premium plugin v22.5 (Yoast SEO v25.9) - https:\/\/yoast.com\/wordpress\/plugins\/seo\/ -->\r\n<title>About us - JIANGSU WALLONG-HSIN Rollingelements<\/title>\r\n<meta name=\"description\" content=\"Founded in 1992, we own abundant manufacture and export experience, build up well business reputation and keep a long and steady trade partnership with hundreds of customers from different countries and regions.\" \/>\r\n<meta name=\"robots\" content=\"index, follow, max-snippet:-1, max-image-preview:large, max-video-preview:-1\" \/>\r\n<link rel=\"canonical\" href=\"http:\/\/www.camcjsw-rollingelements.com\/es\/about-us\/\" \/>\r\n<meta property=\"og:locale\" content=\"es_ES\" \/>\r\n<meta property=\"og:type\" content=\"article\" \/>\r\n<meta property=\"og:title\" content=\"About us\" \/>\r\n<meta property=\"og:description\" content=\"Founded in 1992, we own abundant manufacture and export experience, build up well business reputation and keep a long and steady trade partnership with hundreds of customers from different countries and regions.\" \/>\r\n<meta property=\"og:url\" content=\"http:\/\/www.camcjsw-rollingelements.com\/es\/about-us\/\" \/>\r\n<meta property=\"og:site_name\" content=\"JIANGSU WALLONG-HSIN Rollingelements\" \/>\r\n<meta property=\"article:publisher\" content=\"https:\/\/www.facebook.com\/profile.php?id=100079096777836\" \/>\r\n<meta property=\"article:modified_time\" content=\"2025-09-29T02:24:30+00:00\" \/>\r\n<meta name=\"twitter:card\" content=\"summary_large_image\" \/>\r\n<meta name=\"twitter:site\" content=\"@SissiXu11\" \/>\r\n<meta name=\"twitter:label1\" content=\"Tiempo de lectura\" \/>\n\t<meta name=\"twitter:data1\" content=\"2 minutos\" \/>\r\n<script type=\"application\/ld+json\" class=\"yoast-schema-graph\">{\"@context\":\"https:\/\/schema.org\",\"@graph\":[{\"@type\":\"WebPage\",\"@id\":\"http:\/\/www.camcjsw-rollingelements.com\/about-us\",\"url\":\"http:\/\/www.camcjsw-rollingelements.com\/about-us\",\"name\":\"About us - JIANGSU WALLONG-HSIN Rollingelements\",\"isPartOf\":{\"@id\":\"http:\/\/www.camcjsw-rollingelements.com\/#website\"},\"datePublished\":\"2025-09-25T06:13:29+00:00\",\"dateModified\":\"2025-09-29T02:24:30+00:00\",\"description\":\"Founded in 1992, we own abundant manufacture and export experience, build up well business reputation and keep a long and steady trade partnership with hundreds of customers from different countries and regions.\",\"breadcrumb\":{\"@id\":\"http:\/\/www.camcjsw-rollingelements.com\/about-us#breadcrumb\"},\"inLanguage\":\"es\",\"potentialAction\":[{\"@type\":\"ReadAction\",\"target\":[\"http:\/\/www.camcjsw-rollingelements.com\/about-us\"]}]},{\"@type\":\"BreadcrumbList\",\"@id\":\"http:\/\/www.camcjsw-rollingelements.com\/about-us#breadcrumb\",\"itemListElement\":[{\"@type\":\"ListItem\",\"position\":1,\"name\":\"Home\",\"item\":\"http:\/\/www.camcjsw-rollingelements.com\/\"},{\"@type\":\"ListItem\",\"position\":2,\"name\":\"About us\"}]},{\"@type\":\"WebSite\",\"@id\":\"http:\/\/www.camcjsw-rollingelements.com\/#website\",\"url\":\"http:\/\/www.camcjsw-rollingelements.com\/\",\"name\":\"JIANGSU WALLONG-HSIN Rollingelements\",\"description\":\"\",\"publisher\":{\"@id\":\"http:\/\/www.camcjsw-rollingelements.com\/#organization\"},\"potentialAction\":[{\"@type\":\"SearchAction\",\"target\":{\"@type\":\"EntryPoint\",\"urlTemplate\":\"http:\/\/www.camcjsw-rollingelements.com\/?s={search_term_string}\"},\"query-input\":{\"@type\":\"PropertyValueSpecification\",\"valueRequired\":true,\"valueName\":\"search_term_string\"}}],\"inLanguage\":\"es\"},{\"@type\":\"Organization\",\"@id\":\"http:\/\/www.camcjsw-rollingelements.com\/#organization\",\"name\":\"JIANGSU WALLONG-HSIN MACHINERY ENGINEERING CORPORATION LTD.\",\"url\":\"http:\/\/www.camcjsw-rollingelements.com\/\",\"logo\":{\"@type\":\"ImageObject\",\"inLanguage\":\"es\",\"@id\":\"http:\/\/www.camcjsw-rollingelements.com\/#\/schema\/logo\/image\/\",\"url\":\"http:\/\/www.camcjsw-rollingelements.com\/wp-content\/uploads\/2025\/09\/logo\u526f\u672c.png\",\"contentUrl\":\"http:\/\/www.camcjsw-rollingelements.com\/wp-content\/uploads\/2025\/09\/logo\u526f\u672c.png\",\"width\":555,\"height\":55,\"caption\":\"JIANGSU WALLONG-HSIN MACHINERY ENGINEERING CORPORATION LTD.\"},\"image\":{\"@id\":\"http:\/\/www.camcjsw-rollingelements.com\/#\/schema\/logo\/image\/\"},\"sameAs\":[\"https:\/\/www.facebook.com\/profile.php?id=100079096777836\",\"https:\/\/x.com\/SissiXu11\"]}]}<\/script>\r\n<!-- \/ Yoast SEO Premium plugin. -->","yoast_head_json":{"title":"About us - JIANGSU WALLONG-HSIN Rollingelements","description":"Fundada en 1992, poseemos abundante experiencia en fabricaci\u00f3n y exportaci\u00f3n, construimos una buena reputaci\u00f3n comercial y mantenemos una asociaci\u00f3n comercial larga y estable con cientos de clientes de diferentes pa\u00edses y regiones.","robots":{"index":"index","follow":"follow","max-snippet":"max-snippet:-1","max-image-preview":"max-image-preview:large","max-video-preview":"max-video-preview:-1"},"canonical":"http:\/\/www.camcjsw-rollingelements.com\/es\/about-us\/","og_locale":"es_ES","og_type":"article","og_title":"About us","og_description":"Founded in 1992, we own abundant manufacture and export experience, build up well business reputation and keep a long and steady trade partnership with hundreds of customers from different countries and regions.","og_url":"http:\/\/www.camcjsw-rollingelements.com\/es\/about-us\/","og_site_name":"JIANGSU WALLONG-HSIN Rollingelements","article_publisher":"https:\/\/www.facebook.com\/profile.php?id=100079096777836","article_modified_time":"2025-09-29T02:24:30+00:00","twitter_card":"summary_large_image","twitter_site":"@SissiXu11","twitter_misc":{"Tiempo de lectura":"2 minutos"},"schema":{"@context":"https:\/\/schema.org","@graph":[{"@type":"WebPage","@id":"http:\/\/www.camcjsw-rollingelements.com\/about-us","url":"http:\/\/www.camcjsw-rollingelements.com\/about-us","name":"About us - JIANGSU WALLONG-HSIN Rollingelements","isPartOf":{"@id":"http:\/\/www.camcjsw-rollingelements.com\/#website"},"datePublished":"2025-09-25T06:13:29+00:00","dateModified":"2025-09-29T02:24:30+00:00","description":"Fundada en 1992, poseemos abundante experiencia en fabricaci\u00f3n y exportaci\u00f3n, construimos una buena reputaci\u00f3n comercial y mantenemos una asociaci\u00f3n comercial larga y estable con cientos de clientes de diferentes pa\u00edses y regiones.","breadcrumb":{"@id":"http:\/\/www.camcjsw-rollingelements.com\/about-us#breadcrumb"},"inLanguage":"es","potentialAction":[{"@type":"ReadAction","target":["http:\/\/www.camcjsw-rollingelements.com\/about-us"]}]},{"@type":"BreadcrumbList","@id":"http:\/\/www.camcjsw-rollingelements.com\/about-us#breadcrumb","itemListElement":[{"@type":"ListItem","position":1,"name":"Home","item":"http:\/\/www.camcjsw-rollingelements.com\/"},{"@type":"ListItem","position":2,"name":"About us"}]},{"@type":"WebSite","@id":"http:\/\/www.camcjsw-rollingelements.com\/#website","url":"http:\/\/www.camcjsw-rollingelements.com\/","name":"JIANGSU WALLONG-HSIN Rollingelements","description":"","publisher":{"@id":"http:\/\/www.camcjsw-rollingelements.com\/#organization"},"potentialAction":[{"@type":"SearchAction","target":{"@type":"EntryPoint","urlTemplate":"http:\/\/www.camcjsw-rollingelements.com\/?s={search_term_string}"},"query-input":{"@type":"PropertyValueSpecification","valueRequired":true,"valueName":"search_term_string"}}],"inLanguage":"es"},{"@type":"Organization","@id":"http:\/\/www.camcjsw-rollingelements.com\/#organization","name":"JIANGSU WALLONG-HSIN MACHINERY ENGINEERING CORPORATION LTD.","url":"http:\/\/www.camcjsw-rollingelements.com\/","logo":{"@type":"ImageObject","inLanguage":"es","@id":"http:\/\/www.camcjsw-rollingelements.com\/#\/schema\/logo\/image\/","url":"http:\/\/www.camcjsw-rollingelements.com\/wp-content\/uploads\/2025\/09\/logo\u526f\u672c.png","contentUrl":"http:\/\/www.camcjsw-rollingelements.com\/wp-content\/uploads\/2025\/09\/logo\u526f\u672c.png","width":555,"height":55,"caption":"JIANGSU WALLONG-HSIN MACHINERY ENGINEERING CORPORATION LTD."},"image":{"@id":"http:\/\/www.camcjsw-rollingelements.com\/#\/schema\/logo\/image\/"},"sameAs":["https:\/\/www.facebook.com\/profile.php?id=100079096777836","https:\/\/x.com\/SissiXu11"]}]}},"_links":{"self":[{"href":"http:\/\/www.camcjsw-rollingelements.com\/es\/wp-json\/wp\/v2\/pages\/3251","targetHints":{"allow":["GET"]}}],"collection":[{"href":"http:\/\/www.camcjsw-rollingelements.com\/es\/wp-json\/wp\/v2\/pages"}],"about":[{"href":"http:\/\/www.camcjsw-rollingelements.com\/es\/wp-json\/wp\/v2\/types\/page"}],"author":[{"embeddable":true,"href":"http:\/\/www.camcjsw-rollingelements.com\/es\/wp-json\/wp\/v2\/users\/1"}],"replies":[{"embeddable":true,"href":"http:\/\/www.camcjsw-rollingelements.com\/es\/wp-json\/wp\/v2\/comments?post=3251"}],"version-history":[{"count":8,"href":"http:\/\/www.camcjsw-rollingelements.com\/es\/wp-json\/wp\/v2\/pages\/3251\/revisions"}],"predecessor-version":[{"id":3415,"href":"http:\/\/www.camcjsw-rollingelements.com\/es\/wp-json\/wp\/v2\/pages\/3251\/revisions\/3415"}],"wp:attachment":[{"href":"http:\/\/www.camcjsw-rollingelements.com\/es\/wp-json\/wp\/v2\/media?parent=3251"}],"curies":[{"name":"wp","href":"https:\/\/api.w.org\/{rel}","templated":true}]}}