{"id":1654,"date":"2024-04-24T09:06:16","date_gmt":"2024-04-24T01:06:16","guid":{"rendered":"http:\/\/www.camcjsw-rollingelements.com\/product\/s-2-tool-steel-balls-rockbit\/"},"modified":"2025-09-26T10:55:07","modified_gmt":"2025-09-26T02:55:07","slug":"s-2-tool-steel-balls-rockbit","status":"publish","type":"product","link":"http:\/\/www.camcjsw-rollingelements.com\/es\/producto\/s-2-tool-steel-balls-rockbit","title":{"rendered":"Bolas de acero para herramientas S-2 (ROCKBIT)"},"content":{"rendered":"<p>Las bolas de acero para herramientas S-2 est\u00e1n fabricadas con acero para herramientas S-2 y reciben un tratamiento t\u00e9rmico especial para ofrecer una excelente dureza y resistencia al desgaste, adem\u00e1s de tenacidad y resistencia al impacto, lo que les permite soportar las cargas de impacto extremas propias de la industria de la perforaci\u00f3n. Estas bolas proporcionan la resistencia y tenacidad necesarias para soportar fuerzas elevadas y la abrasi\u00f3n de la roca pulverizada. Adem\u00e1s, poseen caracter\u00edsticas de desgaste excepcionalmente buenas gracias a la capacidad de endurecimiento de los materiales.<\/p>\n<p><img fetchpriority=\"high\" decoding=\"async\" class=\"alignnone\" src=\"http:\/\/www.camcjsw-rollingelements.com\/wp-content\/uploads\/2024\/04\/6380110394214602376284153-300x226.png\" alt=\"\" width=\"300\" height=\"226\" \/> <img decoding=\"async\" class=\"alignnone\" src=\"http:\/\/www.camcjsw-rollingelements.com\/wp-content\/uploads\/2024\/04\/6380110395044102372753296-300x201.png\" alt=\"\" width=\"300\" height=\"201\" \/><\/p>\n<table border=\"1px;solid;black;\" width=\"100%\">\n<tbody>\n<tr class=\"firstRow\">\n<td><strong>Material<\/strong><\/td>\n<td><strong>AISI<\/strong><\/td>\n<td><strong>Federal<\/strong><\/td>\n<td><strong>Militar<\/strong><\/td>\n<td><strong>ASTM<\/strong><\/td>\n<td><strong>UNS<\/strong><\/td>\n<td><strong>AMS<\/strong><\/td>\n<td><strong>Normas militares y gubernamentales.<\/strong><\/td>\n<\/tr>\n<tr>\n<td colspan=\"8\"><strong>S-2 \u00a0 Tool<\/strong><\/td>\n<\/tr>\n<tr>\n<td><strong>Acero<\/strong><\/td>\n<td><strong>S-2<\/strong><\/td>\n<td><strong>QQ-T-570<\/strong><\/td>\n<td><strong>\u2014<\/strong><\/td>\n<td><strong>ASTM-A681<\/strong><\/td>\n<td><strong>T-41902<\/strong><\/td>\n<td><strong>\u2014<\/strong><\/td>\n<td><strong>\u2014<\/strong><\/td>\n<\/tr>\n<\/tbody>\n<\/table>\n<table border=\"1px;solid;black;\" width=\"100%\">\n<tbody>\n<tr class=\"firstRow\">\n<td colspan=\"3\" width=\"100\"><strong>Bolas de acero para herramientas AISI tipo S-2<\/strong><\/td>\n<\/tr>\n<tr>\n<td width=\"27\"><strong>RANGO DE TALLAS<\/strong><\/td>\n<td width=\"11\"><\/td>\n<td width=\"61\"><strong>\u00bc\u201d (6.35mm) to \u00a01 \u00a0 \u00bd \u201c (38.1mm)<\/strong><\/td>\n<\/tr>\n<tr>\n<td width=\"27\"><strong>GRADOS:<\/strong><\/td>\n<td width=\"11\"><\/td>\n<td width=\"61\"><strong>G100-G 200<\/strong><\/td>\n<\/tr>\n<tr>\n<td width=\"27\"><\/td>\n<td width=\"11\"><\/td>\n<td width=\"61\"><\/td>\n<\/tr>\n<tr>\n<td colspan=\"3\" width=\"100\"><strong>COMPOSICI\u00d3N QU\u00cdMICA<\/strong><\/td>\n<\/tr>\n<tr>\n<td width=\"27\"><strong>CARB\u00d3N<\/strong><\/td>\n<td width=\"11\"><\/td>\n<td width=\"61\"><strong>0.45% to 0.55%<\/strong><\/td>\n<\/tr>\n<tr>\n<td width=\"27\"><strong>MANGANESO<\/strong><\/td>\n<td width=\"11\"><\/td>\n<td width=\"61\"><strong>0.30% to 0.50%<\/strong><\/td>\n<\/tr>\n<tr>\n<td width=\"27\"><strong>MOLIBDENO<\/strong><\/td>\n<td width=\"11\"><\/td>\n<td width=\"61\"><strong>0.30% to 0.60%<\/strong><\/td>\n<\/tr>\n<tr>\n<td width=\"27\"><strong>SILICIO<\/strong><\/td>\n<td width=\"11\"><\/td>\n<td width=\"61\"><strong>0.90% to 1.10%<\/strong><\/td>\n<\/tr>\n<tr>\n<td width=\"27\"><strong>FOSFOROSO<\/strong><\/td>\n<td width=\"11\"><\/td>\n<td width=\"61\"><strong>0.030% MAX.<\/strong><\/td>\n<\/tr>\n<tr>\n<td width=\"27\"><strong>AZUFRE<\/strong><\/td>\n<td width=\"11\"><\/td>\n<td width=\"61\"><strong>0.030% MAX.<\/strong><\/td>\n<\/tr>\n<tr>\n<td width=\"27\"><strong>VANADIO<\/strong><\/td>\n<td width=\"11\"><\/td>\n<td width=\"61\"><strong>0.050% MAX.<\/strong><\/td>\n<\/tr>\n<tr>\n<td width=\"27\"><\/td>\n<td width=\"11\"><\/td>\n<td width=\"61\"><\/td>\n<\/tr>\n<tr>\n<td colspan=\"3\" width=\"100\"><strong>PROPIEDADES MEC\u00c1NICAS<\/strong><\/td>\n<\/tr>\n<tr>\n<td width=\"27\"><strong>RESISTENCIA A LA TRACCI\u00d3N<\/strong><\/td>\n<td width=\"11\"><\/td>\n<td width=\"61\"><strong>310,000 psi<\/strong><\/td>\n<\/tr>\n<tr>\n<td width=\"27\"><strong>L\u00cdMITE DE CURVACI\u00d3N<\/strong><\/td>\n<td width=\"11\"><\/td>\n<td width=\"61\"><strong>290,000 psi<\/strong><\/td>\n<\/tr>\n<tr>\n<td width=\"27\"><strong>ALARGAMIENTO EN 2 PULGADAS<\/strong><\/td>\n<td width=\"11\"><\/td>\n<td width=\"61\"><strong>7%<\/strong><\/td>\n<\/tr>\n<tr>\n<td width=\"27\"><strong>REDUCCI\u00d3N DE \u00c1REA<\/strong><\/td>\n<td width=\"11\"><\/td>\n<td width=\"61\"><strong>25%<\/strong><\/td>\n<\/tr>\n<tr>\n<td width=\"27\"><strong>M\u00d3DULO DE ELASTICIDAD<\/strong><\/td>\n<td width=\"11\"><\/td>\n<td width=\"61\"><strong>30,000,000 psi<\/strong><\/td>\n<\/tr>\n<tr>\n<td width=\"27\"><strong>DENSIDAD<\/strong><\/td>\n<td width=\"11\"><\/td>\n<td width=\"61\"><strong>0.283 lbs\/ cubic inch<\/strong><\/td>\n<\/tr>\n<\/tbody>\n<\/table>","protected":false},"excerpt":{"rendered":"<p>S-2 Tool Steel Balls are made from S-2 tool steel and specially heat treated to provide excellent hardness and wear resistance combined with toughness and impact resistance to survive extreme shock loads found in the drilling industry.The balls provide the strength and toughness that is required to withstand heavy force and the abrasion of pulverized [&hellip;]<\/p>","protected":false},"featured_media":3105,"template":"","meta":{"site-sidebar-layout":"default","site-content-layout":"","ast-site-content-layout":"default","site-content-style":"default","site-sidebar-style":"default","ast-global-header-display":"","ast-banner-title-visibility":"","ast-main-header-display":"","ast-hfb-above-header-display":"","ast-hfb-below-header-display":"","ast-hfb-mobile-header-display":"","site-post-title":"","ast-breadcrumbs-content":"","ast-featured-img":"","footer-sml-layout":"","theme-transparent-header-meta":"default","adv-header-id-meta":"","stick-header-meta":"","header-above-stick-meta":"","header-main-stick-meta":"","header-below-stick-meta":"","astra-migrate-meta-layouts":"set","ast-page-background-enabled":"default","ast-page-background-meta":{"desktop":{"background-color":"var(--ast-global-color-4)","background-image":"","background-repeat":"repeat","background-position":"center center","background-size":"auto","background-attachment":"scroll","background-type":"","background-media":"","overlay-type":"","overlay-color":"","overlay-opacity":"","overlay-gradient":""},"tablet":{"background-color":"","background-image":"","background-repeat":"repeat","background-position":"center center","background-size":"auto","background-attachment":"scroll","background-type":"","background-media":"","overlay-type":"","overlay-color":"","overlay-opacity":"","overlay-gradient":""},"mobile":{"background-color":"","background-image":"","background-repeat":"repeat","background-position":"center center","background-size":"auto","background-attachment":"scroll","background-type":"","background-media":"","overlay-type":"","overlay-color":"","overlay-opacity":"","overlay-gradient":""}},"ast-content-background-meta":{"desktop":{"background-color":"var(--ast-global-color-5)","background-image":"","background-repeat":"repeat","background-position":"center center","background-size":"auto","background-attachment":"scroll","background-type":"","background-media":"","overlay-type":"","overlay-color":"","overlay-opacity":"","overlay-gradient":""},"tablet":{"background-color":"var(--ast-global-color-5)","background-image":"","background-repeat":"repeat","background-position":"center center","background-size":"auto","background-attachment":"scroll","background-type":"","background-media":"","overlay-type":"","overlay-color":"","overlay-opacity":"","overlay-gradient":""},"mobile":{"background-color":"var(--ast-global-color-5)","background-image":"","background-repeat":"repeat","background-position":"center center","background-size":"auto","background-attachment":"scroll","background-type":"","background-media":"","overlay-type":"","overlay-color":"","overlay-opacity":"","overlay-gradient":""}}},"product_brand":[],"product_cat":[47],"product_tag":[],"class_list":{"0":"post-1654","1":"product","2":"type-product","3":"status-publish","4":"has-post-thumbnail","6":"product_cat-steel-ball","7":"desktop-align-left","8":"tablet-align-left","9":"mobile-align-left","11":"first","12":"instock","13":"shipping-taxable","14":"product-type-simple"},"yoast_head":"<!-- This site is optimized with the Yoast SEO Premium plugin v22.5 (Yoast SEO v25.9) - https:\/\/yoast.com\/wordpress\/plugins\/seo\/ -->\r\n<title>S-2 Tool Steel Balls (ROCKBIT) - JIANGSU WALLONG-HSIN Rollingelements<\/title>\r\n<meta name=\"description\" content=\"S-2 Tool Steel Balls (ROCKBIT) - S-2 Tool Steel Balls are made from S-2 tool steel and specially heat treated to provide excellent hardness and wear resistance combined with toughness and impact resistance to survive extreme shock loads found in the drilling industry.\" \/>\r\n<meta name=\"robots\" content=\"index, follow, max-snippet:-1, max-image-preview:large, max-video-preview:-1\" \/>\r\n<link rel=\"canonical\" href=\"http:\/\/www.camcjsw-rollingelements.com\/es\/producto\/s-2-tool-steel-balls-rockbit\/\" \/>\r\n<meta property=\"og:locale\" content=\"es_ES\" \/>\r\n<meta property=\"og:type\" content=\"article\" \/>\r\n<meta property=\"og:title\" content=\"S-2 Tool Steel Balls (ROCKBIT)\" \/>\r\n<meta property=\"og:description\" content=\"S-2 Tool Steel Balls (ROCKBIT) - S-2 Tool Steel Balls are made from S-2 tool steel and specially heat treated to provide excellent hardness and wear resistance combined with toughness and impact resistance to survive extreme shock loads found in the drilling industry.\" \/>\r\n<meta property=\"og:url\" content=\"http:\/\/www.camcjsw-rollingelements.com\/es\/producto\/s-2-tool-steel-balls-rockbit\/\" \/>\r\n<meta property=\"og:site_name\" content=\"JIANGSU WALLONG-HSIN Rollingelements\" \/>\r\n<meta property=\"article:publisher\" content=\"https:\/\/www.facebook.com\/profile.php?id=100079096777836\" \/>\r\n<meta property=\"article:modified_time\" content=\"2025-09-26T02:55:07+00:00\" \/>\r\n<meta property=\"og:image\" content=\"http:\/\/www.camcjsw-rollingelements.com\/wp-content\/uploads\/2025\/09\/20150403115403784.webp\" \/>\r\n\t<meta property=\"og:image:width\" content=\"257\" \/>\r\n\t<meta property=\"og:image:height\" content=\"190\" \/>\r\n\t<meta property=\"og:image:type\" content=\"image\/webp\" \/>\r\n<meta name=\"twitter:card\" content=\"summary_large_image\" \/>\r\n<meta name=\"twitter:site\" content=\"@SissiXu11\" \/>\r\n<meta name=\"twitter:label1\" content=\"Tiempo de lectura\" \/>\n\t<meta name=\"twitter:data1\" content=\"2 minutos\" \/>\r\n<script type=\"application\/ld+json\" class=\"yoast-schema-graph\">{\"@context\":\"https:\/\/schema.org\",\"@graph\":[{\"@type\":\"WebPage\",\"@id\":\"http:\/\/www.camcjsw-rollingelements.com\/product\/s-2-tool-steel-balls-rockbit\",\"url\":\"http:\/\/www.camcjsw-rollingelements.com\/product\/s-2-tool-steel-balls-rockbit\",\"name\":\"S-2 Tool Steel Balls (ROCKBIT) - JIANGSU WALLONG-HSIN Rollingelements\",\"isPartOf\":{\"@id\":\"http:\/\/www.camcjsw-rollingelements.com\/#website\"},\"primaryImageOfPage\":{\"@id\":\"http:\/\/www.camcjsw-rollingelements.com\/product\/s-2-tool-steel-balls-rockbit#primaryimage\"},\"image\":{\"@id\":\"http:\/\/www.camcjsw-rollingelements.com\/product\/s-2-tool-steel-balls-rockbit#primaryimage\"},\"thumbnailUrl\":\"http:\/\/www.camcjsw-rollingelements.com\/wp-content\/uploads\/2025\/09\/20150403115403784.webp\",\"datePublished\":\"2024-04-24T01:06:16+00:00\",\"dateModified\":\"2025-09-26T02:55:07+00:00\",\"description\":\"S-2 Tool Steel Balls (ROCKBIT) - S-2 Tool Steel Balls are made from S-2 tool steel and specially heat treated to provide excellent hardness and wear resistance combined with toughness and impact resistance to survive extreme shock loads found in the drilling industry.\",\"breadcrumb\":{\"@id\":\"http:\/\/www.camcjsw-rollingelements.com\/product\/s-2-tool-steel-balls-rockbit#breadcrumb\"},\"inLanguage\":\"es\",\"potentialAction\":[{\"@type\":\"ReadAction\",\"target\":[\"http:\/\/www.camcjsw-rollingelements.com\/product\/s-2-tool-steel-balls-rockbit\"]}]},{\"@type\":\"ImageObject\",\"inLanguage\":\"es\",\"@id\":\"http:\/\/www.camcjsw-rollingelements.com\/product\/s-2-tool-steel-balls-rockbit#primaryimage\",\"url\":\"http:\/\/www.camcjsw-rollingelements.com\/wp-content\/uploads\/2025\/09\/20150403115403784.webp\",\"contentUrl\":\"http:\/\/www.camcjsw-rollingelements.com\/wp-content\/uploads\/2025\/09\/20150403115403784.webp\",\"width\":257,\"height\":190},{\"@type\":\"BreadcrumbList\",\"@id\":\"http:\/\/www.camcjsw-rollingelements.com\/product\/s-2-tool-steel-balls-rockbit#breadcrumb\",\"itemListElement\":[{\"@type\":\"ListItem\",\"position\":1,\"name\":\"Home\",\"item\":\"http:\/\/www.camcjsw-rollingelements.com\/\"},{\"@type\":\"ListItem\",\"position\":2,\"name\":\"Productos\",\"item\":\"http:\/\/www.camcjsw-rollingelements.com\/es\/shop\"},{\"@type\":\"ListItem\",\"position\":3,\"name\":\"S-2 Tool Steel Balls (ROCKBIT)\"}]},{\"@type\":\"WebSite\",\"@id\":\"http:\/\/www.camcjsw-rollingelements.com\/#website\",\"url\":\"http:\/\/www.camcjsw-rollingelements.com\/\",\"name\":\"JIANGSU WALLONG-HSIN Rollingelements\",\"description\":\"\",\"publisher\":{\"@id\":\"http:\/\/www.camcjsw-rollingelements.com\/#organization\"},\"potentialAction\":[{\"@type\":\"SearchAction\",\"target\":{\"@type\":\"EntryPoint\",\"urlTemplate\":\"http:\/\/www.camcjsw-rollingelements.com\/?s={search_term_string}\"},\"query-input\":{\"@type\":\"PropertyValueSpecification\",\"valueRequired\":true,\"valueName\":\"search_term_string\"}}],\"inLanguage\":\"es\"},{\"@type\":\"Organization\",\"@id\":\"http:\/\/www.camcjsw-rollingelements.com\/#organization\",\"name\":\"JIANGSU WALLONG-HSIN MACHINERY ENGINEERING CORPORATION LTD.\",\"url\":\"http:\/\/www.camcjsw-rollingelements.com\/\",\"logo\":{\"@type\":\"ImageObject\",\"inLanguage\":\"es\",\"@id\":\"http:\/\/www.camcjsw-rollingelements.com\/#\/schema\/logo\/image\/\",\"url\":\"http:\/\/www.camcjsw-rollingelements.com\/wp-content\/uploads\/2025\/09\/logo\u526f\u672c.png\",\"contentUrl\":\"http:\/\/www.camcjsw-rollingelements.com\/wp-content\/uploads\/2025\/09\/logo\u526f\u672c.png\",\"width\":555,\"height\":55,\"caption\":\"JIANGSU WALLONG-HSIN MACHINERY ENGINEERING CORPORATION LTD.\"},\"image\":{\"@id\":\"http:\/\/www.camcjsw-rollingelements.com\/#\/schema\/logo\/image\/\"},\"sameAs\":[\"https:\/\/www.facebook.com\/profile.php?id=100079096777836\",\"https:\/\/x.com\/SissiXu11\"]}]}<\/script>\r\n<!-- \/ Yoast SEO Premium plugin. -->","yoast_head_json":{"title":"S-2 Tool Steel Balls (ROCKBIT) - JIANGSU WALLONG-HSIN Rollingelements","description":"S-2 Tool Steel Balls (ROCKBIT) - S-2 Tool Steel Balls are made from S-2 tool steel and specially heat treated to provide excellent hardness and wear resistance combined with toughness and impact resistance to survive extreme shock loads found in the drilling industry.","robots":{"index":"index","follow":"follow","max-snippet":"max-snippet:-1","max-image-preview":"max-image-preview:large","max-video-preview":"max-video-preview:-1"},"canonical":"http:\/\/www.camcjsw-rollingelements.com\/es\/producto\/s-2-tool-steel-balls-rockbit\/","og_locale":"es_ES","og_type":"article","og_title":"S-2 Tool Steel Balls (ROCKBIT)","og_description":"S-2 Tool Steel Balls (ROCKBIT) - S-2 Tool Steel Balls are made from S-2 tool steel and specially heat treated to provide excellent hardness and wear resistance combined with toughness and impact resistance to survive extreme shock loads found in the drilling industry.","og_url":"http:\/\/www.camcjsw-rollingelements.com\/es\/producto\/s-2-tool-steel-balls-rockbit\/","og_site_name":"JIANGSU WALLONG-HSIN Rollingelements","article_publisher":"https:\/\/www.facebook.com\/profile.php?id=100079096777836","article_modified_time":"2025-09-26T02:55:07+00:00","og_image":[{"width":257,"height":190,"url":"http:\/\/www.camcjsw-rollingelements.com\/wp-content\/uploads\/2025\/09\/20150403115403784.webp","type":"image\/webp"}],"twitter_card":"summary_large_image","twitter_site":"@SissiXu11","twitter_misc":{"Tiempo de lectura":"2 minutos"},"schema":{"@context":"https:\/\/schema.org","@graph":[{"@type":"WebPage","@id":"http:\/\/www.camcjsw-rollingelements.com\/product\/s-2-tool-steel-balls-rockbit","url":"http:\/\/www.camcjsw-rollingelements.com\/product\/s-2-tool-steel-balls-rockbit","name":"S-2 Tool Steel Balls (ROCKBIT) - JIANGSU WALLONG-HSIN Rollingelements","isPartOf":{"@id":"http:\/\/www.camcjsw-rollingelements.com\/#website"},"primaryImageOfPage":{"@id":"http:\/\/www.camcjsw-rollingelements.com\/product\/s-2-tool-steel-balls-rockbit#primaryimage"},"image":{"@id":"http:\/\/www.camcjsw-rollingelements.com\/product\/s-2-tool-steel-balls-rockbit#primaryimage"},"thumbnailUrl":"http:\/\/www.camcjsw-rollingelements.com\/wp-content\/uploads\/2025\/09\/20150403115403784.webp","datePublished":"2024-04-24T01:06:16+00:00","dateModified":"2025-09-26T02:55:07+00:00","description":"S-2 Tool Steel Balls (ROCKBIT) - S-2 Tool Steel Balls are made from S-2 tool steel and specially heat treated to provide excellent hardness and wear resistance combined with toughness and impact resistance to survive extreme shock loads found in the drilling industry.","breadcrumb":{"@id":"http:\/\/www.camcjsw-rollingelements.com\/product\/s-2-tool-steel-balls-rockbit#breadcrumb"},"inLanguage":"es","potentialAction":[{"@type":"ReadAction","target":["http:\/\/www.camcjsw-rollingelements.com\/product\/s-2-tool-steel-balls-rockbit"]}]},{"@type":"ImageObject","inLanguage":"es","@id":"http:\/\/www.camcjsw-rollingelements.com\/product\/s-2-tool-steel-balls-rockbit#primaryimage","url":"http:\/\/www.camcjsw-rollingelements.com\/wp-content\/uploads\/2025\/09\/20150403115403784.webp","contentUrl":"http:\/\/www.camcjsw-rollingelements.com\/wp-content\/uploads\/2025\/09\/20150403115403784.webp","width":257,"height":190},{"@type":"BreadcrumbList","@id":"http:\/\/www.camcjsw-rollingelements.com\/product\/s-2-tool-steel-balls-rockbit#breadcrumb","itemListElement":[{"@type":"ListItem","position":1,"name":"Home","item":"http:\/\/www.camcjsw-rollingelements.com\/"},{"@type":"ListItem","position":2,"name":"Productos","item":"http:\/\/www.camcjsw-rollingelements.com\/es\/shop"},{"@type":"ListItem","position":3,"name":"S-2 Tool Steel Balls (ROCKBIT)"}]},{"@type":"WebSite","@id":"http:\/\/www.camcjsw-rollingelements.com\/#website","url":"http:\/\/www.camcjsw-rollingelements.com\/","name":"JIANGSU WALLONG-HSIN Rollingelements","description":"","publisher":{"@id":"http:\/\/www.camcjsw-rollingelements.com\/#organization"},"potentialAction":[{"@type":"SearchAction","target":{"@type":"EntryPoint","urlTemplate":"http:\/\/www.camcjsw-rollingelements.com\/?s={search_term_string}"},"query-input":{"@type":"PropertyValueSpecification","valueRequired":true,"valueName":"search_term_string"}}],"inLanguage":"es"},{"@type":"Organization","@id":"http:\/\/www.camcjsw-rollingelements.com\/#organization","name":"JIANGSU WALLONG-HSIN MACHINERY ENGINEERING CORPORATION LTD.","url":"http:\/\/www.camcjsw-rollingelements.com\/","logo":{"@type":"ImageObject","inLanguage":"es","@id":"http:\/\/www.camcjsw-rollingelements.com\/#\/schema\/logo\/image\/","url":"http:\/\/www.camcjsw-rollingelements.com\/wp-content\/uploads\/2025\/09\/logo\u526f\u672c.png","contentUrl":"http:\/\/www.camcjsw-rollingelements.com\/wp-content\/uploads\/2025\/09\/logo\u526f\u672c.png","width":555,"height":55,"caption":"JIANGSU WALLONG-HSIN MACHINERY ENGINEERING CORPORATION LTD."},"image":{"@id":"http:\/\/www.camcjsw-rollingelements.com\/#\/schema\/logo\/image\/"},"sameAs":["https:\/\/www.facebook.com\/profile.php?id=100079096777836","https:\/\/x.com\/SissiXu11"]}]}},"_links":{"self":[{"href":"http:\/\/www.camcjsw-rollingelements.com\/es\/wp-json\/wp\/v2\/product\/1654","targetHints":{"allow":["GET"]}}],"collection":[{"href":"http:\/\/www.camcjsw-rollingelements.com\/es\/wp-json\/wp\/v2\/product"}],"about":[{"href":"http:\/\/www.camcjsw-rollingelements.com\/es\/wp-json\/wp\/v2\/types\/product"}],"wp:featuredmedia":[{"embeddable":true,"href":"http:\/\/www.camcjsw-rollingelements.com\/es\/wp-json\/wp\/v2\/media\/3105"}],"wp:attachment":[{"href":"http:\/\/www.camcjsw-rollingelements.com\/es\/wp-json\/wp\/v2\/media?parent=1654"}],"wp:term":[{"taxonomy":"product_brand","embeddable":true,"href":"http:\/\/www.camcjsw-rollingelements.com\/es\/wp-json\/wp\/v2\/product_brand?post=1654"},{"taxonomy":"product_cat","embeddable":true,"href":"http:\/\/www.camcjsw-rollingelements.com\/es\/wp-json\/wp\/v2\/product_cat?post=1654"},{"taxonomy":"product_tag","embeddable":true,"href":"http:\/\/www.camcjsw-rollingelements.com\/es\/wp-json\/wp\/v2\/product_tag?post=1654"}],"curies":[{"name":"wp","href":"https:\/\/api.w.org\/{rel}","templated":true}]}}