{"id":1673,"date":"2024-04-24T10:33:04","date_gmt":"2024-04-24T02:33:04","guid":{"rendered":"http:\/\/www.camcjsw-rollingelements.com\/product\/stellite-ball\/"},"modified":"2025-09-23T15:49:59","modified_gmt":"2025-09-23T07:49:59","slug":"stellite-ball","status":"publish","type":"product","link":"http:\/\/www.camcjsw-rollingelements.com\/es\/producto\/stellite-ball","title":{"rendered":"Bola de estelita"},"content":{"rendered":"<p><strong>Material: Estelita;<\/strong><\/p>\n<p><strong>Aleaci\u00f3n de estelita 3 \/ 6 \/ 12 \/ 19 \/ 31 PM;<\/strong><\/p>\n<p><strong>Stellite 3 \/ 4 \/ 6 \/ 7 \/ 12 \/ 20 \/ 21 \/ 31 \/ 190 \/ 706 \/ 712 \/ F;<\/strong><\/p>\n<p><strong>Tribaloy 400\/800;<\/strong><\/p>\n<p><strong>Deloro 40\/45\/50\/55\/60\/6325;<\/strong><\/p>\n<p><strong>Tribaloy 700<\/strong><\/p>\n<p><strong>Nistelle B;<\/strong><\/p>\n<p><strong>\u00a0<\/strong><\/p>\n<p><strong>Diameter: 2mm to 76mm for ball, seat with inner diameter from 10-80mm<\/strong><\/p>\n<p><strong>\u00a0<\/strong><\/p>\n<p><strong>Grado: G100 \/ G200 \/ G500 \/ G1000 seg\u00fan el est\u00e1ndar ISO, DIN o AFBMA, tambi\u00e9n podemos suministrar bola y asiento en blanco<\/strong><\/p>\n<p><strong>Aplicaci\u00f3n: para v\u00e1lvulas en la industria petrolera y otras circunstancias que requieren alta temperatura, alta resistencia a la abrasi\u00f3n y alta resistencia a la corrosi\u00f3n.<\/strong><\/p>","protected":false},"excerpt":{"rendered":"<p>Material:Stellite; Stellite alloy 3 \/ 6 \/ 12 \/ 19 \/ 31 PM; Stellite 3 \/ 4 \/ 6 \/ 7 \/ 12 \/ 20 \/ 21 \/ 31 \/ 190 \/ 706 \/ 712 \/ F; Tribaloy 400 \/ 800; Deloro 40 \/ 45 \/ 50 \/ 55 \/ 60 \/ 6325; Tribaloy 700 [&hellip;]<\/p>","protected":false},"featured_media":3109,"template":"","meta":{"site-sidebar-layout":"default","site-content-layout":"","ast-site-content-layout":"default","site-content-style":"default","site-sidebar-style":"default","ast-global-header-display":"","ast-banner-title-visibility":"","ast-main-header-display":"","ast-hfb-above-header-display":"","ast-hfb-below-header-display":"","ast-hfb-mobile-header-display":"","site-post-title":"","ast-breadcrumbs-content":"","ast-featured-img":"","footer-sml-layout":"","theme-transparent-header-meta":"default","adv-header-id-meta":"","stick-header-meta":"","header-above-stick-meta":"","header-main-stick-meta":"","header-below-stick-meta":"","astra-migrate-meta-layouts":"set","ast-page-background-enabled":"default","ast-page-background-meta":{"desktop":{"background-color":"var(--ast-global-color-4)","background-image":"","background-repeat":"repeat","background-position":"center center","background-size":"auto","background-attachment":"scroll","background-type":"","background-media":"","overlay-type":"","overlay-color":"","overlay-opacity":"","overlay-gradient":""},"tablet":{"background-color":"","background-image":"","background-repeat":"repeat","background-position":"center center","background-size":"auto","background-attachment":"scroll","background-type":"","background-media":"","overlay-type":"","overlay-color":"","overlay-opacity":"","overlay-gradient":""},"mobile":{"background-color":"","background-image":"","background-repeat":"repeat","background-position":"center center","background-size":"auto","background-attachment":"scroll","background-type":"","background-media":"","overlay-type":"","overlay-color":"","overlay-opacity":"","overlay-gradient":""}},"ast-content-background-meta":{"desktop":{"background-color":"var(--ast-global-color-5)","background-image":"","background-repeat":"repeat","background-position":"center center","background-size":"auto","background-attachment":"scroll","background-type":"","background-media":"","overlay-type":"","overlay-color":"","overlay-opacity":"","overlay-gradient":""},"tablet":{"background-color":"var(--ast-global-color-5)","background-image":"","background-repeat":"repeat","background-position":"center center","background-size":"auto","background-attachment":"scroll","background-type":"","background-media":"","overlay-type":"","overlay-color":"","overlay-opacity":"","overlay-gradient":""},"mobile":{"background-color":"var(--ast-global-color-5)","background-image":"","background-repeat":"repeat","background-position":"center center","background-size":"auto","background-attachment":"scroll","background-type":"","background-media":"","overlay-type":"","overlay-color":"","overlay-opacity":"","overlay-gradient":""}}},"product_brand":[],"product_cat":[47],"product_tag":[],"class_list":{"0":"post-1673","1":"product","2":"type-product","3":"status-publish","4":"has-post-thumbnail","6":"product_cat-steel-ball","7":"desktop-align-left","8":"tablet-align-left","9":"mobile-align-left","11":"first","12":"instock","13":"shipping-taxable","14":"product-type-simple"},"yoast_head":"<!-- This site is optimized with the Yoast SEO Premium plugin v22.5 (Yoast SEO v25.9) - https:\/\/yoast.com\/wordpress\/plugins\/seo\/ -->\r\n<title>Stellite Ball - JIANGSU WALLONG-HSIN Rollingelements<\/title>\r\n<meta name=\"description\" content=\"Stellite Ball - MaterialStellite; Stellite alloy 3 \/ 6 \/ 12 \/ 19 \/ 31 PM ; Stellite:3 \/ 4 \/ 6 \/ 7 \/ 12 \/ 20 \/ 21 \/ 31 \/ 190 \/ 706 \/ 712 \/ F ;Tribaloy 400 \/ 800Deloro 40 \/ 45 \/ 50 \/ 55 \/ 60 \/ 6325;Tribaloy 700;Nistelle B\" \/>\r\n<meta name=\"robots\" content=\"index, follow, max-snippet:-1, max-image-preview:large, max-video-preview:-1\" \/>\r\n<link rel=\"canonical\" href=\"http:\/\/www.camcjsw-rollingelements.com\/es\/producto\/stellite-ball\/\" \/>\r\n<meta property=\"og:locale\" content=\"es_ES\" \/>\r\n<meta property=\"og:type\" content=\"article\" \/>\r\n<meta property=\"og:title\" content=\"Stellite Ball\" \/>\r\n<meta property=\"og:description\" content=\"Stellite Ball - MaterialStellite; Stellite alloy 3 \/ 6 \/ 12 \/ 19 \/ 31 PM ; Stellite:3 \/ 4 \/ 6 \/ 7 \/ 12 \/ 20 \/ 21 \/ 31 \/ 190 \/ 706 \/ 712 \/ F ;Tribaloy 400 \/ 800Deloro 40 \/ 45 \/ 50 \/ 55 \/ 60 \/ 6325;Tribaloy 700;Nistelle B\" \/>\r\n<meta property=\"og:url\" content=\"http:\/\/www.camcjsw-rollingelements.com\/es\/producto\/stellite-ball\/\" \/>\r\n<meta property=\"og:site_name\" content=\"JIANGSU WALLONG-HSIN Rollingelements\" \/>\r\n<meta property=\"article:publisher\" content=\"https:\/\/www.facebook.com\/profile.php?id=100079096777836\" \/>\r\n<meta property=\"article:modified_time\" content=\"2025-09-23T07:49:59+00:00\" \/>\r\n<meta property=\"og:image\" content=\"http:\/\/www.camcjsw-rollingelements.com\/wp-content\/uploads\/2025\/09\/201503040437209737.webp\" \/>\r\n\t<meta property=\"og:image:width\" content=\"257\" \/>\r\n\t<meta property=\"og:image:height\" content=\"190\" \/>\r\n\t<meta property=\"og:image:type\" content=\"image\/webp\" \/>\r\n<meta name=\"twitter:card\" content=\"summary_large_image\" \/>\r\n<meta name=\"twitter:site\" content=\"@SissiXu11\" \/>\r\n<meta name=\"twitter:label1\" content=\"Tiempo de lectura\" \/>\n\t<meta name=\"twitter:data1\" content=\"1 minuto\" \/>\r\n<script type=\"application\/ld+json\" class=\"yoast-schema-graph\">{\"@context\":\"https:\/\/schema.org\",\"@graph\":[{\"@type\":\"WebPage\",\"@id\":\"http:\/\/www.camcjsw-rollingelements.com\/product\/stellite-ball\",\"url\":\"http:\/\/www.camcjsw-rollingelements.com\/product\/stellite-ball\",\"name\":\"Stellite Ball - JIANGSU WALLONG-HSIN Rollingelements\",\"isPartOf\":{\"@id\":\"http:\/\/www.camcjsw-rollingelements.com\/#website\"},\"primaryImageOfPage\":{\"@id\":\"http:\/\/www.camcjsw-rollingelements.com\/product\/stellite-ball#primaryimage\"},\"image\":{\"@id\":\"http:\/\/www.camcjsw-rollingelements.com\/product\/stellite-ball#primaryimage\"},\"thumbnailUrl\":\"http:\/\/www.camcjsw-rollingelements.com\/wp-content\/uploads\/2025\/09\/201503040437209737.webp\",\"datePublished\":\"2024-04-24T02:33:04+00:00\",\"dateModified\":\"2025-09-23T07:49:59+00:00\",\"description\":\"Stellite Ball - MaterialStellite; Stellite alloy 3 \/ 6 \/ 12 \/ 19 \/ 31 PM ; Stellite:3 \/ 4 \/ 6 \/ 7 \/ 12 \/ 20 \/ 21 \/ 31 \/ 190 \/ 706 \/ 712 \/ F ;Tribaloy 400 \/ 800Deloro 40 \/ 45 \/ 50 \/ 55 \/ 60 \/ 6325;Tribaloy 700;Nistelle B\",\"breadcrumb\":{\"@id\":\"http:\/\/www.camcjsw-rollingelements.com\/product\/stellite-ball#breadcrumb\"},\"inLanguage\":\"es\",\"potentialAction\":[{\"@type\":\"ReadAction\",\"target\":[\"http:\/\/www.camcjsw-rollingelements.com\/product\/stellite-ball\"]}]},{\"@type\":\"ImageObject\",\"inLanguage\":\"es\",\"@id\":\"http:\/\/www.camcjsw-rollingelements.com\/product\/stellite-ball#primaryimage\",\"url\":\"http:\/\/www.camcjsw-rollingelements.com\/wp-content\/uploads\/2025\/09\/201503040437209737.webp\",\"contentUrl\":\"http:\/\/www.camcjsw-rollingelements.com\/wp-content\/uploads\/2025\/09\/201503040437209737.webp\",\"width\":257,\"height\":190},{\"@type\":\"BreadcrumbList\",\"@id\":\"http:\/\/www.camcjsw-rollingelements.com\/product\/stellite-ball#breadcrumb\",\"itemListElement\":[{\"@type\":\"ListItem\",\"position\":1,\"name\":\"Home\",\"item\":\"http:\/\/www.camcjsw-rollingelements.com\/\"},{\"@type\":\"ListItem\",\"position\":2,\"name\":\"Productos\",\"item\":\"http:\/\/www.camcjsw-rollingelements.com\/es\/shop\"},{\"@type\":\"ListItem\",\"position\":3,\"name\":\"Stellite Ball\"}]},{\"@type\":\"WebSite\",\"@id\":\"http:\/\/www.camcjsw-rollingelements.com\/#website\",\"url\":\"http:\/\/www.camcjsw-rollingelements.com\/\",\"name\":\"JIANGSU WALLONG-HSIN Rollingelements\",\"description\":\"\",\"publisher\":{\"@id\":\"http:\/\/www.camcjsw-rollingelements.com\/#organization\"},\"potentialAction\":[{\"@type\":\"SearchAction\",\"target\":{\"@type\":\"EntryPoint\",\"urlTemplate\":\"http:\/\/www.camcjsw-rollingelements.com\/?s={search_term_string}\"},\"query-input\":{\"@type\":\"PropertyValueSpecification\",\"valueRequired\":true,\"valueName\":\"search_term_string\"}}],\"inLanguage\":\"es\"},{\"@type\":\"Organization\",\"@id\":\"http:\/\/www.camcjsw-rollingelements.com\/#organization\",\"name\":\"JIANGSU WALLONG-HSIN MACHINERY ENGINEERING CORPORATION LTD.\",\"url\":\"http:\/\/www.camcjsw-rollingelements.com\/\",\"logo\":{\"@type\":\"ImageObject\",\"inLanguage\":\"es\",\"@id\":\"http:\/\/www.camcjsw-rollingelements.com\/#\/schema\/logo\/image\/\",\"url\":\"http:\/\/www.camcjsw-rollingelements.com\/wp-content\/uploads\/2025\/09\/logo\u526f\u672c.png\",\"contentUrl\":\"http:\/\/www.camcjsw-rollingelements.com\/wp-content\/uploads\/2025\/09\/logo\u526f\u672c.png\",\"width\":555,\"height\":55,\"caption\":\"JIANGSU WALLONG-HSIN MACHINERY ENGINEERING CORPORATION LTD.\"},\"image\":{\"@id\":\"http:\/\/www.camcjsw-rollingelements.com\/#\/schema\/logo\/image\/\"},\"sameAs\":[\"https:\/\/www.facebook.com\/profile.php?id=100079096777836\",\"https:\/\/x.com\/SissiXu11\"]}]}<\/script>\r\n<!-- \/ Yoast SEO Premium plugin. -->","yoast_head_json":{"title":"Stellite Ball - JIANGSU WALLONG-HSIN Rollingelements","description":"Stellite Ball - MaterialStellite; Stellite alloy 3 \/ 6 \/ 12 \/ 19 \/ 31 PM ; Stellite:3 \/ 4 \/ 6 \/ 7 \/ 12 \/ 20 \/ 21 \/ 31 \/ 190 \/ 706 \/ 712 \/ F ;Tribaloy 400 \/ 800Deloro 40 \/ 45 \/ 50 \/ 55 \/ 60 \/ 6325;Tribaloy 700;Nistelle B","robots":{"index":"index","follow":"follow","max-snippet":"max-snippet:-1","max-image-preview":"max-image-preview:large","max-video-preview":"max-video-preview:-1"},"canonical":"http:\/\/www.camcjsw-rollingelements.com\/es\/producto\/stellite-ball\/","og_locale":"es_ES","og_type":"article","og_title":"Stellite Ball","og_description":"Stellite Ball - MaterialStellite; Stellite alloy 3 \/ 6 \/ 12 \/ 19 \/ 31 PM ; Stellite:3 \/ 4 \/ 6 \/ 7 \/ 12 \/ 20 \/ 21 \/ 31 \/ 190 \/ 706 \/ 712 \/ F ;Tribaloy 400 \/ 800Deloro 40 \/ 45 \/ 50 \/ 55 \/ 60 \/ 6325;Tribaloy 700;Nistelle B","og_url":"http:\/\/www.camcjsw-rollingelements.com\/es\/producto\/stellite-ball\/","og_site_name":"JIANGSU WALLONG-HSIN Rollingelements","article_publisher":"https:\/\/www.facebook.com\/profile.php?id=100079096777836","article_modified_time":"2025-09-23T07:49:59+00:00","og_image":[{"width":257,"height":190,"url":"http:\/\/www.camcjsw-rollingelements.com\/wp-content\/uploads\/2025\/09\/201503040437209737.webp","type":"image\/webp"}],"twitter_card":"summary_large_image","twitter_site":"@SissiXu11","twitter_misc":{"Tiempo de lectura":"1 minuto"},"schema":{"@context":"https:\/\/schema.org","@graph":[{"@type":"WebPage","@id":"http:\/\/www.camcjsw-rollingelements.com\/product\/stellite-ball","url":"http:\/\/www.camcjsw-rollingelements.com\/product\/stellite-ball","name":"Stellite Ball - JIANGSU WALLONG-HSIN Rollingelements","isPartOf":{"@id":"http:\/\/www.camcjsw-rollingelements.com\/#website"},"primaryImageOfPage":{"@id":"http:\/\/www.camcjsw-rollingelements.com\/product\/stellite-ball#primaryimage"},"image":{"@id":"http:\/\/www.camcjsw-rollingelements.com\/product\/stellite-ball#primaryimage"},"thumbnailUrl":"http:\/\/www.camcjsw-rollingelements.com\/wp-content\/uploads\/2025\/09\/201503040437209737.webp","datePublished":"2024-04-24T02:33:04+00:00","dateModified":"2025-09-23T07:49:59+00:00","description":"Stellite Ball - MaterialStellite; Stellite alloy 3 \/ 6 \/ 12 \/ 19 \/ 31 PM ; Stellite:3 \/ 4 \/ 6 \/ 7 \/ 12 \/ 20 \/ 21 \/ 31 \/ 190 \/ 706 \/ 712 \/ F ;Tribaloy 400 \/ 800Deloro 40 \/ 45 \/ 50 \/ 55 \/ 60 \/ 6325;Tribaloy 700;Nistelle B","breadcrumb":{"@id":"http:\/\/www.camcjsw-rollingelements.com\/product\/stellite-ball#breadcrumb"},"inLanguage":"es","potentialAction":[{"@type":"ReadAction","target":["http:\/\/www.camcjsw-rollingelements.com\/product\/stellite-ball"]}]},{"@type":"ImageObject","inLanguage":"es","@id":"http:\/\/www.camcjsw-rollingelements.com\/product\/stellite-ball#primaryimage","url":"http:\/\/www.camcjsw-rollingelements.com\/wp-content\/uploads\/2025\/09\/201503040437209737.webp","contentUrl":"http:\/\/www.camcjsw-rollingelements.com\/wp-content\/uploads\/2025\/09\/201503040437209737.webp","width":257,"height":190},{"@type":"BreadcrumbList","@id":"http:\/\/www.camcjsw-rollingelements.com\/product\/stellite-ball#breadcrumb","itemListElement":[{"@type":"ListItem","position":1,"name":"Home","item":"http:\/\/www.camcjsw-rollingelements.com\/"},{"@type":"ListItem","position":2,"name":"Productos","item":"http:\/\/www.camcjsw-rollingelements.com\/es\/shop"},{"@type":"ListItem","position":3,"name":"Stellite Ball"}]},{"@type":"WebSite","@id":"http:\/\/www.camcjsw-rollingelements.com\/#website","url":"http:\/\/www.camcjsw-rollingelements.com\/","name":"JIANGSU WALLONG-HSIN Rollingelements","description":"","publisher":{"@id":"http:\/\/www.camcjsw-rollingelements.com\/#organization"},"potentialAction":[{"@type":"SearchAction","target":{"@type":"EntryPoint","urlTemplate":"http:\/\/www.camcjsw-rollingelements.com\/?s={search_term_string}"},"query-input":{"@type":"PropertyValueSpecification","valueRequired":true,"valueName":"search_term_string"}}],"inLanguage":"es"},{"@type":"Organization","@id":"http:\/\/www.camcjsw-rollingelements.com\/#organization","name":"JIANGSU WALLONG-HSIN MACHINERY ENGINEERING CORPORATION LTD.","url":"http:\/\/www.camcjsw-rollingelements.com\/","logo":{"@type":"ImageObject","inLanguage":"es","@id":"http:\/\/www.camcjsw-rollingelements.com\/#\/schema\/logo\/image\/","url":"http:\/\/www.camcjsw-rollingelements.com\/wp-content\/uploads\/2025\/09\/logo\u526f\u672c.png","contentUrl":"http:\/\/www.camcjsw-rollingelements.com\/wp-content\/uploads\/2025\/09\/logo\u526f\u672c.png","width":555,"height":55,"caption":"JIANGSU WALLONG-HSIN MACHINERY ENGINEERING CORPORATION LTD."},"image":{"@id":"http:\/\/www.camcjsw-rollingelements.com\/#\/schema\/logo\/image\/"},"sameAs":["https:\/\/www.facebook.com\/profile.php?id=100079096777836","https:\/\/x.com\/SissiXu11"]}]}},"_links":{"self":[{"href":"http:\/\/www.camcjsw-rollingelements.com\/es\/wp-json\/wp\/v2\/product\/1673","targetHints":{"allow":["GET"]}}],"collection":[{"href":"http:\/\/www.camcjsw-rollingelements.com\/es\/wp-json\/wp\/v2\/product"}],"about":[{"href":"http:\/\/www.camcjsw-rollingelements.com\/es\/wp-json\/wp\/v2\/types\/product"}],"wp:featuredmedia":[{"embeddable":true,"href":"http:\/\/www.camcjsw-rollingelements.com\/es\/wp-json\/wp\/v2\/media\/3109"}],"wp:attachment":[{"href":"http:\/\/www.camcjsw-rollingelements.com\/es\/wp-json\/wp\/v2\/media?parent=1673"}],"wp:term":[{"taxonomy":"product_brand","embeddable":true,"href":"http:\/\/www.camcjsw-rollingelements.com\/es\/wp-json\/wp\/v2\/product_brand?post=1673"},{"taxonomy":"product_cat","embeddable":true,"href":"http:\/\/www.camcjsw-rollingelements.com\/es\/wp-json\/wp\/v2\/product_cat?post=1673"},{"taxonomy":"product_tag","embeddable":true,"href":"http:\/\/www.camcjsw-rollingelements.com\/es\/wp-json\/wp\/v2\/product_tag?post=1673"}],"curies":[{"name":"wp","href":"https:\/\/api.w.org\/{rel}","templated":true}]}}