{"id":1676,"date":"2024-04-24T10:52:21","date_gmt":"2024-04-24T02:52:21","guid":{"rendered":"http:\/\/www.camcjsw-rollingelements.com\/product\/bb-ball\/"},"modified":"2025-09-26T13:23:19","modified_gmt":"2025-09-26T05:23:19","slug":"bb-ball","status":"publish","type":"product","link":"http:\/\/www.camcjsw-rollingelements.com\/es\/producto\/bb-ball","title":{"rendered":"Bola BB"},"content":{"rendered":"<p><strong>A.  Pl\u00e1stico BB<\/strong><\/p>\n<table border=\"1px;solid;black;\" width=\"100%\">\n<tbody>\n<tr class=\"firstRow\">\n<td width=\"20%\"><strong>Material<\/strong><\/td>\n<td width=\"80%\"><strong>Pl\u00e1stico PVC, materiales biodegradables PLA<\/strong><\/td>\n<\/tr>\n<tr>\n<td><strong>Tama\u00f1o<\/strong><\/td>\n<td><strong>7,95 mm, 5,95 mm, 5,94 mm, 5,92 mm, 5,90 mm y etc.<\/strong><\/td>\n<\/tr>\n<tr>\n<td><strong>Calificaci\u00f3n<\/strong><\/td>\n<td><strong>\u00a0+\/-0.01mm to +\/-0.04mm<\/strong><\/td>\n<\/tr>\n<tr>\n<td><strong>Peso unitario<\/strong><\/td>\n<td><strong>0.12g, 0.15g, 0.20g, 0.23g, 0.25g, 0.28g, 0.30g,\u00a0<\/strong><\/p>\n<p><strong>0.32g, 0.36g, 0.40g, 0.43g<\/strong><\/td>\n<\/tr>\n<tr>\n<td><strong>Color<\/strong><\/td>\n<td><strong>Varios\u00a0<\/strong><\/td>\n<\/tr>\n<\/tbody>\n<\/table>\n<p><strong>BBs de alta precisi\u00f3n<\/strong><\/p>\n<p><strong>Peso: 0,20 g, 0,23 g, 0,25 g, 0,28 g, 0,30 g, 0,32 g<\/strong><\/p>\n<p><strong>Di\u00e1metro: 5,95 +\/-0,01 mm<\/strong><\/p>\n<p><strong>Colores: Blanco, Negro, etc.<\/strong><\/p>\n<p><strong>Descripci\u00f3n:Buena resistencia al viento, excelente durabilidad, adecuado para armas m\u00e1s potentes con buena precisi\u00f3n.<\/strong><\/p>\n<p><strong>Biodegradable<\/strong><\/p>\n<p><strong>Fabricado con materiales biodegradables (PLA), pas\u00f3 la prueba ISO14855-1 de biodegradabilidad.<\/strong><\/p>\n<p><strong>bolas de pintura<\/strong><\/p>\n<p><strong>Bolas de pintura de 0,50\", 0,68\" y 0,43\", dise\u00f1adas para actividades de CS, entrenamiento militar y prevenci\u00f3n de disturbios policiales.<\/strong><\/p>\n<p><strong>BBs trazadores<\/strong><\/p>\n<p><strong>Peso: 0,12 g, 0,15 g, 0,20 g, 0,23 g, 0,25 g<\/strong><\/p>\n<p><strong>Di\u00e1metro: 5,90 +\/-0,03 mm<\/strong><\/p>\n<p><strong>Colores: Verde fluorescente o rojo<\/strong><\/p>\n<p><strong>Pelotas de juguete BB<\/strong><\/p>\n<p><strong>Peso: 0,12 g<\/strong><\/p>\n<p><strong>Di\u00e1metro: 5,90 +\/- 0,03 mm<\/strong><\/p>\n<p><strong>Colores:Blanco, Amarillo, Azul, etc.<\/strong><\/p>\n<p><strong>Descripci\u00f3n: Las bolas de pl\u00e1stico m\u00e1s ligeras, adecuadas para pistolas de airsoft de baja potencia.<\/strong><\/p>\n<p><img fetchpriority=\"high\" decoding=\"async\" class=\"alignnone\" src=\"http:\/\/www.camcjsw-rollingelements.com\/wp-content\/uploads\/2024\/04\/6368221768410220014820216-953x1024.jpg\" alt=\"\" width=\"953\" height=\"1024\" \/><\/p>\n<p><img decoding=\"async\" class=\"alignnone\" src=\"http:\/\/www.camcjsw-rollingelements.com\/wp-content\/uploads\/2024\/04\/6380015599725442742916525-1-1024x736.jpg\" alt=\"\" width=\"1024\" height=\"736\" \/><\/p>\n<p>&#8212;&#8212;&#8212;&#8212;&#8212;&#8212;&#8212;&#8212;&#8212;&#8212;&#8212;&#8212;&#8212;&#8212;&#8212;&#8212;&#8212;&#8212;&#8212;&#8212;&#8212;&#8212;&#8212;&#8212;&#8212;&#8212;&#8212;&#8212;&#8212;&#8212;&#8212;&#8212;&#8212;<\/p>\n<p><strong>B. Acero BB<\/strong><\/p>\n<p>&nbsp;<\/p>\n<table width=\"100%\">\n<tbody>\n<tr class=\"firstRow\">\n<td width=\"20%\"><strong>Material<\/strong><\/td>\n<td width=\"80%\"><strong>Bajo en carbono, ALUMINIO<\/strong><\/td>\n<\/tr>\n<tr>\n<td><strong>Tama\u00f1o<\/strong><\/td>\n<td width=\"80%\"><strong>3,25 mm, 3,81 mm, 4,5 mm, 5,2 mm, 6,8 mm, 1\/4\\\u201d, 9,1 mm, 3\/8\\\u201d y etc.<\/strong><\/td>\n<\/tr>\n<tr>\n<td><strong>Calificaci\u00f3n<\/strong><\/td>\n<td><strong>G1000,G2000,G3000<\/strong><\/td>\n<\/tr>\n<tr>\n<td><strong>Enchapado<\/strong><\/td>\n<td><strong>N\u00edquel, zinc, lat\u00f3n<\/strong><\/td>\n<\/tr>\n<\/tbody>\n<\/table>\n<p><img decoding=\"async\" class=\"alignnone\" src=\"http:\/\/www.camcjsw-rollingelements.com\/wp-content\/uploads\/2024\/04\/6379996479350160194137316.jpg\" alt=\"\" width=\"600\" height=\"800\" \/><\/p>\n<p><strong>JIANGSU WALLONG-HSIN MACHINERY ENGINEERING CORPORATION LTD<\/strong><strong>\u00a0ha creado una gama completa para ofrecer soluciones avanzadas y un servicio t\u00e9cnico excepcional. La gama de aplicaciones incluye:<\/strong><\/p>\n<p><strong>*Envases cosm\u00e9ticos<\/strong><\/p>\n<p><strong>*Microbombas para pulverizaci\u00f3n<\/strong><\/p>\n<p><strong>*Dispensadores<\/strong><\/p>\n<p><strong>*Instrumentos de precisi\u00f3n<\/strong><\/p>\n<p><strong>*Equipos de acondicionamiento y automatizaci\u00f3n<\/strong><\/p>","protected":false},"excerpt":{"rendered":"<p>A.\u00a0 Plastic BB Material Plastic PVC, Biodegradable \u00a0 materials PLA Size 7.95mm,5.95mm,5.94mm,5.92mm,5.90mm \u00a0 and etc. Grade \u00a0+\/-0.01mm to +\/-0.04mm Unit Weight 0.12g, 0.15g, 0.20g, 0.23g, 0.25g, 0.28g, 0.30g,\u00a0 0.32g, 0.36g, 0.40g, 0.43g Color Various\u00a0 High Precision BBs Weight: 0.20g, 0.23g, 0.25g,0.28g, 0.30g, 0.32g Diameter: 5. 95+\/-0.01mm Colors: White, Black, etc. Description:Good resistance to wind,excellent durability, [&hellip;]<\/p>","protected":false},"featured_media":479,"template":"","meta":{"site-sidebar-layout":"default","site-content-layout":"","ast-site-content-layout":"default","site-content-style":"default","site-sidebar-style":"default","ast-global-header-display":"","ast-banner-title-visibility":"","ast-main-header-display":"","ast-hfb-above-header-display":"","ast-hfb-below-header-display":"","ast-hfb-mobile-header-display":"","site-post-title":"","ast-breadcrumbs-content":"","ast-featured-img":"","footer-sml-layout":"","theme-transparent-header-meta":"default","adv-header-id-meta":"","stick-header-meta":"","header-above-stick-meta":"","header-main-stick-meta":"","header-below-stick-meta":"","astra-migrate-meta-layouts":"set","ast-page-background-enabled":"default","ast-page-background-meta":{"desktop":{"background-color":"var(--ast-global-color-4)","background-image":"","background-repeat":"repeat","background-position":"center center","background-size":"auto","background-attachment":"scroll","background-type":"","background-media":"","overlay-type":"","overlay-color":"","overlay-opacity":"","overlay-gradient":""},"tablet":{"background-color":"","background-image":"","background-repeat":"repeat","background-position":"center center","background-size":"auto","background-attachment":"scroll","background-type":"","background-media":"","overlay-type":"","overlay-color":"","overlay-opacity":"","overlay-gradient":""},"mobile":{"background-color":"","background-image":"","background-repeat":"repeat","background-position":"center center","background-size":"auto","background-attachment":"scroll","background-type":"","background-media":"","overlay-type":"","overlay-color":"","overlay-opacity":"","overlay-gradient":""}},"ast-content-background-meta":{"desktop":{"background-color":"var(--ast-global-color-5)","background-image":"","background-repeat":"repeat","background-position":"center center","background-size":"auto","background-attachment":"scroll","background-type":"","background-media":"","overlay-type":"","overlay-color":"","overlay-opacity":"","overlay-gradient":""},"tablet":{"background-color":"var(--ast-global-color-5)","background-image":"","background-repeat":"repeat","background-position":"center center","background-size":"auto","background-attachment":"scroll","background-type":"","background-media":"","overlay-type":"","overlay-color":"","overlay-opacity":"","overlay-gradient":""},"mobile":{"background-color":"var(--ast-global-color-5)","background-image":"","background-repeat":"repeat","background-position":"center center","background-size":"auto","background-attachment":"scroll","background-type":"","background-media":"","overlay-type":"","overlay-color":"","overlay-opacity":"","overlay-gradient":""}}},"product_brand":[],"product_cat":[52],"product_tag":[],"class_list":{"0":"post-1676","1":"product","2":"type-product","3":"status-publish","4":"has-post-thumbnail","6":"product_cat-plastic-ball-and-bb-pellet","7":"desktop-align-left","8":"tablet-align-left","9":"mobile-align-left","11":"first","12":"instock","13":"shipping-taxable","14":"product-type-simple"},"yoast_head":"<!-- This site is optimized with the Yoast SEO Premium plugin v22.5 (Yoast SEO v25.9) - https:\/\/yoast.com\/wordpress\/plugins\/seo\/ -->\r\n<title>BB Ball - JIANGSU WALLONG-HSIN Rollingelements<\/title>\r\n<meta name=\"description\" content=\"BB Ball JSW produce high-precision PP \/ POM (Delrin) \/ Nylon \/ BB \/ PVDF \/ PE \/ PS \/ PTFE \/ ACRYLIC solid plastic and hollow plastic balls\" \/>\r\n<meta name=\"robots\" content=\"index, follow, max-snippet:-1, max-image-preview:large, max-video-preview:-1\" \/>\r\n<link rel=\"canonical\" href=\"http:\/\/www.camcjsw-rollingelements.com\/es\/producto\/bb-ball\/\" \/>\r\n<meta property=\"og:locale\" content=\"es_ES\" \/>\r\n<meta property=\"og:type\" content=\"article\" \/>\r\n<meta property=\"og:title\" content=\"BB Ball\" \/>\r\n<meta property=\"og:description\" content=\"BB Ball JSW produce high-precision PP \/ POM (Delrin) \/ Nylon \/ BB \/ PVDF \/ PE \/ PS \/ PTFE \/ ACRYLIC solid plastic and hollow plastic balls\" \/>\r\n<meta property=\"og:url\" content=\"http:\/\/www.camcjsw-rollingelements.com\/es\/producto\/bb-ball\/\" \/>\r\n<meta property=\"og:site_name\" content=\"JIANGSU WALLONG-HSIN Rollingelements\" \/>\r\n<meta property=\"article:publisher\" content=\"https:\/\/www.facebook.com\/profile.php?id=100079096777836\" \/>\r\n<meta property=\"article:modified_time\" content=\"2025-09-26T05:23:19+00:00\" \/>\r\n<meta property=\"og:image\" content=\"http:\/\/www.camcjsw-rollingelements.com\/wp-content\/uploads\/2025\/09\/201901040231229390.webp\" \/>\r\n\t<meta property=\"og:image:width\" content=\"257\" \/>\r\n\t<meta property=\"og:image:height\" content=\"190\" \/>\r\n\t<meta property=\"og:image:type\" content=\"image\/webp\" \/>\r\n<meta name=\"twitter:card\" content=\"summary_large_image\" \/>\r\n<meta name=\"twitter:site\" content=\"@SissiXu11\" \/>\r\n<meta name=\"twitter:label1\" content=\"Tiempo de lectura\" \/>\n\t<meta name=\"twitter:data1\" content=\"2 minutos\" \/>\r\n<script type=\"application\/ld+json\" class=\"yoast-schema-graph\">{\"@context\":\"https:\/\/schema.org\",\"@graph\":[{\"@type\":\"WebPage\",\"@id\":\"http:\/\/www.camcjsw-rollingelements.com\/product\/bb-ball\",\"url\":\"http:\/\/www.camcjsw-rollingelements.com\/product\/bb-ball\",\"name\":\"BB Ball - JIANGSU WALLONG-HSIN Rollingelements\",\"isPartOf\":{\"@id\":\"http:\/\/www.camcjsw-rollingelements.com\/#website\"},\"primaryImageOfPage\":{\"@id\":\"http:\/\/www.camcjsw-rollingelements.com\/product\/bb-ball#primaryimage\"},\"image\":{\"@id\":\"http:\/\/www.camcjsw-rollingelements.com\/product\/bb-ball#primaryimage\"},\"thumbnailUrl\":\"http:\/\/www.camcjsw-rollingelements.com\/wp-content\/uploads\/2025\/09\/201901040231229390.webp\",\"datePublished\":\"2024-04-24T02:52:21+00:00\",\"dateModified\":\"2025-09-26T05:23:19+00:00\",\"description\":\"BB Ball JSW produce high-precision PP \/ POM (Delrin) \/ Nylon \/ BB \/ PVDF \/ PE \/ PS \/ PTFE \/ ACRYLIC solid plastic and hollow plastic balls\",\"breadcrumb\":{\"@id\":\"http:\/\/www.camcjsw-rollingelements.com\/product\/bb-ball#breadcrumb\"},\"inLanguage\":\"es\",\"potentialAction\":[{\"@type\":\"ReadAction\",\"target\":[\"http:\/\/www.camcjsw-rollingelements.com\/product\/bb-ball\"]}]},{\"@type\":\"ImageObject\",\"inLanguage\":\"es\",\"@id\":\"http:\/\/www.camcjsw-rollingelements.com\/product\/bb-ball#primaryimage\",\"url\":\"http:\/\/www.camcjsw-rollingelements.com\/wp-content\/uploads\/2025\/09\/201901040231229390.webp\",\"contentUrl\":\"http:\/\/www.camcjsw-rollingelements.com\/wp-content\/uploads\/2025\/09\/201901040231229390.webp\",\"width\":257,\"height\":190},{\"@type\":\"BreadcrumbList\",\"@id\":\"http:\/\/www.camcjsw-rollingelements.com\/product\/bb-ball#breadcrumb\",\"itemListElement\":[{\"@type\":\"ListItem\",\"position\":1,\"name\":\"Home\",\"item\":\"http:\/\/www.camcjsw-rollingelements.com\/\"},{\"@type\":\"ListItem\",\"position\":2,\"name\":\"Productos\",\"item\":\"http:\/\/www.camcjsw-rollingelements.com\/es\/shop\"},{\"@type\":\"ListItem\",\"position\":3,\"name\":\"BB Ball\"}]},{\"@type\":\"WebSite\",\"@id\":\"http:\/\/www.camcjsw-rollingelements.com\/#website\",\"url\":\"http:\/\/www.camcjsw-rollingelements.com\/\",\"name\":\"JIANGSU WALLONG-HSIN Rollingelements\",\"description\":\"\",\"publisher\":{\"@id\":\"http:\/\/www.camcjsw-rollingelements.com\/#organization\"},\"potentialAction\":[{\"@type\":\"SearchAction\",\"target\":{\"@type\":\"EntryPoint\",\"urlTemplate\":\"http:\/\/www.camcjsw-rollingelements.com\/?s={search_term_string}\"},\"query-input\":{\"@type\":\"PropertyValueSpecification\",\"valueRequired\":true,\"valueName\":\"search_term_string\"}}],\"inLanguage\":\"es\"},{\"@type\":\"Organization\",\"@id\":\"http:\/\/www.camcjsw-rollingelements.com\/#organization\",\"name\":\"JIANGSU WALLONG-HSIN MACHINERY ENGINEERING CORPORATION LTD.\",\"url\":\"http:\/\/www.camcjsw-rollingelements.com\/\",\"logo\":{\"@type\":\"ImageObject\",\"inLanguage\":\"es\",\"@id\":\"http:\/\/www.camcjsw-rollingelements.com\/#\/schema\/logo\/image\/\",\"url\":\"http:\/\/www.camcjsw-rollingelements.com\/wp-content\/uploads\/2025\/09\/logo\u526f\u672c.png\",\"contentUrl\":\"http:\/\/www.camcjsw-rollingelements.com\/wp-content\/uploads\/2025\/09\/logo\u526f\u672c.png\",\"width\":555,\"height\":55,\"caption\":\"JIANGSU WALLONG-HSIN MACHINERY ENGINEERING CORPORATION LTD.\"},\"image\":{\"@id\":\"http:\/\/www.camcjsw-rollingelements.com\/#\/schema\/logo\/image\/\"},\"sameAs\":[\"https:\/\/www.facebook.com\/profile.php?id=100079096777836\",\"https:\/\/x.com\/SissiXu11\"]}]}<\/script>\r\n<!-- \/ Yoast SEO Premium plugin. -->","yoast_head_json":{"title":"BB Ball - JIANGSU WALLONG-HSIN Rollingelements","description":"BB Ball JSW produce high-precision PP \/ POM (Delrin) \/ Nylon \/ BB \/ PVDF \/ PE \/ PS \/ PTFE \/ ACRYLIC solid plastic and hollow plastic balls","robots":{"index":"index","follow":"follow","max-snippet":"max-snippet:-1","max-image-preview":"max-image-preview:large","max-video-preview":"max-video-preview:-1"},"canonical":"http:\/\/www.camcjsw-rollingelements.com\/es\/producto\/bb-ball\/","og_locale":"es_ES","og_type":"article","og_title":"BB Ball","og_description":"BB Ball JSW produce high-precision PP \/ POM (Delrin) \/ Nylon \/ BB \/ PVDF \/ PE \/ PS \/ PTFE \/ ACRYLIC solid plastic and hollow plastic balls","og_url":"http:\/\/www.camcjsw-rollingelements.com\/es\/producto\/bb-ball\/","og_site_name":"JIANGSU WALLONG-HSIN Rollingelements","article_publisher":"https:\/\/www.facebook.com\/profile.php?id=100079096777836","article_modified_time":"2025-09-26T05:23:19+00:00","og_image":[{"width":257,"height":190,"url":"http:\/\/www.camcjsw-rollingelements.com\/wp-content\/uploads\/2025\/09\/201901040231229390.webp","type":"image\/webp"}],"twitter_card":"summary_large_image","twitter_site":"@SissiXu11","twitter_misc":{"Tiempo de lectura":"2 minutos"},"schema":{"@context":"https:\/\/schema.org","@graph":[{"@type":"WebPage","@id":"http:\/\/www.camcjsw-rollingelements.com\/product\/bb-ball","url":"http:\/\/www.camcjsw-rollingelements.com\/product\/bb-ball","name":"BB Ball - JIANGSU WALLONG-HSIN Rollingelements","isPartOf":{"@id":"http:\/\/www.camcjsw-rollingelements.com\/#website"},"primaryImageOfPage":{"@id":"http:\/\/www.camcjsw-rollingelements.com\/product\/bb-ball#primaryimage"},"image":{"@id":"http:\/\/www.camcjsw-rollingelements.com\/product\/bb-ball#primaryimage"},"thumbnailUrl":"http:\/\/www.camcjsw-rollingelements.com\/wp-content\/uploads\/2025\/09\/201901040231229390.webp","datePublished":"2024-04-24T02:52:21+00:00","dateModified":"2025-09-26T05:23:19+00:00","description":"BB Ball JSW produce high-precision PP \/ POM (Delrin) \/ Nylon \/ BB \/ PVDF \/ PE \/ PS \/ PTFE \/ ACRYLIC solid plastic and hollow plastic balls","breadcrumb":{"@id":"http:\/\/www.camcjsw-rollingelements.com\/product\/bb-ball#breadcrumb"},"inLanguage":"es","potentialAction":[{"@type":"ReadAction","target":["http:\/\/www.camcjsw-rollingelements.com\/product\/bb-ball"]}]},{"@type":"ImageObject","inLanguage":"es","@id":"http:\/\/www.camcjsw-rollingelements.com\/product\/bb-ball#primaryimage","url":"http:\/\/www.camcjsw-rollingelements.com\/wp-content\/uploads\/2025\/09\/201901040231229390.webp","contentUrl":"http:\/\/www.camcjsw-rollingelements.com\/wp-content\/uploads\/2025\/09\/201901040231229390.webp","width":257,"height":190},{"@type":"BreadcrumbList","@id":"http:\/\/www.camcjsw-rollingelements.com\/product\/bb-ball#breadcrumb","itemListElement":[{"@type":"ListItem","position":1,"name":"Home","item":"http:\/\/www.camcjsw-rollingelements.com\/"},{"@type":"ListItem","position":2,"name":"Productos","item":"http:\/\/www.camcjsw-rollingelements.com\/es\/shop"},{"@type":"ListItem","position":3,"name":"BB Ball"}]},{"@type":"WebSite","@id":"http:\/\/www.camcjsw-rollingelements.com\/#website","url":"http:\/\/www.camcjsw-rollingelements.com\/","name":"JIANGSU WALLONG-HSIN Rollingelements","description":"","publisher":{"@id":"http:\/\/www.camcjsw-rollingelements.com\/#organization"},"potentialAction":[{"@type":"SearchAction","target":{"@type":"EntryPoint","urlTemplate":"http:\/\/www.camcjsw-rollingelements.com\/?s={search_term_string}"},"query-input":{"@type":"PropertyValueSpecification","valueRequired":true,"valueName":"search_term_string"}}],"inLanguage":"es"},{"@type":"Organization","@id":"http:\/\/www.camcjsw-rollingelements.com\/#organization","name":"JIANGSU WALLONG-HSIN MACHINERY ENGINEERING CORPORATION LTD.","url":"http:\/\/www.camcjsw-rollingelements.com\/","logo":{"@type":"ImageObject","inLanguage":"es","@id":"http:\/\/www.camcjsw-rollingelements.com\/#\/schema\/logo\/image\/","url":"http:\/\/www.camcjsw-rollingelements.com\/wp-content\/uploads\/2025\/09\/logo\u526f\u672c.png","contentUrl":"http:\/\/www.camcjsw-rollingelements.com\/wp-content\/uploads\/2025\/09\/logo\u526f\u672c.png","width":555,"height":55,"caption":"JIANGSU WALLONG-HSIN MACHINERY ENGINEERING CORPORATION LTD."},"image":{"@id":"http:\/\/www.camcjsw-rollingelements.com\/#\/schema\/logo\/image\/"},"sameAs":["https:\/\/www.facebook.com\/profile.php?id=100079096777836","https:\/\/x.com\/SissiXu11"]}]}},"_links":{"self":[{"href":"http:\/\/www.camcjsw-rollingelements.com\/es\/wp-json\/wp\/v2\/product\/1676","targetHints":{"allow":["GET"]}}],"collection":[{"href":"http:\/\/www.camcjsw-rollingelements.com\/es\/wp-json\/wp\/v2\/product"}],"about":[{"href":"http:\/\/www.camcjsw-rollingelements.com\/es\/wp-json\/wp\/v2\/types\/product"}],"wp:featuredmedia":[{"embeddable":true,"href":"http:\/\/www.camcjsw-rollingelements.com\/es\/wp-json\/wp\/v2\/media\/479"}],"wp:attachment":[{"href":"http:\/\/www.camcjsw-rollingelements.com\/es\/wp-json\/wp\/v2\/media?parent=1676"}],"wp:term":[{"taxonomy":"product_brand","embeddable":true,"href":"http:\/\/www.camcjsw-rollingelements.com\/es\/wp-json\/wp\/v2\/product_brand?post=1676"},{"taxonomy":"product_cat","embeddable":true,"href":"http:\/\/www.camcjsw-rollingelements.com\/es\/wp-json\/wp\/v2\/product_cat?post=1676"},{"taxonomy":"product_tag","embeddable":true,"href":"http:\/\/www.camcjsw-rollingelements.com\/es\/wp-json\/wp\/v2\/product_tag?post=1676"}],"curies":[{"name":"wp","href":"https:\/\/api.w.org\/{rel}","templated":true}]}}