{"id":1736,"date":"2024-04-24T15:12:13","date_gmt":"2024-04-24T07:12:13","guid":{"rendered":"http:\/\/www.camcjsw-rollingelements.com\/product\/sps-pressed-metal-sheet-body-series-light-duty-type\/"},"modified":"2025-09-26T10:41:51","modified_gmt":"2025-09-26T02:41:51","slug":"sps-pressed-metal-sheet-body-series-light-duty-type","status":"publish","type":"product","link":"http:\/\/www.camcjsw-rollingelements.com\/es\/producto\/sps-pressed-metal-sheet-body-series-light-duty-type","title":{"rendered":"Serie de carrocer\u00edas de chapa met\u00e1lica prensada SPS - Tipo de servicio ligero"},"content":{"rendered":"<table border=\"1\" cellspacing=\"0\" cellpadding=\"0\">\n<tbody>\n<tr>\n<td>\n<div>\n<p align=\"center\">Tipo<\/p>\n<\/div>\n<\/td>\n<td>\n<div>\n<p align=\"center\">Di\u00e1metro de la bola principal (mm)<\/p>\n<\/div>\n<\/td>\n<td>\n<div>\n<p align=\"center\">Capacidad de carga din\u00e1mica (kg)<\/p>\n<\/div>\n<\/td>\n<td>\n<div>\n<p align=\"center\">Peso unitario (kg)<\/p>\n<\/div>\n<\/td>\n<\/tr>\n<tr>\n<td>\n<div>\n<p align=\"center\">SPS 12<\/p>\n<\/div>\n<\/td>\n<td>\n<div>\n<p align=\"center\">12.7<\/p>\n<\/div>\n<\/td>\n<td>\n<div>\n<p align=\"center\">15<\/p>\n<\/div>\n<\/td>\n<td>\n<div>\n<p align=\"center\">0.02<\/p>\n<\/div>\n<\/td>\n<\/tr>\n<tr>\n<td>\n<div>\n<p align=\"center\">SPS 15<\/p>\n<\/div>\n<\/td>\n<td>\n<div>\n<p align=\"center\">15.875<\/p>\n<\/div>\n<\/td>\n<td>\n<div>\n<p align=\"center\">37<\/p>\n<\/div>\n<\/td>\n<td>\n<div>\n<p align=\"center\">0.024<\/p>\n<\/div>\n<\/td>\n<\/tr>\n<tr>\n<td>\n<div>\n<p align=\"center\">SPS 22<\/p>\n<\/div>\n<\/td>\n<td>\n<div>\n<p align=\"center\">22.225<\/p>\n<\/div>\n<\/td>\n<td>\n<div>\n<p align=\"center\">97<\/p>\n<\/div>\n<\/td>\n<td>\n<div>\n<p align=\"center\">0.093<\/p>\n<\/div>\n<\/td>\n<\/tr>\n<tr>\n<td>\n<div>\n<p align=\"center\">SPS 30<\/p>\n<\/div>\n<\/td>\n<td>\n<div>\n<p align=\"center\">25.4<\/p>\n<\/div>\n<\/td>\n<td>\n<div>\n<p align=\"center\">190<\/p>\n<\/div>\n<\/td>\n<td>\n<div>\n<p align=\"center\">0.168<\/p>\n<\/div>\n<\/td>\n<\/tr>\n<tr>\n<td>\n<div>\n<p align=\"center\">SPS 45<\/p>\n<\/div>\n<\/td>\n<td>\n<div>\n<p align=\"center\">30.1625<\/p>\n<\/div>\n<\/td>\n<td>\n<div>\n<p align=\"center\">220<\/p>\n<\/div>\n<\/td>\n<td>\n<div>\n<p align=\"center\">0.384<\/p>\n<\/div>\n<\/td>\n<\/tr>\n<\/tbody>\n<\/table>\n<p>&nbsp;<\/p>\n<table border=\"1\" cellspacing=\"0\" cellpadding=\"0\">\n<tbody>\n<tr>\n<td>\n<div>\n<p align=\"center\"><strong>B<\/strong><\/p>\n<\/div>\n<\/td>\n<td>\n<div>\n<p align=\"center\">Cuerpo de acero galvanizado prensado y bolas de acero.<\/p>\n<\/div>\n<\/td>\n<\/tr>\n<tr>\n<td>\n<div>\n<p align=\"center\"><strong>C<\/strong><\/p>\n<\/div>\n<\/td>\n<td>\n<div>\n<p align=\"center\">Cuerpo de acero cincado prensado y bolas de acero inoxidable AISI420C.<\/p>\n<\/div>\n<\/td>\n<\/tr>\n<tr>\n<td>\n<div>\n<p align=\"center\"><strong>B-D<\/strong><\/p>\n<\/div>\n<\/td>\n<td>\n<div>\n<p align=\"center\">Cuerpo de acero galvanizado prensado, bola grande en Delrin y bolas peque\u00f1as de acero.<\/p>\n<\/div>\n<\/td>\n<\/tr>\n<tr>\n<td>\n<div>\n<p align=\"center\"><strong>C-D<\/strong><\/p>\n<\/div>\n<\/td>\n<td>\n<div>\n<p align=\"center\">Cuerpo de acero cincado prensado, bola grande en Delrin y bolas peque\u00f1as en acero inoxidable AISI420C<\/p>\n<\/div>\n<\/td>\n<\/tr>\n<tr>\n<td>\n<div>\n<p align=\"center\"><strong>SS<\/strong><\/p>\n<\/div>\n<\/td>\n<td>\n<div>\n<p align=\"center\">Cuerpo de acero mecanizado zincado y bolas de acero inoxidable AISI420C<\/p>\n<\/div>\n<\/td>\n<\/tr>\n<tr>\n<td>\n<div>\n<p align=\"center\"><strong>SS-CD<\/strong><\/p>\n<\/div>\n<\/td>\n<td>\n<div>\n<p align=\"center\">Cuerpo completamente prensado en acero inoxidable tipo AISI304, bola grande en Delrin y bolas peque\u00f1as en acero inoxidable AISI420C<\/p>\n<\/div>\n<\/td>\n<\/tr>\n<\/tbody>\n<\/table>\n<p>Descubra nuestra gama de alto rendimiento de unidades de transferencia de bolas, JSW dise\u00f1adas para permitir un movimiento suave y multidireccional a lo largo de un plano nivelado para cargas con superficies r\u00edgidas y planas.<\/p>\n<p>Dise\u00f1ados para manipular todo, desde art\u00edculos livianos hasta aplicaciones pesadas, lo que los hace ideales para innumerables usos industriales, log\u00edsticos y de fabricaci\u00f3n.<\/p>\n<p><strong><b>Amplia gama de construcciones y aplicaciones<\/b><\/strong><\/p>\n<ul>\n<li>Sistemas transportadores y equipos de manipulaci\u00f3n de materiales<\/li>\n<li>Estaciones de embalaje, montaje y desmontaje<\/li>\n<li>Centros de mecanizado y m\u00e1quinas herramienta<\/li>\n<li>Procesamiento de acero y manejo de cargas pesadas<\/li>\n<li>Aplicaciones de log\u00edstica y transporte.<\/li>\n<li>Automated feed systems and production lines<\/li>\n<\/ul>\n<p><strong><b>Caracter\u00edsticas clave<\/b><\/strong><\/p>\n<ul>\n<li>Movimiento multidireccional para facilitar el posicionamiento, rotaci\u00f3n y guiado de cargas.<\/li>\n<li>Construcci\u00f3n duradera con opciones en poliamida, acero y componentes templados.<\/li>\n<li>Protecci\u00f3n contra la contaminaci\u00f3n gracias a las juntas de fieltro integradas<\/li>\n<li>Configuraciones de montaje flexibles para adaptarse al dise\u00f1o de su sistema<\/li>\n<\/ul>\n<p><strong><b>Soluciones personalizadas disponibles<\/b><\/strong><\/p>\n<p>En JSW ofrecemos unidades de transferencia de bolas personalizadas con materiales, geometr\u00edas y capacidades de carga especializados para satisfacer demandas operativas \u00fanicas.<\/p>\n<p>Ideales para la integraci\u00f3n en maquinaria, sistemas de transferencia, mesas de trabajo y equipos automatizados, nuestras unidades de transferencia de bolas mejoran la eficiencia y la flexibilidad en todas las industrias.<\/p>\n<p>Aumente su productividad operativa con transferencias de bolas confiables y de funcionamiento suave: cont\u00e1ctenos hoy para encontrar la soluci\u00f3n perfecta para su aplicaci\u00f3n<\/p>","protected":false},"excerpt":{"rendered":"<p>Type Main Ball Diameter (mm) Dynamic Load Capacity (kg) Unit Weight (kg) SPS 12 12.7 15 0.02 SPS 15 15.875 37 0.024 SPS 22 22.225 97 0.093 SPS 30 25.4 190 0.168 SPS 45 30.1625 220 0.384 &nbsp; B Pressed zinc plated steel body and steel balls C Pressed zinc plated steel body and steel [&hellip;]<\/p>","protected":false},"featured_media":469,"template":"","meta":{"site-sidebar-layout":"default","site-content-layout":"","ast-site-content-layout":"default","site-content-style":"default","site-sidebar-style":"default","ast-global-header-display":"","ast-banner-title-visibility":"","ast-main-header-display":"","ast-hfb-above-header-display":"","ast-hfb-below-header-display":"","ast-hfb-mobile-header-display":"","site-post-title":"","ast-breadcrumbs-content":"","ast-featured-img":"","footer-sml-layout":"","theme-transparent-header-meta":"default","adv-header-id-meta":"","stick-header-meta":"","header-above-stick-meta":"","header-main-stick-meta":"","header-below-stick-meta":"","astra-migrate-meta-layouts":"set","ast-page-background-enabled":"default","ast-page-background-meta":{"desktop":{"background-color":"var(--ast-global-color-4)","background-image":"","background-repeat":"repeat","background-position":"center center","background-size":"auto","background-attachment":"scroll","background-type":"","background-media":"","overlay-type":"","overlay-color":"","overlay-opacity":"","overlay-gradient":""},"tablet":{"background-color":"","background-image":"","background-repeat":"repeat","background-position":"center center","background-size":"auto","background-attachment":"scroll","background-type":"","background-media":"","overlay-type":"","overlay-color":"","overlay-opacity":"","overlay-gradient":""},"mobile":{"background-color":"","background-image":"","background-repeat":"repeat","background-position":"center center","background-size":"auto","background-attachment":"scroll","background-type":"","background-media":"","overlay-type":"","overlay-color":"","overlay-opacity":"","overlay-gradient":""}},"ast-content-background-meta":{"desktop":{"background-color":"var(--ast-global-color-5)","background-image":"","background-repeat":"repeat","background-position":"center center","background-size":"auto","background-attachment":"scroll","background-type":"","background-media":"","overlay-type":"","overlay-color":"","overlay-opacity":"","overlay-gradient":""},"tablet":{"background-color":"var(--ast-global-color-5)","background-image":"","background-repeat":"repeat","background-position":"center center","background-size":"auto","background-attachment":"scroll","background-type":"","background-media":"","overlay-type":"","overlay-color":"","overlay-opacity":"","overlay-gradient":""},"mobile":{"background-color":"var(--ast-global-color-5)","background-image":"","background-repeat":"repeat","background-position":"center center","background-size":"auto","background-attachment":"scroll","background-type":"","background-media":"","overlay-type":"","overlay-color":"","overlay-opacity":"","overlay-gradient":""}}},"product_brand":[],"product_cat":[51],"product_tag":[],"class_list":{"0":"post-1736","1":"product","2":"type-product","3":"status-publish","4":"has-post-thumbnail","6":"product_cat-ball-transfer-unit","7":"desktop-align-left","8":"tablet-align-left","9":"mobile-align-left","11":"first","12":"instock","13":"shipping-taxable","14":"product-type-simple"},"yoast_head":"<!-- This site is optimized with the Yoast SEO Premium plugin v22.5 (Yoast SEO v25.9) - https:\/\/yoast.com\/wordpress\/plugins\/seo\/ -->\r\n<title>SPS-Pressed metal sheet Body Series-Light Duty Type - JIANGSU WALLONG-HSIN Rollingelements<\/title>\r\n<meta name=\"description\" content=\"SPS-Pressed metal sheet Body Series-Light Duty Type SPS15BD,SP30B,SP22B,SP15C,SP15 P,SP 15 A-FL hot sale!\" \/>\r\n<meta name=\"robots\" content=\"index, follow, max-snippet:-1, max-image-preview:large, max-video-preview:-1\" \/>\r\n<link rel=\"canonical\" href=\"http:\/\/www.camcjsw-rollingelements.com\/es\/producto\/sps-pressed-metal-sheet-body-series-light-duty-type\/\" \/>\r\n<meta property=\"og:locale\" content=\"es_ES\" \/>\r\n<meta property=\"og:type\" content=\"article\" \/>\r\n<meta property=\"og:title\" content=\"SPS-Pressed metal sheet Body Series-Light Duty Type\" \/>\r\n<meta property=\"og:description\" content=\"SPS-Pressed metal sheet Body Series-Light Duty Type SPS15BD,SP30B,SP22B,SP15C,SP15 P,SP 15 A-FL hot sale!\" \/>\r\n<meta property=\"og:url\" content=\"http:\/\/www.camcjsw-rollingelements.com\/es\/producto\/sps-pressed-metal-sheet-body-series-light-duty-type\/\" \/>\r\n<meta property=\"og:site_name\" content=\"JIANGSU WALLONG-HSIN Rollingelements\" \/>\r\n<meta property=\"article:publisher\" content=\"https:\/\/www.facebook.com\/profile.php?id=100079096777836\" \/>\r\n<meta property=\"article:modified_time\" content=\"2025-09-26T02:41:51+00:00\" \/>\r\n<meta property=\"og:image\" content=\"http:\/\/www.camcjsw-rollingelements.com\/wp-content\/uploads\/2025\/09\/201504230219497927.webp\" \/>\r\n\t<meta property=\"og:image:width\" content=\"257\" \/>\r\n\t<meta property=\"og:image:height\" content=\"190\" \/>\r\n\t<meta property=\"og:image:type\" content=\"image\/webp\" \/>\r\n<meta name=\"twitter:card\" content=\"summary_large_image\" \/>\r\n<meta name=\"twitter:site\" content=\"@SissiXu11\" \/>\r\n<meta name=\"twitter:label1\" content=\"Tiempo de lectura\" \/>\n\t<meta name=\"twitter:data1\" content=\"1 minuto\" \/>\r\n<script type=\"application\/ld+json\" class=\"yoast-schema-graph\">{\"@context\":\"https:\/\/schema.org\",\"@graph\":[{\"@type\":\"WebPage\",\"@id\":\"http:\/\/www.camcjsw-rollingelements.com\/product\/sps-pressed-metal-sheet-body-series-light-duty-type\",\"url\":\"http:\/\/www.camcjsw-rollingelements.com\/product\/sps-pressed-metal-sheet-body-series-light-duty-type\",\"name\":\"SPS-Pressed metal sheet Body Series-Light Duty Type - JIANGSU WALLONG-HSIN Rollingelements\",\"isPartOf\":{\"@id\":\"http:\/\/www.camcjsw-rollingelements.com\/#website\"},\"primaryImageOfPage\":{\"@id\":\"http:\/\/www.camcjsw-rollingelements.com\/product\/sps-pressed-metal-sheet-body-series-light-duty-type#primaryimage\"},\"image\":{\"@id\":\"http:\/\/www.camcjsw-rollingelements.com\/product\/sps-pressed-metal-sheet-body-series-light-duty-type#primaryimage\"},\"thumbnailUrl\":\"http:\/\/www.camcjsw-rollingelements.com\/wp-content\/uploads\/2025\/09\/201504230219497927.webp\",\"datePublished\":\"2024-04-24T07:12:13+00:00\",\"dateModified\":\"2025-09-26T02:41:51+00:00\",\"description\":\"SPS-Pressed metal sheet Body Series-Light Duty Type SPS15BD,SP30B,SP22B,SP15C,SP15 P,SP 15 A-FL hot sale!\",\"breadcrumb\":{\"@id\":\"http:\/\/www.camcjsw-rollingelements.com\/product\/sps-pressed-metal-sheet-body-series-light-duty-type#breadcrumb\"},\"inLanguage\":\"es\",\"potentialAction\":[{\"@type\":\"ReadAction\",\"target\":[\"http:\/\/www.camcjsw-rollingelements.com\/product\/sps-pressed-metal-sheet-body-series-light-duty-type\"]}]},{\"@type\":\"ImageObject\",\"inLanguage\":\"es\",\"@id\":\"http:\/\/www.camcjsw-rollingelements.com\/product\/sps-pressed-metal-sheet-body-series-light-duty-type#primaryimage\",\"url\":\"http:\/\/www.camcjsw-rollingelements.com\/wp-content\/uploads\/2025\/09\/201504230219497927.webp\",\"contentUrl\":\"http:\/\/www.camcjsw-rollingelements.com\/wp-content\/uploads\/2025\/09\/201504230219497927.webp\",\"width\":257,\"height\":190},{\"@type\":\"BreadcrumbList\",\"@id\":\"http:\/\/www.camcjsw-rollingelements.com\/product\/sps-pressed-metal-sheet-body-series-light-duty-type#breadcrumb\",\"itemListElement\":[{\"@type\":\"ListItem\",\"position\":1,\"name\":\"Home\",\"item\":\"http:\/\/www.camcjsw-rollingelements.com\/\"},{\"@type\":\"ListItem\",\"position\":2,\"name\":\"Productos\",\"item\":\"http:\/\/www.camcjsw-rollingelements.com\/es\/shop\"},{\"@type\":\"ListItem\",\"position\":3,\"name\":\"SPS-Pressed metal sheet Body Series-Light Duty Type\"}]},{\"@type\":\"WebSite\",\"@id\":\"http:\/\/www.camcjsw-rollingelements.com\/#website\",\"url\":\"http:\/\/www.camcjsw-rollingelements.com\/\",\"name\":\"JIANGSU WALLONG-HSIN Rollingelements\",\"description\":\"\",\"publisher\":{\"@id\":\"http:\/\/www.camcjsw-rollingelements.com\/#organization\"},\"potentialAction\":[{\"@type\":\"SearchAction\",\"target\":{\"@type\":\"EntryPoint\",\"urlTemplate\":\"http:\/\/www.camcjsw-rollingelements.com\/?s={search_term_string}\"},\"query-input\":{\"@type\":\"PropertyValueSpecification\",\"valueRequired\":true,\"valueName\":\"search_term_string\"}}],\"inLanguage\":\"es\"},{\"@type\":\"Organization\",\"@id\":\"http:\/\/www.camcjsw-rollingelements.com\/#organization\",\"name\":\"JIANGSU WALLONG-HSIN MACHINERY ENGINEERING CORPORATION LTD.\",\"url\":\"http:\/\/www.camcjsw-rollingelements.com\/\",\"logo\":{\"@type\":\"ImageObject\",\"inLanguage\":\"es\",\"@id\":\"http:\/\/www.camcjsw-rollingelements.com\/#\/schema\/logo\/image\/\",\"url\":\"http:\/\/www.camcjsw-rollingelements.com\/wp-content\/uploads\/2025\/09\/logo\u526f\u672c.png\",\"contentUrl\":\"http:\/\/www.camcjsw-rollingelements.com\/wp-content\/uploads\/2025\/09\/logo\u526f\u672c.png\",\"width\":555,\"height\":55,\"caption\":\"JIANGSU WALLONG-HSIN MACHINERY ENGINEERING CORPORATION LTD.\"},\"image\":{\"@id\":\"http:\/\/www.camcjsw-rollingelements.com\/#\/schema\/logo\/image\/\"},\"sameAs\":[\"https:\/\/www.facebook.com\/profile.php?id=100079096777836\",\"https:\/\/x.com\/SissiXu11\"]}]}<\/script>\r\n<!-- \/ Yoast SEO Premium plugin. -->","yoast_head_json":{"title":"SPS-Pressed metal sheet Body Series-Light Duty Type - JIANGSU WALLONG-HSIN Rollingelements","description":"SPS-Pressed metal sheet Body Series-Light Duty Type SPS15BD,SP30B,SP22B,SP15C,SP15 P,SP 15 A-FL hot sale!","robots":{"index":"index","follow":"follow","max-snippet":"max-snippet:-1","max-image-preview":"max-image-preview:large","max-video-preview":"max-video-preview:-1"},"canonical":"http:\/\/www.camcjsw-rollingelements.com\/es\/producto\/sps-pressed-metal-sheet-body-series-light-duty-type\/","og_locale":"es_ES","og_type":"article","og_title":"SPS-Pressed metal sheet Body Series-Light Duty Type","og_description":"SPS-Pressed metal sheet Body Series-Light Duty Type SPS15BD,SP30B,SP22B,SP15C,SP15 P,SP 15 A-FL hot sale!","og_url":"http:\/\/www.camcjsw-rollingelements.com\/es\/producto\/sps-pressed-metal-sheet-body-series-light-duty-type\/","og_site_name":"JIANGSU WALLONG-HSIN Rollingelements","article_publisher":"https:\/\/www.facebook.com\/profile.php?id=100079096777836","article_modified_time":"2025-09-26T02:41:51+00:00","og_image":[{"width":257,"height":190,"url":"http:\/\/www.camcjsw-rollingelements.com\/wp-content\/uploads\/2025\/09\/201504230219497927.webp","type":"image\/webp"}],"twitter_card":"summary_large_image","twitter_site":"@SissiXu11","twitter_misc":{"Tiempo de lectura":"1 minuto"},"schema":{"@context":"https:\/\/schema.org","@graph":[{"@type":"WebPage","@id":"http:\/\/www.camcjsw-rollingelements.com\/product\/sps-pressed-metal-sheet-body-series-light-duty-type","url":"http:\/\/www.camcjsw-rollingelements.com\/product\/sps-pressed-metal-sheet-body-series-light-duty-type","name":"SPS-Pressed metal sheet Body Series-Light Duty Type - JIANGSU WALLONG-HSIN Rollingelements","isPartOf":{"@id":"http:\/\/www.camcjsw-rollingelements.com\/#website"},"primaryImageOfPage":{"@id":"http:\/\/www.camcjsw-rollingelements.com\/product\/sps-pressed-metal-sheet-body-series-light-duty-type#primaryimage"},"image":{"@id":"http:\/\/www.camcjsw-rollingelements.com\/product\/sps-pressed-metal-sheet-body-series-light-duty-type#primaryimage"},"thumbnailUrl":"http:\/\/www.camcjsw-rollingelements.com\/wp-content\/uploads\/2025\/09\/201504230219497927.webp","datePublished":"2024-04-24T07:12:13+00:00","dateModified":"2025-09-26T02:41:51+00:00","description":"SPS-Pressed metal sheet Body Series-Light Duty Type SPS15BD,SP30B,SP22B,SP15C,SP15 P,SP 15 A-FL hot sale!","breadcrumb":{"@id":"http:\/\/www.camcjsw-rollingelements.com\/product\/sps-pressed-metal-sheet-body-series-light-duty-type#breadcrumb"},"inLanguage":"es","potentialAction":[{"@type":"ReadAction","target":["http:\/\/www.camcjsw-rollingelements.com\/product\/sps-pressed-metal-sheet-body-series-light-duty-type"]}]},{"@type":"ImageObject","inLanguage":"es","@id":"http:\/\/www.camcjsw-rollingelements.com\/product\/sps-pressed-metal-sheet-body-series-light-duty-type#primaryimage","url":"http:\/\/www.camcjsw-rollingelements.com\/wp-content\/uploads\/2025\/09\/201504230219497927.webp","contentUrl":"http:\/\/www.camcjsw-rollingelements.com\/wp-content\/uploads\/2025\/09\/201504230219497927.webp","width":257,"height":190},{"@type":"BreadcrumbList","@id":"http:\/\/www.camcjsw-rollingelements.com\/product\/sps-pressed-metal-sheet-body-series-light-duty-type#breadcrumb","itemListElement":[{"@type":"ListItem","position":1,"name":"Home","item":"http:\/\/www.camcjsw-rollingelements.com\/"},{"@type":"ListItem","position":2,"name":"Productos","item":"http:\/\/www.camcjsw-rollingelements.com\/es\/shop"},{"@type":"ListItem","position":3,"name":"SPS-Pressed metal sheet Body Series-Light Duty Type"}]},{"@type":"WebSite","@id":"http:\/\/www.camcjsw-rollingelements.com\/#website","url":"http:\/\/www.camcjsw-rollingelements.com\/","name":"JIANGSU WALLONG-HSIN Rollingelements","description":"","publisher":{"@id":"http:\/\/www.camcjsw-rollingelements.com\/#organization"},"potentialAction":[{"@type":"SearchAction","target":{"@type":"EntryPoint","urlTemplate":"http:\/\/www.camcjsw-rollingelements.com\/?s={search_term_string}"},"query-input":{"@type":"PropertyValueSpecification","valueRequired":true,"valueName":"search_term_string"}}],"inLanguage":"es"},{"@type":"Organization","@id":"http:\/\/www.camcjsw-rollingelements.com\/#organization","name":"JIANGSU WALLONG-HSIN MACHINERY ENGINEERING CORPORATION LTD.","url":"http:\/\/www.camcjsw-rollingelements.com\/","logo":{"@type":"ImageObject","inLanguage":"es","@id":"http:\/\/www.camcjsw-rollingelements.com\/#\/schema\/logo\/image\/","url":"http:\/\/www.camcjsw-rollingelements.com\/wp-content\/uploads\/2025\/09\/logo\u526f\u672c.png","contentUrl":"http:\/\/www.camcjsw-rollingelements.com\/wp-content\/uploads\/2025\/09\/logo\u526f\u672c.png","width":555,"height":55,"caption":"JIANGSU WALLONG-HSIN MACHINERY ENGINEERING CORPORATION LTD."},"image":{"@id":"http:\/\/www.camcjsw-rollingelements.com\/#\/schema\/logo\/image\/"},"sameAs":["https:\/\/www.facebook.com\/profile.php?id=100079096777836","https:\/\/x.com\/SissiXu11"]}]}},"_links":{"self":[{"href":"http:\/\/www.camcjsw-rollingelements.com\/es\/wp-json\/wp\/v2\/product\/1736","targetHints":{"allow":["GET"]}}],"collection":[{"href":"http:\/\/www.camcjsw-rollingelements.com\/es\/wp-json\/wp\/v2\/product"}],"about":[{"href":"http:\/\/www.camcjsw-rollingelements.com\/es\/wp-json\/wp\/v2\/types\/product"}],"wp:featuredmedia":[{"embeddable":true,"href":"http:\/\/www.camcjsw-rollingelements.com\/es\/wp-json\/wp\/v2\/media\/469"}],"wp:attachment":[{"href":"http:\/\/www.camcjsw-rollingelements.com\/es\/wp-json\/wp\/v2\/media?parent=1736"}],"wp:term":[{"taxonomy":"product_brand","embeddable":true,"href":"http:\/\/www.camcjsw-rollingelements.com\/es\/wp-json\/wp\/v2\/product_brand?post=1736"},{"taxonomy":"product_cat","embeddable":true,"href":"http:\/\/www.camcjsw-rollingelements.com\/es\/wp-json\/wp\/v2\/product_cat?post=1736"},{"taxonomy":"product_tag","embeddable":true,"href":"http:\/\/www.camcjsw-rollingelements.com\/es\/wp-json\/wp\/v2\/product_tag?post=1736"}],"curies":[{"name":"wp","href":"https:\/\/api.w.org\/{rel}","templated":true}]}}