{"id":1738,"date":"2024-04-24T15:16:32","date_gmt":"2024-04-24T07:16:32","guid":{"rendered":"http:\/\/www.camcjsw-rollingelements.com\/product\/is-n-ik-series\/"},"modified":"2025-09-26T10:35:44","modified_gmt":"2025-09-26T02:35:44","slug":"is-n-ik-series","status":"publish","type":"product","link":"http:\/\/www.camcjsw-rollingelements.com\/es\/producto\/is-n-ik-series","title":{"rendered":"Serie IK-N IK"},"content":{"rendered":"<table border=\"1\" width=\"621\" cellspacing=\"0\" cellpadding=\"0\">\n<tbody>\n<tr>\n<td rowspan=\"2\">\n<p align=\"center\">Tipo<\/p>\n<\/td>\n<td rowspan=\"2\">\n<p align=\"center\">do N<\/p>\n<\/td>\n<td colspan=\"9\">\n<p align=\"center\">Dimensions<\/p>\n<\/td>\n<td rowspan=\"2\">\n<p align=\"left\">Self-weight<\/p>\n<\/td>\n<\/tr>\n<tr>\n<td>\n<p align=\"center\">DW<\/p>\n<\/td>\n<td>\n<p align=\"center\">D<\/p>\n<\/td>\n<td>\n<p align=\"center\">D1<\/p>\n<\/td>\n<td>\n<p align=\"center\">H<\/p>\n<\/td>\n<td>\n<p align=\"center\">h<\/p>\n<\/td>\n<td>\n<p align=\"center\">b<\/p>\n<\/td>\n<td>\n<p align=\"center\">g<\/p>\n<\/td>\n<td>\n<p align=\"center\">d<\/p>\n<\/td>\n<td>\n<p align=\"center\">e<\/p>\n<\/td>\n<\/tr>\n<tr>\n<td>\n<p align=\"center\">BMP15<\/p>\n<\/td>\n<td>\n<p align=\"center\">43<\/p>\n<\/td>\n<td>\n<p align=\"center\">15.875<\/p>\n<\/td>\n<td>\n<p align=\"center\">24\u00b10.06<\/p>\n<\/td>\n<td>\n<p align=\"center\">31<\/p>\n<\/td>\n<td>\n<p align=\"center\">21<\/p>\n<\/td>\n<td>\n<p align=\"center\">9.5\u00b10.2<\/p>\n<\/td>\n<td>\n<p align=\"center\">5.5<\/p>\n<\/td>\n<td>\n<p align=\"center\">2<\/p>\n<\/td>\n<td>\n<p align=\"left\">22.9+0.1<\/p>\n<p align=\"left\">\u00a0\u00a0\u00a0 -0.2<\/p>\n<\/td>\n<td>\n<p align=\"center\">1.3+0.1<\/p>\n<p align=\"center\">-0<\/p>\n<\/td>\n<td>\n<p align=\"center\">0.06<\/p>\n<\/td>\n<\/tr>\n<tr>\n<td>\n<p align=\"center\">BMP22<\/p>\n<\/td>\n<td>\n<p align=\"center\">137<\/p>\n<\/td>\n<td>\n<p align=\"center\">22.225<\/p>\n<\/td>\n<td>\n<p align=\"center\">36 \u00b10 .08<\/p>\n<\/td>\n<td>\n<p align=\"center\">45<\/p>\n<\/td>\n<td>\n<p align=\"center\">31<\/p>\n<\/td>\n<td>\n<p align=\"center\">9.8\u00b10.2<\/p>\n<\/td>\n<td>\n<p align=\"center\">6.3<\/p>\n<\/td>\n<td>\n<p align=\"center\">3<\/p>\n<\/td>\n<td>\n<p align=\"left\">34+0<\/p>\n<p align=\"left\">-0.25<\/p>\n<\/td>\n<td>\n<p align=\"center\">1.85+0.1<\/p>\n<p align=\"center\">-0<\/p>\n<\/td>\n<td>\n<p align=\"center\">0.20<\/p>\n<\/td>\n<\/tr>\n<tr>\n<td>\n<p align=\"center\">BMP30<\/p>\n<\/td>\n<td>\n<p align=\"center\">256<\/p>\n<\/td>\n<td>\n<p align=\"center\">30.1625<\/p>\n<\/td>\n<td>\n<p align=\"center\">450\u00b1.08<\/p>\n<\/td>\n<td>\n<p align=\"center\">55<\/p>\n<\/td>\n<td>\n<p align=\"center\">37<\/p>\n<\/td>\n<td>\n<p align=\"center\">14\u00b10.2<\/p>\n<\/td>\n<td>\n<p align=\"center\">8.3<\/p>\n<\/td>\n<td>\n<p align=\"center\">4<\/p>\n<\/td>\n<td>\n<p align=\"left\">42.5+0<\/p>\n<p align=\"left\">-0.25<\/p>\n<\/td>\n<td>\n<p align=\"center\">1.85+0.1<\/p>\n<p align=\"center\">-0<\/p>\n<\/td>\n<td>\n<p align=\"center\">0.35<\/p>\n<\/td>\n<\/tr>\n<tr>\n<td>\n<p align=\"center\">BMP45<\/p>\n<\/td>\n<td>\n<p align=\"center\">525<\/p>\n<\/td>\n<td>\n<p align=\"center\">44.45<\/p>\n<\/td>\n<td>\n<p align=\"center\">62\u00b10.1<\/p>\n<\/td>\n<td>\n<p align=\"center\">75<\/p>\n<\/td>\n<td>\n<p align=\"center\">53.5<\/p>\n<\/td>\n<td>\n<p align=\"center\">19\u00b10.2<\/p>\n<\/td>\n<td>\n<p align=\"center\">10<\/p>\n<\/td>\n<td>\n<p align=\"center\">4.5<\/p>\n<\/td>\n<td>\n<p align=\"left\">59+0<\/p>\n<p align=\"left\">-0.3<\/p>\n<\/td>\n<td>\n<p align=\"center\">2.15+01<\/p>\n<p align=\"center\">-0<\/p>\n<\/td>\n<td>\n<p align=\"center\">1.03<\/p>\n<\/td>\n<\/tr>\n<\/tbody>\n<\/table>\n<p>&nbsp;<\/p>\n<p>Descubra nuestra gama de alto rendimiento de unidades de transferencia de bolas, JSW dise\u00f1adas para permitir un movimiento suave y multidireccional a lo largo de un plano nivelado para cargas con superficies r\u00edgidas y planas.<\/p>\n<p>Dise\u00f1ados para manipular todo, desde art\u00edculos livianos hasta aplicaciones pesadas, lo que los hace ideales para innumerables usos industriales, log\u00edsticos y de fabricaci\u00f3n.<\/p>\n<p><strong><b>Amplia gama de construcciones y aplicaciones<\/b><\/strong><\/p>\n<ul>\n<li>Sistemas transportadores y equipos de manipulaci\u00f3n de materiales<\/li>\n<li>Estaciones de embalaje, montaje y desmontaje<\/li>\n<li>Centros de mecanizado y m\u00e1quinas herramienta<\/li>\n<li>Procesamiento de acero y manejo de cargas pesadas<\/li>\n<li>Aplicaciones de log\u00edstica y transporte.<\/li>\n<li>Automated feed systems and production lines<\/li>\n<\/ul>\n<p><strong><b>Caracter\u00edsticas clave<\/b><\/strong><\/p>\n<ul>\n<li>Movimiento multidireccional para facilitar el posicionamiento, rotaci\u00f3n y guiado de cargas.<\/li>\n<li>Construcci\u00f3n duradera con opciones en poliamida, acero y componentes templados.<\/li>\n<li>Protecci\u00f3n contra la contaminaci\u00f3n gracias a las juntas de fieltro integradas<\/li>\n<li>Configuraciones de montaje flexibles para adaptarse al dise\u00f1o de su sistema<\/li>\n<\/ul>\n<p><strong><b>Soluciones personalizadas disponibles<\/b><\/strong><\/p>\n<p>En JSW ofrecemos unidades de transferencia de bolas personalizadas con materiales, geometr\u00edas y capacidades de carga especializados para satisfacer demandas operativas \u00fanicas.<\/p>\n<p>Ideales para la integraci\u00f3n en maquinaria, sistemas de transferencia, mesas de trabajo y equipos automatizados, nuestras unidades de transferencia de bolas mejoran la eficiencia y la flexibilidad en todas las industrias.<\/p>\n<p>Aumente su productividad operativa con transferencias de bolas confiables y de funcionamiento suave: cont\u00e1ctenos hoy para encontrar la soluci\u00f3n perfecta para su aplicaci\u00f3n<\/p>","protected":false},"excerpt":{"rendered":"<p>Type do N Dimensions Self-weight DW D D1 H h b g d e BMP15 43 15.875 24\u00b10.06 31 21 9.5\u00b10.2 5.5 2 22.9+0.1 \u00a0\u00a0\u00a0 -0.2 1.3+0.1 -0 0.06 BMP22 137 22.225 36 \u00b10 .08 45 31 9.8\u00b10.2 6.3 3 34+0 -0.25 1.85+0.1 -0 0.20 BMP30 256 30.1625 450\u00b1.08 55 37 14\u00b10.2 8.3 4 42.5+0 [&hellip;]<\/p>","protected":false},"featured_media":477,"template":"","meta":{"site-sidebar-layout":"default","site-content-layout":"","ast-site-content-layout":"default","site-content-style":"default","site-sidebar-style":"default","ast-global-header-display":"","ast-banner-title-visibility":"","ast-main-header-display":"","ast-hfb-above-header-display":"","ast-hfb-below-header-display":"","ast-hfb-mobile-header-display":"","site-post-title":"","ast-breadcrumbs-content":"","ast-featured-img":"","footer-sml-layout":"","theme-transparent-header-meta":"default","adv-header-id-meta":"","stick-header-meta":"","header-above-stick-meta":"","header-main-stick-meta":"","header-below-stick-meta":"","astra-migrate-meta-layouts":"set","ast-page-background-enabled":"default","ast-page-background-meta":{"desktop":{"background-color":"var(--ast-global-color-4)","background-image":"","background-repeat":"repeat","background-position":"center center","background-size":"auto","background-attachment":"scroll","background-type":"","background-media":"","overlay-type":"","overlay-color":"","overlay-opacity":"","overlay-gradient":""},"tablet":{"background-color":"","background-image":"","background-repeat":"repeat","background-position":"center center","background-size":"auto","background-attachment":"scroll","background-type":"","background-media":"","overlay-type":"","overlay-color":"","overlay-opacity":"","overlay-gradient":""},"mobile":{"background-color":"","background-image":"","background-repeat":"repeat","background-position":"center center","background-size":"auto","background-attachment":"scroll","background-type":"","background-media":"","overlay-type":"","overlay-color":"","overlay-opacity":"","overlay-gradient":""}},"ast-content-background-meta":{"desktop":{"background-color":"var(--ast-global-color-5)","background-image":"","background-repeat":"repeat","background-position":"center center","background-size":"auto","background-attachment":"scroll","background-type":"","background-media":"","overlay-type":"","overlay-color":"","overlay-opacity":"","overlay-gradient":""},"tablet":{"background-color":"var(--ast-global-color-5)","background-image":"","background-repeat":"repeat","background-position":"center center","background-size":"auto","background-attachment":"scroll","background-type":"","background-media":"","overlay-type":"","overlay-color":"","overlay-opacity":"","overlay-gradient":""},"mobile":{"background-color":"var(--ast-global-color-5)","background-image":"","background-repeat":"repeat","background-position":"center center","background-size":"auto","background-attachment":"scroll","background-type":"","background-media":"","overlay-type":"","overlay-color":"","overlay-opacity":"","overlay-gradient":""}}},"product_brand":[],"product_cat":[51],"product_tag":[],"class_list":{"0":"post-1738","1":"product","2":"type-product","3":"status-publish","4":"has-post-thumbnail","6":"product_cat-ball-transfer-unit","7":"desktop-align-left","8":"tablet-align-left","9":"mobile-align-left","11":"first","12":"instock","13":"shipping-taxable","14":"product-type-simple"},"yoast_head":"<!-- This site is optimized with the Yoast SEO Premium plugin v22.5 (Yoast SEO v25.9) - https:\/\/yoast.com\/wordpress\/plugins\/seo\/ -->\r\n<title>IS-N IK series - JIANGSU WALLONG-HSIN Rollingelements<\/title>\r\n<meta name=\"description\" content=\"IS-N IK series SPS15BD,SP30B,SP22B,SP15C,SP15 P,SP 15 A-FL hot sale!\" \/>\r\n<meta name=\"robots\" content=\"index, follow, max-snippet:-1, max-image-preview:large, max-video-preview:-1\" \/>\r\n<link rel=\"canonical\" href=\"http:\/\/www.camcjsw-rollingelements.com\/es\/producto\/is-n-ik-series\/\" \/>\r\n<meta property=\"og:locale\" content=\"es_ES\" \/>\r\n<meta property=\"og:type\" content=\"article\" \/>\r\n<meta property=\"og:title\" content=\"IS-N IK series\" \/>\r\n<meta property=\"og:description\" content=\"IS-N IK series SPS15BD,SP30B,SP22B,SP15C,SP15 P,SP 15 A-FL hot sale!\" \/>\r\n<meta property=\"og:url\" content=\"http:\/\/www.camcjsw-rollingelements.com\/es\/producto\/is-n-ik-series\/\" \/>\r\n<meta property=\"og:site_name\" content=\"JIANGSU WALLONG-HSIN Rollingelements\" \/>\r\n<meta property=\"article:publisher\" content=\"https:\/\/www.facebook.com\/profile.php?id=100079096777836\" \/>\r\n<meta property=\"article:modified_time\" content=\"2025-09-26T02:35:44+00:00\" \/>\r\n<meta property=\"og:image\" content=\"http:\/\/www.camcjsw-rollingelements.com\/wp-content\/uploads\/2025\/09\/201605060230004671.webp\" \/>\r\n\t<meta property=\"og:image:width\" content=\"257\" \/>\r\n\t<meta property=\"og:image:height\" content=\"190\" \/>\r\n\t<meta property=\"og:image:type\" content=\"image\/webp\" \/>\r\n<meta name=\"twitter:card\" content=\"summary_large_image\" \/>\r\n<meta name=\"twitter:site\" content=\"@SissiXu11\" \/>\r\n<meta name=\"twitter:label1\" content=\"Tiempo de lectura\" \/>\n\t<meta name=\"twitter:data1\" content=\"1 minuto\" \/>\r\n<script type=\"application\/ld+json\" class=\"yoast-schema-graph\">{\"@context\":\"https:\/\/schema.org\",\"@graph\":[{\"@type\":\"WebPage\",\"@id\":\"http:\/\/www.camcjsw-rollingelements.com\/product\/is-n-ik-series\",\"url\":\"http:\/\/www.camcjsw-rollingelements.com\/product\/is-n-ik-series\",\"name\":\"IS-N IK series - JIANGSU WALLONG-HSIN Rollingelements\",\"isPartOf\":{\"@id\":\"http:\/\/www.camcjsw-rollingelements.com\/#website\"},\"primaryImageOfPage\":{\"@id\":\"http:\/\/www.camcjsw-rollingelements.com\/product\/is-n-ik-series#primaryimage\"},\"image\":{\"@id\":\"http:\/\/www.camcjsw-rollingelements.com\/product\/is-n-ik-series#primaryimage\"},\"thumbnailUrl\":\"http:\/\/www.camcjsw-rollingelements.com\/wp-content\/uploads\/2025\/09\/201605060230004671.webp\",\"datePublished\":\"2024-04-24T07:16:32+00:00\",\"dateModified\":\"2025-09-26T02:35:44+00:00\",\"description\":\"IS-N IK series SPS15BD,SP30B,SP22B,SP15C,SP15 P,SP 15 A-FL hot sale!\",\"breadcrumb\":{\"@id\":\"http:\/\/www.camcjsw-rollingelements.com\/product\/is-n-ik-series#breadcrumb\"},\"inLanguage\":\"es\",\"potentialAction\":[{\"@type\":\"ReadAction\",\"target\":[\"http:\/\/www.camcjsw-rollingelements.com\/product\/is-n-ik-series\"]}]},{\"@type\":\"ImageObject\",\"inLanguage\":\"es\",\"@id\":\"http:\/\/www.camcjsw-rollingelements.com\/product\/is-n-ik-series#primaryimage\",\"url\":\"http:\/\/www.camcjsw-rollingelements.com\/wp-content\/uploads\/2025\/09\/201605060230004671.webp\",\"contentUrl\":\"http:\/\/www.camcjsw-rollingelements.com\/wp-content\/uploads\/2025\/09\/201605060230004671.webp\",\"width\":257,\"height\":190},{\"@type\":\"BreadcrumbList\",\"@id\":\"http:\/\/www.camcjsw-rollingelements.com\/product\/is-n-ik-series#breadcrumb\",\"itemListElement\":[{\"@type\":\"ListItem\",\"position\":1,\"name\":\"Home\",\"item\":\"http:\/\/www.camcjsw-rollingelements.com\/\"},{\"@type\":\"ListItem\",\"position\":2,\"name\":\"Productos\",\"item\":\"http:\/\/www.camcjsw-rollingelements.com\/es\/shop\"},{\"@type\":\"ListItem\",\"position\":3,\"name\":\"IS-N IK series\"}]},{\"@type\":\"WebSite\",\"@id\":\"http:\/\/www.camcjsw-rollingelements.com\/#website\",\"url\":\"http:\/\/www.camcjsw-rollingelements.com\/\",\"name\":\"JIANGSU WALLONG-HSIN Rollingelements\",\"description\":\"\",\"publisher\":{\"@id\":\"http:\/\/www.camcjsw-rollingelements.com\/#organization\"},\"potentialAction\":[{\"@type\":\"SearchAction\",\"target\":{\"@type\":\"EntryPoint\",\"urlTemplate\":\"http:\/\/www.camcjsw-rollingelements.com\/?s={search_term_string}\"},\"query-input\":{\"@type\":\"PropertyValueSpecification\",\"valueRequired\":true,\"valueName\":\"search_term_string\"}}],\"inLanguage\":\"es\"},{\"@type\":\"Organization\",\"@id\":\"http:\/\/www.camcjsw-rollingelements.com\/#organization\",\"name\":\"JIANGSU WALLONG-HSIN MACHINERY ENGINEERING CORPORATION LTD.\",\"url\":\"http:\/\/www.camcjsw-rollingelements.com\/\",\"logo\":{\"@type\":\"ImageObject\",\"inLanguage\":\"es\",\"@id\":\"http:\/\/www.camcjsw-rollingelements.com\/#\/schema\/logo\/image\/\",\"url\":\"http:\/\/www.camcjsw-rollingelements.com\/wp-content\/uploads\/2025\/09\/logo\u526f\u672c.png\",\"contentUrl\":\"http:\/\/www.camcjsw-rollingelements.com\/wp-content\/uploads\/2025\/09\/logo\u526f\u672c.png\",\"width\":555,\"height\":55,\"caption\":\"JIANGSU WALLONG-HSIN MACHINERY ENGINEERING CORPORATION LTD.\"},\"image\":{\"@id\":\"http:\/\/www.camcjsw-rollingelements.com\/#\/schema\/logo\/image\/\"},\"sameAs\":[\"https:\/\/www.facebook.com\/profile.php?id=100079096777836\",\"https:\/\/x.com\/SissiXu11\"]}]}<\/script>\r\n<!-- \/ Yoast SEO Premium plugin. -->","yoast_head_json":{"title":"IS-N IK series - JIANGSU WALLONG-HSIN Rollingelements","description":"IS-N IK series SPS15BD,SP30B,SP22B,SP15C,SP15 P,SP 15 A-FL hot sale!","robots":{"index":"index","follow":"follow","max-snippet":"max-snippet:-1","max-image-preview":"max-image-preview:large","max-video-preview":"max-video-preview:-1"},"canonical":"http:\/\/www.camcjsw-rollingelements.com\/es\/producto\/is-n-ik-series\/","og_locale":"es_ES","og_type":"article","og_title":"IS-N IK series","og_description":"IS-N IK series SPS15BD,SP30B,SP22B,SP15C,SP15 P,SP 15 A-FL hot sale!","og_url":"http:\/\/www.camcjsw-rollingelements.com\/es\/producto\/is-n-ik-series\/","og_site_name":"JIANGSU WALLONG-HSIN Rollingelements","article_publisher":"https:\/\/www.facebook.com\/profile.php?id=100079096777836","article_modified_time":"2025-09-26T02:35:44+00:00","og_image":[{"width":257,"height":190,"url":"http:\/\/www.camcjsw-rollingelements.com\/wp-content\/uploads\/2025\/09\/201605060230004671.webp","type":"image\/webp"}],"twitter_card":"summary_large_image","twitter_site":"@SissiXu11","twitter_misc":{"Tiempo de lectura":"1 minuto"},"schema":{"@context":"https:\/\/schema.org","@graph":[{"@type":"WebPage","@id":"http:\/\/www.camcjsw-rollingelements.com\/product\/is-n-ik-series","url":"http:\/\/www.camcjsw-rollingelements.com\/product\/is-n-ik-series","name":"IS-N IK series - JIANGSU WALLONG-HSIN Rollingelements","isPartOf":{"@id":"http:\/\/www.camcjsw-rollingelements.com\/#website"},"primaryImageOfPage":{"@id":"http:\/\/www.camcjsw-rollingelements.com\/product\/is-n-ik-series#primaryimage"},"image":{"@id":"http:\/\/www.camcjsw-rollingelements.com\/product\/is-n-ik-series#primaryimage"},"thumbnailUrl":"http:\/\/www.camcjsw-rollingelements.com\/wp-content\/uploads\/2025\/09\/201605060230004671.webp","datePublished":"2024-04-24T07:16:32+00:00","dateModified":"2025-09-26T02:35:44+00:00","description":"IS-N IK series SPS15BD,SP30B,SP22B,SP15C,SP15 P,SP 15 A-FL hot sale!","breadcrumb":{"@id":"http:\/\/www.camcjsw-rollingelements.com\/product\/is-n-ik-series#breadcrumb"},"inLanguage":"es","potentialAction":[{"@type":"ReadAction","target":["http:\/\/www.camcjsw-rollingelements.com\/product\/is-n-ik-series"]}]},{"@type":"ImageObject","inLanguage":"es","@id":"http:\/\/www.camcjsw-rollingelements.com\/product\/is-n-ik-series#primaryimage","url":"http:\/\/www.camcjsw-rollingelements.com\/wp-content\/uploads\/2025\/09\/201605060230004671.webp","contentUrl":"http:\/\/www.camcjsw-rollingelements.com\/wp-content\/uploads\/2025\/09\/201605060230004671.webp","width":257,"height":190},{"@type":"BreadcrumbList","@id":"http:\/\/www.camcjsw-rollingelements.com\/product\/is-n-ik-series#breadcrumb","itemListElement":[{"@type":"ListItem","position":1,"name":"Home","item":"http:\/\/www.camcjsw-rollingelements.com\/"},{"@type":"ListItem","position":2,"name":"Productos","item":"http:\/\/www.camcjsw-rollingelements.com\/es\/shop"},{"@type":"ListItem","position":3,"name":"IS-N IK series"}]},{"@type":"WebSite","@id":"http:\/\/www.camcjsw-rollingelements.com\/#website","url":"http:\/\/www.camcjsw-rollingelements.com\/","name":"JIANGSU WALLONG-HSIN Rollingelements","description":"","publisher":{"@id":"http:\/\/www.camcjsw-rollingelements.com\/#organization"},"potentialAction":[{"@type":"SearchAction","target":{"@type":"EntryPoint","urlTemplate":"http:\/\/www.camcjsw-rollingelements.com\/?s={search_term_string}"},"query-input":{"@type":"PropertyValueSpecification","valueRequired":true,"valueName":"search_term_string"}}],"inLanguage":"es"},{"@type":"Organization","@id":"http:\/\/www.camcjsw-rollingelements.com\/#organization","name":"JIANGSU WALLONG-HSIN MACHINERY ENGINEERING CORPORATION LTD.","url":"http:\/\/www.camcjsw-rollingelements.com\/","logo":{"@type":"ImageObject","inLanguage":"es","@id":"http:\/\/www.camcjsw-rollingelements.com\/#\/schema\/logo\/image\/","url":"http:\/\/www.camcjsw-rollingelements.com\/wp-content\/uploads\/2025\/09\/logo\u526f\u672c.png","contentUrl":"http:\/\/www.camcjsw-rollingelements.com\/wp-content\/uploads\/2025\/09\/logo\u526f\u672c.png","width":555,"height":55,"caption":"JIANGSU WALLONG-HSIN MACHINERY ENGINEERING CORPORATION LTD."},"image":{"@id":"http:\/\/www.camcjsw-rollingelements.com\/#\/schema\/logo\/image\/"},"sameAs":["https:\/\/www.facebook.com\/profile.php?id=100079096777836","https:\/\/x.com\/SissiXu11"]}]}},"_links":{"self":[{"href":"http:\/\/www.camcjsw-rollingelements.com\/es\/wp-json\/wp\/v2\/product\/1738","targetHints":{"allow":["GET"]}}],"collection":[{"href":"http:\/\/www.camcjsw-rollingelements.com\/es\/wp-json\/wp\/v2\/product"}],"about":[{"href":"http:\/\/www.camcjsw-rollingelements.com\/es\/wp-json\/wp\/v2\/types\/product"}],"wp:featuredmedia":[{"embeddable":true,"href":"http:\/\/www.camcjsw-rollingelements.com\/es\/wp-json\/wp\/v2\/media\/477"}],"wp:attachment":[{"href":"http:\/\/www.camcjsw-rollingelements.com\/es\/wp-json\/wp\/v2\/media?parent=1738"}],"wp:term":[{"taxonomy":"product_brand","embeddable":true,"href":"http:\/\/www.camcjsw-rollingelements.com\/es\/wp-json\/wp\/v2\/product_brand?post=1738"},{"taxonomy":"product_cat","embeddable":true,"href":"http:\/\/www.camcjsw-rollingelements.com\/es\/wp-json\/wp\/v2\/product_cat?post=1738"},{"taxonomy":"product_tag","embeddable":true,"href":"http:\/\/www.camcjsw-rollingelements.com\/es\/wp-json\/wp\/v2\/product_tag?post=1738"}],"curies":[{"name":"wp","href":"https:\/\/api.w.org\/{rel}","templated":true}]}}