{"id":1747,"date":"2024-04-24T16:16:08","date_gmt":"2024-04-24T08:16:08","guid":{"rendered":"http:\/\/www.camcjsw-rollingelements.com\/product\/ik-n-series\/"},"modified":"2025-09-26T10:19:33","modified_gmt":"2025-09-26T02:19:33","slug":"ik-n-series","status":"publish","type":"product","link":"http:\/\/www.camcjsw-rollingelements.com\/es\/producto\/ik-n-series","title":{"rendered":"Serie IK-N"},"content":{"rendered":"<p>UNIDADES DE TRANSFERENCIA DE BOLAS;<\/p>\n<p align=\"left\">El cuerpo del cojinete utiliza S45C l o refuerzo de 4 piezas de IK-35 y puede cargarse con 700 kg. La resistencia inicial es de aproximadamente 10 kg cuando la dureza del riel opuesto es de aproximadamente HRC55.<\/p>\n<p align=\"left\">El valor se duplica cuando se utiliza SS como material.<\/p>\n<p align=\"left\">Debido a que la dureza de la bola es HRC62, preste atenci\u00f3n a la dureza del objeto opuesto. El movimiento hacia arriba o hacia abajo puede influir en los valores de la resistencia inicial.<\/p>\n<table border=\"1\" width=\"565\" cellspacing=\"0\" cellpadding=\"0\">\n<tbody>\n<tr>\n<td colspan=\"2\">\n<p align=\"left\">Tipo<\/p>\n<\/td>\n<td>\n<p align=\"left\">\u03c6D1<\/p>\n<\/td>\n<td>\n<p align=\"left\">e<\/p>\n<\/td>\n<td>\n<p align=\"left\">H<\/p>\n<\/td>\n<td>\n<p align=\"left\">M<\/p>\n<\/td>\n<td>\n<p align=\"left\">L<\/p>\n<\/td>\n<td>\n<p align=\"left\">Self-weight<\/p>\n<\/td>\n<td>\n<p align=\"left\">Static Load<\/p>\n<\/td>\n<\/tr>\n<tr>\n<td>\n<p align=\"left\">IK- 19N<\/p>\n<\/td>\n<td>\n<p align=\"left\">3\/4\u201d<\/p>\n<\/td>\n<td>\n<p align=\"left\">42.0<\/p>\n<\/td>\n<td>\n<p align=\"left\">25.0<\/p>\n<\/td>\n<td>\n<p align=\"left\">33.0<\/p>\n<\/td>\n<td>\n<p align=\"left\">P=1.75M12<\/p>\n<\/td>\n<td>\n<p align=\"left\">58.0<\/p>\n<\/td>\n<td>\n<p align=\"left\">0.29<\/p>\n<\/td>\n<td>\n<p align=\"left\">100<\/p>\n<\/td>\n<\/tr>\n<tr>\n<td>\n<p align=\"left\">IK- 22N<\/p>\n<\/td>\n<td>\n<p align=\"left\">7\/8\u201d<\/p>\n<\/td>\n<td>\n<p align=\"left\">47.0<\/p>\n<\/td>\n<td>\n<p align=\"left\">25.0<\/p>\n<\/td>\n<td>\n<p align=\"left\">37.0<\/p>\n<\/td>\n<td>\n<p align=\"left\">P=1.75M12<\/p>\n<\/td>\n<td>\n<p align=\"left\">62.0<\/p>\n<\/td>\n<td>\n<p align=\"left\">0.38<\/p>\n<\/td>\n<td>\n<p align=\"left\">150<\/p>\n<\/td>\n<\/tr>\n<tr>\n<td>\n<p align=\"left\">IK-25N<\/p>\n<\/td>\n<td>\n<p align=\"left\">1\u201d<\/p>\n<\/td>\n<td>\n<p align=\"left\">55.0<\/p>\n<\/td>\n<td>\n<p align=\"left\">35.0<\/p>\n<\/td>\n<td>\n<p align=\"left\">46.0<\/p>\n<\/td>\n<td>\n<p align=\"left\">P=2.0M16<\/p>\n<\/td>\n<td>\n<p align=\"left\">81.0<\/p>\n<\/td>\n<td>\n<p align=\"left\">0.70<\/p>\n<\/td>\n<td>\n<p align=\"left\">200<\/p>\n<\/td>\n<\/tr>\n<tr>\n<td>\n<p align=\"left\">IK-38N<\/p>\n<\/td>\n<td>\n<p align=\"left\">1-1\/2\u201d<\/p>\n<\/td>\n<td>\n<p align=\"left\">80.0<\/p>\n<\/td>\n<td>\n<p align=\"left\">45.0<\/p>\n<\/td>\n<td>\n<p align=\"left\">70.0<\/p>\n<\/td>\n<td>\n<p align=\"left\">P=2.5M22<\/p>\n<\/td>\n<td>\n<p align=\"left\">115.0<\/p>\n<\/td>\n<td>\n<p align=\"left\">2.00<\/p>\n<\/td>\n<td>\n<p align=\"left\">350<\/p>\n<\/td>\n<\/tr>\n<tr>\n<td>\n<p align=\"left\">IK- 51N<\/p>\n<\/td>\n<td>\n<p align=\"left\">2\u201d<\/p>\n<\/td>\n<td>\n<p align=\"left\">100.0<\/p>\n<\/td>\n<td>\n<p align=\"left\">50.0<\/p>\n<\/td>\n<td>\n<p align=\"left\">95.0<\/p>\n<\/td>\n<td>\n<p align=\"left\">P=3.0M24<\/p>\n<\/td>\n<td>\n<p align=\"left\">145.0<\/p>\n<\/td>\n<td>\n<p align=\"left\">4.40<\/p>\n<\/td>\n<td>\n<p align=\"left\">450<\/p>\n<\/td>\n<\/tr>\n<\/tbody>\n<\/table>\n<p>Descubra nuestra gama de alto rendimiento de unidades de transferencia de bolas, JSW dise\u00f1adas para permitir un movimiento suave y multidireccional a lo largo de un plano nivelado para cargas con superficies r\u00edgidas y planas.<\/p>\n<p>Dise\u00f1ados para manipular todo, desde art\u00edculos livianos hasta aplicaciones pesadas, lo que los hace ideales para innumerables usos industriales, log\u00edsticos y de fabricaci\u00f3n.<\/p>\n<p><strong><b>Amplia gama de construcciones y aplicaciones<\/b><\/strong><\/p>\n<ul>\n<li>Sistemas transportadores y equipos de manipulaci\u00f3n de materiales<\/li>\n<li>Estaciones de embalaje, montaje y desmontaje<\/li>\n<li>Centros de mecanizado y m\u00e1quinas herramienta<\/li>\n<li>Procesamiento de acero y manejo de cargas pesadas<\/li>\n<li>Aplicaciones de log\u00edstica y transporte.<\/li>\n<li>Automated feed systems and production lines<\/li>\n<\/ul>\n<p><strong><b>Caracter\u00edsticas clave<\/b><\/strong><\/p>\n<ul>\n<li>Movimiento multidireccional para facilitar el posicionamiento, rotaci\u00f3n y guiado de cargas.<\/li>\n<li>Construcci\u00f3n duradera con opciones en poliamida, acero y componentes templados.<\/li>\n<li>Protecci\u00f3n contra la contaminaci\u00f3n gracias a las juntas de fieltro integradas<\/li>\n<li>Configuraciones de montaje flexibles para adaptarse al dise\u00f1o de su sistema<\/li>\n<\/ul>\n<p><strong><b>Soluciones personalizadas disponibles<\/b><\/strong><\/p>\n<p>En JSW ofrecemos unidades de transferencia de bolas personalizadas con materiales, geometr\u00edas y capacidades de carga especializados para satisfacer demandas operativas \u00fanicas.<\/p>\n<p>Ideales para la integraci\u00f3n en maquinaria, sistemas de transferencia, mesas de trabajo y equipos automatizados, nuestras unidades de transferencia de bolas mejoran la eficiencia y la flexibilidad en todas las industrias.<\/p>\n<p>Aumente su productividad operativa con transferencias de bolas confiables y de funcionamiento suave: cont\u00e1ctenos hoy para encontrar la soluci\u00f3n perfecta para su aplicaci\u00f3n<\/p>","protected":false},"excerpt":{"rendered":"<p>BALL TRANSFER\u00a0 UNITS; Bearing body used S45C l or strengthening 4 pieces of IK-35 can be loaded with 700kg .The initial resistant Is about 10kg when the opposite rail hardness is about HRC55. The value is doubled when SS is used as material. Because the hardness of the ball is HRC62. Pay attention to the [&hellip;]<\/p>","protected":false},"featured_media":476,"template":"","meta":{"site-sidebar-layout":"default","site-content-layout":"","ast-site-content-layout":"default","site-content-style":"default","site-sidebar-style":"default","ast-global-header-display":"","ast-banner-title-visibility":"","ast-main-header-display":"","ast-hfb-above-header-display":"","ast-hfb-below-header-display":"","ast-hfb-mobile-header-display":"","site-post-title":"","ast-breadcrumbs-content":"","ast-featured-img":"","footer-sml-layout":"","theme-transparent-header-meta":"default","adv-header-id-meta":"","stick-header-meta":"","header-above-stick-meta":"","header-main-stick-meta":"","header-below-stick-meta":"","astra-migrate-meta-layouts":"set","ast-page-background-enabled":"default","ast-page-background-meta":{"desktop":{"background-color":"var(--ast-global-color-4)","background-image":"","background-repeat":"repeat","background-position":"center center","background-size":"auto","background-attachment":"scroll","background-type":"","background-media":"","overlay-type":"","overlay-color":"","overlay-opacity":"","overlay-gradient":""},"tablet":{"background-color":"","background-image":"","background-repeat":"repeat","background-position":"center center","background-size":"auto","background-attachment":"scroll","background-type":"","background-media":"","overlay-type":"","overlay-color":"","overlay-opacity":"","overlay-gradient":""},"mobile":{"background-color":"","background-image":"","background-repeat":"repeat","background-position":"center center","background-size":"auto","background-attachment":"scroll","background-type":"","background-media":"","overlay-type":"","overlay-color":"","overlay-opacity":"","overlay-gradient":""}},"ast-content-background-meta":{"desktop":{"background-color":"var(--ast-global-color-5)","background-image":"","background-repeat":"repeat","background-position":"center center","background-size":"auto","background-attachment":"scroll","background-type":"","background-media":"","overlay-type":"","overlay-color":"","overlay-opacity":"","overlay-gradient":""},"tablet":{"background-color":"var(--ast-global-color-5)","background-image":"","background-repeat":"repeat","background-position":"center center","background-size":"auto","background-attachment":"scroll","background-type":"","background-media":"","overlay-type":"","overlay-color":"","overlay-opacity":"","overlay-gradient":""},"mobile":{"background-color":"var(--ast-global-color-5)","background-image":"","background-repeat":"repeat","background-position":"center center","background-size":"auto","background-attachment":"scroll","background-type":"","background-media":"","overlay-type":"","overlay-color":"","overlay-opacity":"","overlay-gradient":""}}},"product_brand":[],"product_cat":[51],"product_tag":[],"class_list":{"0":"post-1747","1":"product","2":"type-product","3":"status-publish","4":"has-post-thumbnail","6":"product_cat-ball-transfer-unit","7":"desktop-align-left","8":"tablet-align-left","9":"mobile-align-left","11":"first","12":"instock","13":"shipping-taxable","14":"product-type-simple"},"yoast_head":"<!-- This site is optimized with the Yoast SEO Premium plugin v22.5 (Yoast SEO v25.9) - https:\/\/yoast.com\/wordpress\/plugins\/seo\/ -->\r\n<title>IK-N series - JIANGSU WALLONG-HSIN Rollingelements<\/title>\r\n<meta name=\"description\" content=\"IK-N series - Bearing body used S45C l or strengthening 4 pieces of IK-35 can be loaded with 700kg .The initial resistant Is about 10kg when the opposite rail hardness is about HRC55.The value is doubled when SS is used as material.\" \/>\r\n<meta name=\"robots\" content=\"index, follow, max-snippet:-1, max-image-preview:large, max-video-preview:-1\" \/>\r\n<link rel=\"canonical\" href=\"http:\/\/www.camcjsw-rollingelements.com\/es\/producto\/ik-n-series\/\" \/>\r\n<meta property=\"og:locale\" content=\"es_ES\" \/>\r\n<meta property=\"og:type\" content=\"article\" \/>\r\n<meta property=\"og:title\" content=\"IK-N series\" \/>\r\n<meta property=\"og:description\" content=\"IK-N series - Bearing body used S45C l or strengthening 4 pieces of IK-35 can be loaded with 700kg .The initial resistant Is about 10kg when the opposite rail hardness is about HRC55.The value is doubled when SS is used as material.\" \/>\r\n<meta property=\"og:url\" content=\"http:\/\/www.camcjsw-rollingelements.com\/es\/producto\/ik-n-series\/\" \/>\r\n<meta property=\"og:site_name\" content=\"JIANGSU WALLONG-HSIN Rollingelements\" \/>\r\n<meta property=\"article:publisher\" content=\"https:\/\/www.facebook.com\/profile.php?id=100079096777836\" \/>\r\n<meta property=\"article:modified_time\" content=\"2025-09-26T02:19:33+00:00\" \/>\r\n<meta property=\"og:image\" content=\"http:\/\/www.camcjsw-rollingelements.com\/wp-content\/uploads\/2025\/09\/201605060225268957.webp\" \/>\r\n\t<meta property=\"og:image:width\" content=\"257\" \/>\r\n\t<meta property=\"og:image:height\" content=\"190\" \/>\r\n\t<meta property=\"og:image:type\" content=\"image\/webp\" \/>\r\n<meta name=\"twitter:card\" content=\"summary_large_image\" \/>\r\n<meta name=\"twitter:site\" content=\"@SissiXu11\" \/>\r\n<meta name=\"twitter:label1\" content=\"Tiempo de lectura\" \/>\n\t<meta name=\"twitter:data1\" content=\"2 minutos\" \/>\r\n<script type=\"application\/ld+json\" class=\"yoast-schema-graph\">{\"@context\":\"https:\/\/schema.org\",\"@graph\":[{\"@type\":\"WebPage\",\"@id\":\"http:\/\/www.camcjsw-rollingelements.com\/product\/ik-n-series\",\"url\":\"http:\/\/www.camcjsw-rollingelements.com\/product\/ik-n-series\",\"name\":\"IK-N series - JIANGSU WALLONG-HSIN Rollingelements\",\"isPartOf\":{\"@id\":\"http:\/\/www.camcjsw-rollingelements.com\/#website\"},\"primaryImageOfPage\":{\"@id\":\"http:\/\/www.camcjsw-rollingelements.com\/product\/ik-n-series#primaryimage\"},\"image\":{\"@id\":\"http:\/\/www.camcjsw-rollingelements.com\/product\/ik-n-series#primaryimage\"},\"thumbnailUrl\":\"http:\/\/www.camcjsw-rollingelements.com\/wp-content\/uploads\/2025\/09\/201605060225268957.webp\",\"datePublished\":\"2024-04-24T08:16:08+00:00\",\"dateModified\":\"2025-09-26T02:19:33+00:00\",\"description\":\"IK-N series - Bearing body used S45C l or strengthening 4 pieces of IK-35 can be loaded with 700kg .The initial resistant Is about 10kg when the opposite rail hardness is about HRC55.The value is doubled when SS is used as material.\",\"breadcrumb\":{\"@id\":\"http:\/\/www.camcjsw-rollingelements.com\/product\/ik-n-series#breadcrumb\"},\"inLanguage\":\"es\",\"potentialAction\":[{\"@type\":\"ReadAction\",\"target\":[\"http:\/\/www.camcjsw-rollingelements.com\/product\/ik-n-series\"]}]},{\"@type\":\"ImageObject\",\"inLanguage\":\"es\",\"@id\":\"http:\/\/www.camcjsw-rollingelements.com\/product\/ik-n-series#primaryimage\",\"url\":\"http:\/\/www.camcjsw-rollingelements.com\/wp-content\/uploads\/2025\/09\/201605060225268957.webp\",\"contentUrl\":\"http:\/\/www.camcjsw-rollingelements.com\/wp-content\/uploads\/2025\/09\/201605060225268957.webp\",\"width\":257,\"height\":190},{\"@type\":\"BreadcrumbList\",\"@id\":\"http:\/\/www.camcjsw-rollingelements.com\/product\/ik-n-series#breadcrumb\",\"itemListElement\":[{\"@type\":\"ListItem\",\"position\":1,\"name\":\"Home\",\"item\":\"http:\/\/www.camcjsw-rollingelements.com\/\"},{\"@type\":\"ListItem\",\"position\":2,\"name\":\"Productos\",\"item\":\"http:\/\/www.camcjsw-rollingelements.com\/es\/shop\"},{\"@type\":\"ListItem\",\"position\":3,\"name\":\"IK-N series\"}]},{\"@type\":\"WebSite\",\"@id\":\"http:\/\/www.camcjsw-rollingelements.com\/#website\",\"url\":\"http:\/\/www.camcjsw-rollingelements.com\/\",\"name\":\"JIANGSU WALLONG-HSIN Rollingelements\",\"description\":\"\",\"publisher\":{\"@id\":\"http:\/\/www.camcjsw-rollingelements.com\/#organization\"},\"potentialAction\":[{\"@type\":\"SearchAction\",\"target\":{\"@type\":\"EntryPoint\",\"urlTemplate\":\"http:\/\/www.camcjsw-rollingelements.com\/?s={search_term_string}\"},\"query-input\":{\"@type\":\"PropertyValueSpecification\",\"valueRequired\":true,\"valueName\":\"search_term_string\"}}],\"inLanguage\":\"es\"},{\"@type\":\"Organization\",\"@id\":\"http:\/\/www.camcjsw-rollingelements.com\/#organization\",\"name\":\"JIANGSU WALLONG-HSIN MACHINERY ENGINEERING CORPORATION LTD.\",\"url\":\"http:\/\/www.camcjsw-rollingelements.com\/\",\"logo\":{\"@type\":\"ImageObject\",\"inLanguage\":\"es\",\"@id\":\"http:\/\/www.camcjsw-rollingelements.com\/#\/schema\/logo\/image\/\",\"url\":\"http:\/\/www.camcjsw-rollingelements.com\/wp-content\/uploads\/2025\/09\/logo\u526f\u672c.png\",\"contentUrl\":\"http:\/\/www.camcjsw-rollingelements.com\/wp-content\/uploads\/2025\/09\/logo\u526f\u672c.png\",\"width\":555,\"height\":55,\"caption\":\"JIANGSU WALLONG-HSIN MACHINERY ENGINEERING CORPORATION LTD.\"},\"image\":{\"@id\":\"http:\/\/www.camcjsw-rollingelements.com\/#\/schema\/logo\/image\/\"},\"sameAs\":[\"https:\/\/www.facebook.com\/profile.php?id=100079096777836\",\"https:\/\/x.com\/SissiXu11\"]}]}<\/script>\r\n<!-- \/ Yoast SEO Premium plugin. -->","yoast_head_json":{"title":"IK-N series - JIANGSU WALLONG-HSIN Rollingelements","description":"IK-N series - Bearing body used S45C l or strengthening 4 pieces of IK-35 can be loaded with 700kg .The initial resistant Is about 10kg when the opposite rail hardness is about HRC55.The value is doubled when SS is used as material.","robots":{"index":"index","follow":"follow","max-snippet":"max-snippet:-1","max-image-preview":"max-image-preview:large","max-video-preview":"max-video-preview:-1"},"canonical":"http:\/\/www.camcjsw-rollingelements.com\/es\/producto\/ik-n-series\/","og_locale":"es_ES","og_type":"article","og_title":"IK-N series","og_description":"IK-N series - Bearing body used S45C l or strengthening 4 pieces of IK-35 can be loaded with 700kg .The initial resistant Is about 10kg when the opposite rail hardness is about HRC55.The value is doubled when SS is used as material.","og_url":"http:\/\/www.camcjsw-rollingelements.com\/es\/producto\/ik-n-series\/","og_site_name":"JIANGSU WALLONG-HSIN Rollingelements","article_publisher":"https:\/\/www.facebook.com\/profile.php?id=100079096777836","article_modified_time":"2025-09-26T02:19:33+00:00","og_image":[{"width":257,"height":190,"url":"http:\/\/www.camcjsw-rollingelements.com\/wp-content\/uploads\/2025\/09\/201605060225268957.webp","type":"image\/webp"}],"twitter_card":"summary_large_image","twitter_site":"@SissiXu11","twitter_misc":{"Tiempo de lectura":"2 minutos"},"schema":{"@context":"https:\/\/schema.org","@graph":[{"@type":"WebPage","@id":"http:\/\/www.camcjsw-rollingelements.com\/product\/ik-n-series","url":"http:\/\/www.camcjsw-rollingelements.com\/product\/ik-n-series","name":"IK-N series - JIANGSU WALLONG-HSIN Rollingelements","isPartOf":{"@id":"http:\/\/www.camcjsw-rollingelements.com\/#website"},"primaryImageOfPage":{"@id":"http:\/\/www.camcjsw-rollingelements.com\/product\/ik-n-series#primaryimage"},"image":{"@id":"http:\/\/www.camcjsw-rollingelements.com\/product\/ik-n-series#primaryimage"},"thumbnailUrl":"http:\/\/www.camcjsw-rollingelements.com\/wp-content\/uploads\/2025\/09\/201605060225268957.webp","datePublished":"2024-04-24T08:16:08+00:00","dateModified":"2025-09-26T02:19:33+00:00","description":"IK-N series - Bearing body used S45C l or strengthening 4 pieces of IK-35 can be loaded with 700kg .The initial resistant Is about 10kg when the opposite rail hardness is about HRC55.The value is doubled when SS is used as material.","breadcrumb":{"@id":"http:\/\/www.camcjsw-rollingelements.com\/product\/ik-n-series#breadcrumb"},"inLanguage":"es","potentialAction":[{"@type":"ReadAction","target":["http:\/\/www.camcjsw-rollingelements.com\/product\/ik-n-series"]}]},{"@type":"ImageObject","inLanguage":"es","@id":"http:\/\/www.camcjsw-rollingelements.com\/product\/ik-n-series#primaryimage","url":"http:\/\/www.camcjsw-rollingelements.com\/wp-content\/uploads\/2025\/09\/201605060225268957.webp","contentUrl":"http:\/\/www.camcjsw-rollingelements.com\/wp-content\/uploads\/2025\/09\/201605060225268957.webp","width":257,"height":190},{"@type":"BreadcrumbList","@id":"http:\/\/www.camcjsw-rollingelements.com\/product\/ik-n-series#breadcrumb","itemListElement":[{"@type":"ListItem","position":1,"name":"Home","item":"http:\/\/www.camcjsw-rollingelements.com\/"},{"@type":"ListItem","position":2,"name":"Productos","item":"http:\/\/www.camcjsw-rollingelements.com\/es\/shop"},{"@type":"ListItem","position":3,"name":"IK-N series"}]},{"@type":"WebSite","@id":"http:\/\/www.camcjsw-rollingelements.com\/#website","url":"http:\/\/www.camcjsw-rollingelements.com\/","name":"JIANGSU WALLONG-HSIN Rollingelements","description":"","publisher":{"@id":"http:\/\/www.camcjsw-rollingelements.com\/#organization"},"potentialAction":[{"@type":"SearchAction","target":{"@type":"EntryPoint","urlTemplate":"http:\/\/www.camcjsw-rollingelements.com\/?s={search_term_string}"},"query-input":{"@type":"PropertyValueSpecification","valueRequired":true,"valueName":"search_term_string"}}],"inLanguage":"es"},{"@type":"Organization","@id":"http:\/\/www.camcjsw-rollingelements.com\/#organization","name":"JIANGSU WALLONG-HSIN MACHINERY ENGINEERING CORPORATION LTD.","url":"http:\/\/www.camcjsw-rollingelements.com\/","logo":{"@type":"ImageObject","inLanguage":"es","@id":"http:\/\/www.camcjsw-rollingelements.com\/#\/schema\/logo\/image\/","url":"http:\/\/www.camcjsw-rollingelements.com\/wp-content\/uploads\/2025\/09\/logo\u526f\u672c.png","contentUrl":"http:\/\/www.camcjsw-rollingelements.com\/wp-content\/uploads\/2025\/09\/logo\u526f\u672c.png","width":555,"height":55,"caption":"JIANGSU WALLONG-HSIN MACHINERY ENGINEERING CORPORATION LTD."},"image":{"@id":"http:\/\/www.camcjsw-rollingelements.com\/#\/schema\/logo\/image\/"},"sameAs":["https:\/\/www.facebook.com\/profile.php?id=100079096777836","https:\/\/x.com\/SissiXu11"]}]}},"_links":{"self":[{"href":"http:\/\/www.camcjsw-rollingelements.com\/es\/wp-json\/wp\/v2\/product\/1747","targetHints":{"allow":["GET"]}}],"collection":[{"href":"http:\/\/www.camcjsw-rollingelements.com\/es\/wp-json\/wp\/v2\/product"}],"about":[{"href":"http:\/\/www.camcjsw-rollingelements.com\/es\/wp-json\/wp\/v2\/types\/product"}],"wp:featuredmedia":[{"embeddable":true,"href":"http:\/\/www.camcjsw-rollingelements.com\/es\/wp-json\/wp\/v2\/media\/476"}],"wp:attachment":[{"href":"http:\/\/www.camcjsw-rollingelements.com\/es\/wp-json\/wp\/v2\/media?parent=1747"}],"wp:term":[{"taxonomy":"product_brand","embeddable":true,"href":"http:\/\/www.camcjsw-rollingelements.com\/es\/wp-json\/wp\/v2\/product_brand?post=1747"},{"taxonomy":"product_cat","embeddable":true,"href":"http:\/\/www.camcjsw-rollingelements.com\/es\/wp-json\/wp\/v2\/product_cat?post=1747"},{"taxonomy":"product_tag","embeddable":true,"href":"http:\/\/www.camcjsw-rollingelements.com\/es\/wp-json\/wp\/v2\/product_tag?post=1747"}],"curies":[{"name":"wp","href":"https:\/\/api.w.org\/{rel}","templated":true}]}}