{"id":1771,"date":"2024-04-25T15:41:53","date_gmt":"2024-04-25T07:41:53","guid":{"rendered":"http:\/\/www.camcjsw-rollingelements.com\/product\/tc-ball-and-seat\/"},"modified":"2025-09-26T09:39:22","modified_gmt":"2025-09-26T01:39:22","slug":"tc-ball-and-seat","status":"publish","type":"product","link":"http:\/\/www.camcjsw-rollingelements.com\/es\/producto\/tc-ball-and-seat","title":{"rendered":"Bolas y asientos de v\u00e1lvulas de carburo de tungsteno (TC)"},"content":{"rendered":"<p>Finished TC ball and seat<\/p>\n<p>The valve ball and seat is a important part of the oil field mining pump, its using directly decides the service life of pump.According to the corrosion characteristics of oil, oil Wells can provide different material;<\/p>\n<p>Podemos producir la bola y el asiento API 11AX en materiales de acero inoxidable AISI440C y aleaciones duras (carburo de tungsteno y STELLITE), con ventajas de alta dureza, resistencia al desgaste, resistencia a la corrosi\u00f3n.<\/p>\n<p>Cada una de nuestras combinaciones de bola y asiento se prueba al vac\u00edo para garantizar que se obtenga un sellado perfecto en todas las posiciones de contacto.<\/p>\n<p>Materiales:<\/p>\n<table border=\"1px\" width=\"833\">\n<tbody>\n<tr class=\"firstRow\">\n<td valign=\"center\">C\u00d3DIGO<\/td>\n<td valign=\"center\" width=\"261\">INSTRUCCI\u00d3N<\/td>\n<td valign=\"center\" width=\"170\">DUREZA<\/td>\n<td valign=\"center\" width=\"309\">MATERIAL<\/td>\n<\/tr>\n<tr>\n<td valign=\"center\">SS<\/td>\n<td valign=\"center\" width=\"261\">Stainless steel<\/td>\n<td valign=\"center\" width=\"170\">Ball:\u00a0HRC\u00a058-65<br data-filtered=\"filtered\" \/>Seat:\u00a0HRC\u00a052-56<\/td>\n<td valign=\"center\" width=\"309\">9Cr18Mo(AISI440C)<br data-filtered=\"filtered\" \/>6Cr18Mo(AISI440A)<\/td>\n<\/tr>\n<tr>\n<td valign=\"center\">ST<\/td>\n<td valign=\"center\" width=\"261\">Cobalt alloy casting<\/td>\n<td valign=\"center\" width=\"170\">Ball:\u00a0HRC\u00a056-63<br data-filtered=\"filtered\" \/>Seat:\u00a0HRC\u00a050-56<\/td>\n<td valign=\"center\" width=\"309\">Cobalt, chromium and tungsten alloy<\/td>\n<\/tr>\n<tr>\n<td valign=\"center\">ST<\/td>\n<td valign=\"center\" width=\"261\">Cobalt alloy, powder metallurgy<\/td>\n<td valign=\"center\" width=\"170\">Ball:\u00a0HRC\u00a053-60<br data-filtered=\"filtered\" \/>Seat:\u00a0HRC\u00a051-57<\/td>\n<td valign=\"center\" width=\"309\">Cobalt, chromium and tungsten alloy<\/td>\n<\/tr>\n<tr>\n<td valign=\"center\">TC<\/td>\n<td valign=\"center\" width=\"261\">Tungsten carbide<\/td>\n<td valign=\"center\" width=\"170\">Ball:\u00a0HRA\u00a088-89<br data-filtered=\"filtered\" \/>Seat:\u00a0HRA\u00a088-89.5<\/td>\n<td valign=\"center\" width=\"309\">Tungsten with cobalt adhesive<\/td>\n<\/tr>\n<tr>\n<td valign=\"center\" width=\"93\">ZrO2<\/td>\n<td valign=\"center\" width=\"261\">Ceramic\u00a0ZrO2<\/td>\n<td valign=\"center\" width=\"170\">HV\u00a0900-1300<\/td>\n<td valign=\"center\" width=\"309\">ZrO2<\/td>\n<\/tr>\n<\/tbody>\n<\/table>\n<p>Tabla de tallas:<\/p>\n<p><img fetchpriority=\"high\" decoding=\"async\" class=\"alignnone\" src=\"https:\/\/www.camcjsw-rollingelements.com\/wp-content\/uploads\/2024\/04\/6381567731747890771795294-300x245.png\" alt=\"\" width=\"300\" height=\"245\" \/><\/p>\n<table border=\"1px\" width=\"100%\">\n<tbody>\n<tr class=\"firstRow\">\n<td width=\"61\"><strong>Tipo<\/strong><\/td>\n<td width=\"86\"><strong>Fluid,\u00a0<\/strong><strong>mm2<\/strong><\/td>\n<td width=\"82\"><strong>D\u0448<\/strong><strong>,\u00a0<\/strong><strong>mm<\/strong><\/td>\n<td width=\"78\"><strong>D<\/strong><strong>,\u00a0<\/strong><strong>mm<\/strong><\/td>\n<td width=\"85\"><strong>d mm<\/strong><\/td>\n<td width=\"104\"><strong>H<\/strong><strong>,\u00a0<\/strong><strong>mm<\/strong><\/td>\n<\/tr>\n<tr>\n<td width=\"61\">V11-106<\/td>\n<td width=\"86\">107<\/td>\n<td width=\"82\">15.8750<\/td>\n<td width=\"78\">20.142<\/td>\n<td width=\"85\">11.68<\/td>\n<td width=\"104\">12.70<\/td>\n<\/tr>\n<tr>\n<td width=\"61\">V11-125<\/td>\n<td width=\"86\">153<\/td>\n<td width=\"82\">19.0500<\/td>\n<td width=\"78\">23.317<\/td>\n<td width=\"85\">13.97<\/td>\n<td width=\"104\">12.70<\/td>\n<\/tr>\n<tr>\n<td width=\"61\">V11-150<\/td>\n<td width=\"86\">227<\/td>\n<td width=\"82\">23.8125<\/td>\n<td width=\"78\">29.667<\/td>\n<td width=\"85\">17.02<\/td>\n<td width=\"104\">12.70<\/td>\n<\/tr>\n<tr>\n<td width=\"61\">V11-175<\/td>\n<td width=\"86\">345<\/td>\n<td width=\"82\">28.5750<\/td>\n<td width=\"78\">35.255<\/td>\n<td width=\"85\">20.96<\/td>\n<td width=\"104\">12.70<\/td>\n<\/tr>\n<tr>\n<td width=\"61\">V11-225<\/td>\n<td width=\"86\">569<\/td>\n<td width=\"82\">34.9250<\/td>\n<td width=\"78\">43.688<\/td>\n<td width=\"85\">26.92<\/td>\n<td width=\"104\">12.70<\/td>\n<\/tr>\n<tr>\n<td width=\"61\">V11-250<\/td>\n<td width=\"86\">869<\/td>\n<td width=\"82\">42.8625<\/td>\n<td width=\"78\">51.054<\/td>\n<td width=\"85\">33.27<\/td>\n<td width=\"104\">12.70<\/td>\n<\/tr>\n<tr>\n<td width=\"61\">V11-375<\/td>\n<td width=\"86\">1623<\/td>\n<td width=\"82\">57.1500<\/td>\n<td width=\"78\">78.029<\/td>\n<td width=\"85\">45.47<\/td>\n<td width=\"104\">19,05<\/td>\n<\/tr>\n<\/tbody>\n<\/table>\n<p>Solicitud:<\/p>\n<p><img decoding=\"async\" class=\"alignnone\" src=\"https:\/\/www.camcjsw-rollingelements.com\/wp-content\/uploads\/2024\/04\/6381567731770390779793760.jpg\" alt=\"\" width=\"200\" height=\"200\" \/><\/p>\n<p>Las bolas y asientos de v\u00e1lvula se utilizan en la fabricaci\u00f3n de v\u00e1lvulas para bombas sumergibles de varilla de succi\u00f3n, una v\u00e1lvula de retenci\u00f3n utilizada en la producci\u00f3n de petr\u00f3leo y gas. Las bolas y asientos de v\u00e1lvula son las partes m\u00e1s cr\u00edticas de la bomba, ya que est\u00e1n sujetas a la mayor tensi\u00f3n qu\u00edmica y mec\u00e1nica.<\/p>\n<p><img decoding=\"async\" class=\"alignnone\" src=\"https:\/\/www.camcjsw-rollingelements.com\/wp-content\/uploads\/2024\/04\/6381567731795390776250717-1024x327.png\" alt=\"\" width=\"1024\" height=\"327\" \/><\/p>\n<p><strong><em>Nuestro embalaje<\/em><\/strong>:<\/p>\n<p><img loading=\"lazy\" decoding=\"async\" class=\"alignnone\" src=\"https:\/\/www.camcjsw-rollingelements.com\/wp-content\/uploads\/2024\/04\/6381567731826810776220999-300x300.jpg\" alt=\"\" width=\"300\" height=\"300\" \/><\/p>","protected":false},"excerpt":{"rendered":"<p>Finished TC ball and seat The valve ball and seat is a important part of the oil field mining pump, its using directly decides the service life of pump.According to the corrosion characteristics of oil, oil Wells can provide different material; We can produce the API 11AX ball and seat in materials stainless steel AISI440C [&hellip;]<\/p>","protected":false},"featured_media":3137,"template":"","meta":{"site-sidebar-layout":"default","site-content-layout":"","ast-site-content-layout":"default","site-content-style":"default","site-sidebar-style":"default","ast-global-header-display":"","ast-banner-title-visibility":"","ast-main-header-display":"","ast-hfb-above-header-display":"","ast-hfb-below-header-display":"","ast-hfb-mobile-header-display":"","site-post-title":"","ast-breadcrumbs-content":"","ast-featured-img":"","footer-sml-layout":"","theme-transparent-header-meta":"default","adv-header-id-meta":"","stick-header-meta":"","header-above-stick-meta":"","header-main-stick-meta":"","header-below-stick-meta":"","astra-migrate-meta-layouts":"set","ast-page-background-enabled":"default","ast-page-background-meta":{"desktop":{"background-color":"var(--ast-global-color-4)","background-image":"","background-repeat":"repeat","background-position":"center center","background-size":"auto","background-attachment":"scroll","background-type":"","background-media":"","overlay-type":"","overlay-color":"","overlay-opacity":"","overlay-gradient":""},"tablet":{"background-color":"","background-image":"","background-repeat":"repeat","background-position":"center center","background-size":"auto","background-attachment":"scroll","background-type":"","background-media":"","overlay-type":"","overlay-color":"","overlay-opacity":"","overlay-gradient":""},"mobile":{"background-color":"","background-image":"","background-repeat":"repeat","background-position":"center center","background-size":"auto","background-attachment":"scroll","background-type":"","background-media":"","overlay-type":"","overlay-color":"","overlay-opacity":"","overlay-gradient":""}},"ast-content-background-meta":{"desktop":{"background-color":"var(--ast-global-color-5)","background-image":"","background-repeat":"repeat","background-position":"center center","background-size":"auto","background-attachment":"scroll","background-type":"","background-media":"","overlay-type":"","overlay-color":"","overlay-opacity":"","overlay-gradient":""},"tablet":{"background-color":"var(--ast-global-color-5)","background-image":"","background-repeat":"repeat","background-position":"center center","background-size":"auto","background-attachment":"scroll","background-type":"","background-media":"","overlay-type":"","overlay-color":"","overlay-opacity":"","overlay-gradient":""},"mobile":{"background-color":"var(--ast-global-color-5)","background-image":"","background-repeat":"repeat","background-position":"center center","background-size":"auto","background-attachment":"scroll","background-type":"","background-media":"","overlay-type":"","overlay-color":"","overlay-opacity":"","overlay-gradient":""}}},"product_brand":[],"product_cat":[53],"product_tag":[],"class_list":{"0":"post-1771","1":"product","2":"type-product","3":"status-publish","4":"has-post-thumbnail","6":"product_cat-valve-pair","7":"desktop-align-left","8":"tablet-align-left","9":"mobile-align-left","11":"first","12":"instock","13":"shipping-taxable","14":"product-type-simple"},"yoast_head":"<!-- This site is optimized with the Yoast SEO Premium plugin v22.5 (Yoast SEO v25.9) - https:\/\/yoast.com\/wordpress\/plugins\/seo\/ -->\r\n<title>TC(Tungsten carbide)valve balls and seats - JIANGSU WALLONG-HSIN Rollingelements<\/title>\r\n<meta name=\"description\" content=\"TC(Tungsten carbide)valve balls and seats -The valve ball and seat is a important part of the oil field mining pump, its using directly decides the service life of pump.According to the corrosion characteristics of oil, oil Wells can provide different material; JIANGSU WALLONG-HSIN manufacturer Steel Ball,Plastic ball, Cylindrical Roller, needle,pin,ball transfer unit,serve the best quality products and services\" \/>\r\n<meta name=\"robots\" content=\"index, follow, max-snippet:-1, max-image-preview:large, max-video-preview:-1\" \/>\r\n<link rel=\"canonical\" href=\"http:\/\/www.camcjsw-rollingelements.com\/es\/producto\/tc-ball-and-seat\/\" \/>\r\n<meta property=\"og:locale\" content=\"es_ES\" \/>\r\n<meta property=\"og:type\" content=\"article\" \/>\r\n<meta property=\"og:title\" content=\"TC(Tungsten carbide)valve balls and seats\" \/>\r\n<meta property=\"og:description\" content=\"TC(Tungsten carbide)valve balls and seats -The valve ball and seat is a important part of the oil field mining pump, its using directly decides the service life of pump.According to the corrosion characteristics of oil, oil Wells can provide different material; JIANGSU WALLONG-HSIN manufacturer Steel Ball,Plastic ball, Cylindrical Roller, needle,pin,ball transfer unit,serve the best quality products and services\" \/>\r\n<meta property=\"og:url\" content=\"http:\/\/www.camcjsw-rollingelements.com\/es\/producto\/tc-ball-and-seat\/\" \/>\r\n<meta property=\"og:site_name\" content=\"JIANGSU WALLONG-HSIN Rollingelements\" \/>\r\n<meta property=\"article:publisher\" content=\"https:\/\/www.facebook.com\/profile.php?id=100079096777836\" \/>\r\n<meta property=\"article:modified_time\" content=\"2025-09-26T01:39:22+00:00\" \/>\r\n<meta property=\"og:image\" content=\"http:\/\/www.camcjsw-rollingelements.com\/wp-content\/uploads\/2025\/09\/TCTungsten-carbidevalve-balls-and-seats.webp\" \/>\r\n\t<meta property=\"og:image:width\" content=\"800\" \/>\r\n\t<meta property=\"og:image:height\" content=\"701\" \/>\r\n\t<meta property=\"og:image:type\" content=\"image\/webp\" \/>\r\n<meta name=\"twitter:card\" content=\"summary_large_image\" \/>\r\n<meta name=\"twitter:site\" content=\"@SissiXu11\" \/>\r\n<meta name=\"twitter:label1\" content=\"Tiempo de lectura\" \/>\n\t<meta name=\"twitter:data1\" content=\"3 minutos\" \/>\r\n<script type=\"application\/ld+json\" class=\"yoast-schema-graph\">{\"@context\":\"https:\/\/schema.org\",\"@graph\":[{\"@type\":\"WebPage\",\"@id\":\"http:\/\/www.camcjsw-rollingelements.com\/product\/tc-ball-and-seat\",\"url\":\"http:\/\/www.camcjsw-rollingelements.com\/product\/tc-ball-and-seat\",\"name\":\"TC(Tungsten carbide)valve balls and seats - JIANGSU WALLONG-HSIN Rollingelements\",\"isPartOf\":{\"@id\":\"http:\/\/www.camcjsw-rollingelements.com\/#website\"},\"primaryImageOfPage\":{\"@id\":\"http:\/\/www.camcjsw-rollingelements.com\/product\/tc-ball-and-seat#primaryimage\"},\"image\":{\"@id\":\"http:\/\/www.camcjsw-rollingelements.com\/product\/tc-ball-and-seat#primaryimage\"},\"thumbnailUrl\":\"http:\/\/www.camcjsw-rollingelements.com\/wp-content\/uploads\/2025\/09\/TCTungsten-carbidevalve-balls-and-seats.webp\",\"datePublished\":\"2024-04-25T07:41:53+00:00\",\"dateModified\":\"2025-09-26T01:39:22+00:00\",\"description\":\"TC(Tungsten carbide)valve balls and seats -The valve ball and seat is a important part of the oil field mining pump, its using directly decides the service life of pump.According to the corrosion characteristics of oil, oil Wells can provide different material; JIANGSU WALLONG-HSIN manufacturer Steel Ball,Plastic ball, Cylindrical Roller, needle,pin,ball transfer unit,serve the best quality products and services\",\"breadcrumb\":{\"@id\":\"http:\/\/www.camcjsw-rollingelements.com\/product\/tc-ball-and-seat#breadcrumb\"},\"inLanguage\":\"es\",\"potentialAction\":[{\"@type\":\"ReadAction\",\"target\":[\"http:\/\/www.camcjsw-rollingelements.com\/product\/tc-ball-and-seat\"]}]},{\"@type\":\"ImageObject\",\"inLanguage\":\"es\",\"@id\":\"http:\/\/www.camcjsw-rollingelements.com\/product\/tc-ball-and-seat#primaryimage\",\"url\":\"http:\/\/www.camcjsw-rollingelements.com\/wp-content\/uploads\/2025\/09\/TCTungsten-carbidevalve-balls-and-seats.webp\",\"contentUrl\":\"http:\/\/www.camcjsw-rollingelements.com\/wp-content\/uploads\/2025\/09\/TCTungsten-carbidevalve-balls-and-seats.webp\",\"width\":800,\"height\":701},{\"@type\":\"BreadcrumbList\",\"@id\":\"http:\/\/www.camcjsw-rollingelements.com\/product\/tc-ball-and-seat#breadcrumb\",\"itemListElement\":[{\"@type\":\"ListItem\",\"position\":1,\"name\":\"Home\",\"item\":\"http:\/\/www.camcjsw-rollingelements.com\/\"},{\"@type\":\"ListItem\",\"position\":2,\"name\":\"Productos\",\"item\":\"http:\/\/www.camcjsw-rollingelements.com\/es\/shop\"},{\"@type\":\"ListItem\",\"position\":3,\"name\":\"TC(Tungsten carbide)valve balls and seats\"}]},{\"@type\":\"WebSite\",\"@id\":\"http:\/\/www.camcjsw-rollingelements.com\/#website\",\"url\":\"http:\/\/www.camcjsw-rollingelements.com\/\",\"name\":\"JIANGSU WALLONG-HSIN Rollingelements\",\"description\":\"\",\"publisher\":{\"@id\":\"http:\/\/www.camcjsw-rollingelements.com\/#organization\"},\"potentialAction\":[{\"@type\":\"SearchAction\",\"target\":{\"@type\":\"EntryPoint\",\"urlTemplate\":\"http:\/\/www.camcjsw-rollingelements.com\/?s={search_term_string}\"},\"query-input\":{\"@type\":\"PropertyValueSpecification\",\"valueRequired\":true,\"valueName\":\"search_term_string\"}}],\"inLanguage\":\"es\"},{\"@type\":\"Organization\",\"@id\":\"http:\/\/www.camcjsw-rollingelements.com\/#organization\",\"name\":\"JIANGSU WALLONG-HSIN MACHINERY ENGINEERING CORPORATION LTD.\",\"url\":\"http:\/\/www.camcjsw-rollingelements.com\/\",\"logo\":{\"@type\":\"ImageObject\",\"inLanguage\":\"es\",\"@id\":\"http:\/\/www.camcjsw-rollingelements.com\/#\/schema\/logo\/image\/\",\"url\":\"http:\/\/www.camcjsw-rollingelements.com\/wp-content\/uploads\/2025\/09\/logo\u526f\u672c.png\",\"contentUrl\":\"http:\/\/www.camcjsw-rollingelements.com\/wp-content\/uploads\/2025\/09\/logo\u526f\u672c.png\",\"width\":555,\"height\":55,\"caption\":\"JIANGSU WALLONG-HSIN MACHINERY ENGINEERING CORPORATION LTD.\"},\"image\":{\"@id\":\"http:\/\/www.camcjsw-rollingelements.com\/#\/schema\/logo\/image\/\"},\"sameAs\":[\"https:\/\/www.facebook.com\/profile.php?id=100079096777836\",\"https:\/\/x.com\/SissiXu11\"]}]}<\/script>\r\n<!-- \/ Yoast SEO Premium plugin. -->","yoast_head_json":{"title":"TC(Tungsten carbide)valve balls and seats - JIANGSU WALLONG-HSIN Rollingelements","description":"TC(Tungsten carbide)valve balls and seats -The valve ball and seat is a important part of the oil field mining pump, its using directly decides the service life of pump.According to the corrosion characteristics of oil, oil Wells can provide different material; JIANGSU WALLONG-HSIN manufacturer Steel Ball,Plastic ball, Cylindrical Roller, needle,pin,ball transfer unit,serve the best quality products and services","robots":{"index":"index","follow":"follow","max-snippet":"max-snippet:-1","max-image-preview":"max-image-preview:large","max-video-preview":"max-video-preview:-1"},"canonical":"http:\/\/www.camcjsw-rollingelements.com\/es\/producto\/tc-ball-and-seat\/","og_locale":"es_ES","og_type":"article","og_title":"TC(Tungsten carbide)valve balls and seats","og_description":"TC(Tungsten carbide)valve balls and seats -The valve ball and seat is a important part of the oil field mining pump, its using directly decides the service life of pump.According to the corrosion characteristics of oil, oil Wells can provide different material; JIANGSU WALLONG-HSIN manufacturer Steel Ball,Plastic ball, Cylindrical Roller, needle,pin,ball transfer unit,serve the best quality products and services","og_url":"http:\/\/www.camcjsw-rollingelements.com\/es\/producto\/tc-ball-and-seat\/","og_site_name":"JIANGSU WALLONG-HSIN Rollingelements","article_publisher":"https:\/\/www.facebook.com\/profile.php?id=100079096777836","article_modified_time":"2025-09-26T01:39:22+00:00","og_image":[{"width":800,"height":701,"url":"http:\/\/www.camcjsw-rollingelements.com\/wp-content\/uploads\/2025\/09\/TCTungsten-carbidevalve-balls-and-seats.webp","type":"image\/webp"}],"twitter_card":"summary_large_image","twitter_site":"@SissiXu11","twitter_misc":{"Tiempo de lectura":"3 minutos"},"schema":{"@context":"https:\/\/schema.org","@graph":[{"@type":"WebPage","@id":"http:\/\/www.camcjsw-rollingelements.com\/product\/tc-ball-and-seat","url":"http:\/\/www.camcjsw-rollingelements.com\/product\/tc-ball-and-seat","name":"TC(Tungsten carbide)valve balls and seats - JIANGSU WALLONG-HSIN Rollingelements","isPartOf":{"@id":"http:\/\/www.camcjsw-rollingelements.com\/#website"},"primaryImageOfPage":{"@id":"http:\/\/www.camcjsw-rollingelements.com\/product\/tc-ball-and-seat#primaryimage"},"image":{"@id":"http:\/\/www.camcjsw-rollingelements.com\/product\/tc-ball-and-seat#primaryimage"},"thumbnailUrl":"http:\/\/www.camcjsw-rollingelements.com\/wp-content\/uploads\/2025\/09\/TCTungsten-carbidevalve-balls-and-seats.webp","datePublished":"2024-04-25T07:41:53+00:00","dateModified":"2025-09-26T01:39:22+00:00","description":"TC(Tungsten carbide)valve balls and seats -The valve ball and seat is a important part of the oil field mining pump, its using directly decides the service life of pump.According to the corrosion characteristics of oil, oil Wells can provide different material; JIANGSU WALLONG-HSIN manufacturer Steel Ball,Plastic ball, Cylindrical Roller, needle,pin,ball transfer unit,serve the best quality products and services","breadcrumb":{"@id":"http:\/\/www.camcjsw-rollingelements.com\/product\/tc-ball-and-seat#breadcrumb"},"inLanguage":"es","potentialAction":[{"@type":"ReadAction","target":["http:\/\/www.camcjsw-rollingelements.com\/product\/tc-ball-and-seat"]}]},{"@type":"ImageObject","inLanguage":"es","@id":"http:\/\/www.camcjsw-rollingelements.com\/product\/tc-ball-and-seat#primaryimage","url":"http:\/\/www.camcjsw-rollingelements.com\/wp-content\/uploads\/2025\/09\/TCTungsten-carbidevalve-balls-and-seats.webp","contentUrl":"http:\/\/www.camcjsw-rollingelements.com\/wp-content\/uploads\/2025\/09\/TCTungsten-carbidevalve-balls-and-seats.webp","width":800,"height":701},{"@type":"BreadcrumbList","@id":"http:\/\/www.camcjsw-rollingelements.com\/product\/tc-ball-and-seat#breadcrumb","itemListElement":[{"@type":"ListItem","position":1,"name":"Home","item":"http:\/\/www.camcjsw-rollingelements.com\/"},{"@type":"ListItem","position":2,"name":"Productos","item":"http:\/\/www.camcjsw-rollingelements.com\/es\/shop"},{"@type":"ListItem","position":3,"name":"TC(Tungsten carbide)valve balls and seats"}]},{"@type":"WebSite","@id":"http:\/\/www.camcjsw-rollingelements.com\/#website","url":"http:\/\/www.camcjsw-rollingelements.com\/","name":"JIANGSU WALLONG-HSIN Rollingelements","description":"","publisher":{"@id":"http:\/\/www.camcjsw-rollingelements.com\/#organization"},"potentialAction":[{"@type":"SearchAction","target":{"@type":"EntryPoint","urlTemplate":"http:\/\/www.camcjsw-rollingelements.com\/?s={search_term_string}"},"query-input":{"@type":"PropertyValueSpecification","valueRequired":true,"valueName":"search_term_string"}}],"inLanguage":"es"},{"@type":"Organization","@id":"http:\/\/www.camcjsw-rollingelements.com\/#organization","name":"JIANGSU WALLONG-HSIN MACHINERY ENGINEERING CORPORATION LTD.","url":"http:\/\/www.camcjsw-rollingelements.com\/","logo":{"@type":"ImageObject","inLanguage":"es","@id":"http:\/\/www.camcjsw-rollingelements.com\/#\/schema\/logo\/image\/","url":"http:\/\/www.camcjsw-rollingelements.com\/wp-content\/uploads\/2025\/09\/logo\u526f\u672c.png","contentUrl":"http:\/\/www.camcjsw-rollingelements.com\/wp-content\/uploads\/2025\/09\/logo\u526f\u672c.png","width":555,"height":55,"caption":"JIANGSU WALLONG-HSIN MACHINERY ENGINEERING CORPORATION LTD."},"image":{"@id":"http:\/\/www.camcjsw-rollingelements.com\/#\/schema\/logo\/image\/"},"sameAs":["https:\/\/www.facebook.com\/profile.php?id=100079096777836","https:\/\/x.com\/SissiXu11"]}]}},"_links":{"self":[{"href":"http:\/\/www.camcjsw-rollingelements.com\/es\/wp-json\/wp\/v2\/product\/1771","targetHints":{"allow":["GET"]}}],"collection":[{"href":"http:\/\/www.camcjsw-rollingelements.com\/es\/wp-json\/wp\/v2\/product"}],"about":[{"href":"http:\/\/www.camcjsw-rollingelements.com\/es\/wp-json\/wp\/v2\/types\/product"}],"wp:featuredmedia":[{"embeddable":true,"href":"http:\/\/www.camcjsw-rollingelements.com\/es\/wp-json\/wp\/v2\/media\/3137"}],"wp:attachment":[{"href":"http:\/\/www.camcjsw-rollingelements.com\/es\/wp-json\/wp\/v2\/media?parent=1771"}],"wp:term":[{"taxonomy":"product_brand","embeddable":true,"href":"http:\/\/www.camcjsw-rollingelements.com\/es\/wp-json\/wp\/v2\/product_brand?post=1771"},{"taxonomy":"product_cat","embeddable":true,"href":"http:\/\/www.camcjsw-rollingelements.com\/es\/wp-json\/wp\/v2\/product_cat?post=1771"},{"taxonomy":"product_tag","embeddable":true,"href":"http:\/\/www.camcjsw-rollingelements.com\/es\/wp-json\/wp\/v2\/product_tag?post=1771"}],"curies":[{"name":"wp","href":"https:\/\/api.w.org\/{rel}","templated":true}]}}