{"id":2688,"date":"2024-07-25T15:36:43","date_gmt":"2024-07-25T07:36:43","guid":{"rendered":"http:\/\/www.camcjsw-rollingelements.com\/product\/iso-8735\/"},"modified":"2025-09-25T17:29:28","modified_gmt":"2025-09-25T09:29:28","slug":"iso-8735","status":"publish","type":"product","link":"http:\/\/www.camcjsw-rollingelements.com\/es\/producto\/iso-8735","title":{"rendered":"ISO 8735"},"content":{"rendered":"<p><img decoding=\"async\" class=\"alignnone\" src=\"http:\/\/www.camcjsw-rollingelements.com\/wp-content\/uploads\/2024\/07\/92484a96-48f1-4a78-93f5-6a3e4ebc7071.webp\" alt=\"\" width=\"100%\" \/><\/p>\n<table border=\"1\" width=\"100%\" cellspacing=\"0\" cellpadding=\"0\">\n<tbody>\n<tr>\n<td class=\"et2\" colspan=\"2\" width=\"144\" height=\"19\">Di\u00e1metro nominal<\/td>\n<td class=\"et3\" rowspan=\"2\" width=\"72\">\u03a66<\/td>\n<td class=\"et3\" rowspan=\"2\" width=\"72\">\u03a68<\/td>\n<td class=\"et3\" rowspan=\"2\" width=\"72\">\u03a610<\/td>\n<td class=\"et3\" rowspan=\"2\" width=\"72\">\u03a612<\/td>\n<td class=\"et3\" rowspan=\"2\" width=\"72\">\u03a616<\/td>\n<td class=\"et3\" rowspan=\"2\" width=\"72\">\u03a620<\/td>\n<td class=\"et3\" rowspan=\"2\" width=\"72\">\u03a625<\/td>\n<td class=\"et3\" rowspan=\"2\" width=\"72\">\u03a630<\/td>\n<td class=\"et3\" rowspan=\"2\" width=\"72\">\u03a640<\/td>\n<td class=\"et3\" rowspan=\"2\" width=\"72\">\u03a650<\/td>\n<\/tr>\n<tr>\n<td class=\"et4\" colspan=\"2\" width=\"144\" height=\"19\">d<\/td>\n<\/tr>\n<tr>\n<td class=\"et5\" rowspan=\"2\" height=\"37\">d<\/td>\n<td class=\"et6\">max<\/td>\n<td class=\"et7\" width=\"72\">6.012<\/td>\n<td class=\"et7\" width=\"72\">8.015<\/td>\n<td class=\"et7\" width=\"72\">10.015<\/td>\n<td class=\"et7\" width=\"72\">12.018<\/td>\n<td class=\"et7\" width=\"72\">16.018<\/td>\n<td class=\"et7\" width=\"72\">20.021<\/td>\n<td class=\"et7\" width=\"72\">25.021<\/td>\n<td class=\"et7\" width=\"72\">30.021<\/td>\n<td class=\"et7\" width=\"72\">40.025<\/td>\n<td class=\"et7\" width=\"72\">50.025<\/td>\n<\/tr>\n<tr>\n<td class=\"et8\">min<\/td>\n<td class=\"et7\" width=\"72\">6.004<\/td>\n<td class=\"et7\" width=\"72\">8.006<\/td>\n<td class=\"et7\" width=\"72\">10.006<\/td>\n<td class=\"et7\" width=\"72\">12.007<\/td>\n<td class=\"et7\" width=\"72\">16.007<\/td>\n<td class=\"et7\" width=\"72\">20.008<\/td>\n<td class=\"et7\" width=\"72\">25.008<\/td>\n<td class=\"et7\" width=\"72\">30.008<\/td>\n<td class=\"et7\" width=\"72\">40.009<\/td>\n<td class=\"et7\" width=\"72\">50.009<\/td>\n<\/tr>\n<tr>\n<td class=\"et5\" height=\"19\">a<\/td>\n<td class=\"et6\">\u2248<\/td>\n<td class=\"et7\" width=\"72\">0.8<\/td>\n<td class=\"et7\" width=\"72\">1<\/td>\n<td class=\"et7\" width=\"72\">1.2<\/td>\n<td class=\"et7\" width=\"72\">1.6<\/td>\n<td class=\"et7\" width=\"72\">2<\/td>\n<td class=\"et7\" width=\"72\">2.5<\/td>\n<td class=\"et7\" width=\"72\">3<\/td>\n<td class=\"et7\" width=\"72\">4<\/td>\n<td class=\"et7\" width=\"72\">5<\/td>\n<td class=\"et7\" width=\"72\">6.3<\/td>\n<\/tr>\n<tr>\n<td class=\"et5\" colspan=\"2\" height=\"19\">c<\/td>\n<td class=\"et7\" width=\"72\">2.1<\/td>\n<td class=\"et7\" width=\"72\">2.6<\/td>\n<td class=\"et7\" width=\"72\">3<\/td>\n<td class=\"et7\" width=\"72\">3.8<\/td>\n<td class=\"et7\" width=\"72\">4.6<\/td>\n<td class=\"et7\" width=\"72\">6<\/td>\n<td class=\"et7\" width=\"72\">6<\/td>\n<td class=\"et7\" width=\"72\">7<\/td>\n<td class=\"et7\" width=\"72\">8<\/td>\n<td class=\"et7\" width=\"72\">10<\/td>\n<\/tr>\n<tr>\n<td class=\"et5\" colspan=\"2\" height=\"22\">d<span class=\"font7\">1<\/span><\/td>\n<td class=\"et7\" width=\"72\">M4<\/td>\n<td class=\"et7\" width=\"72\">M5<\/td>\n<td class=\"et7\" width=\"72\">M6<\/td>\n<td class=\"et7\" width=\"72\">M6<\/td>\n<td class=\"et7\" width=\"72\">M8<\/td>\n<td class=\"et7\" width=\"72\">M10<\/td>\n<td class=\"et7\" width=\"72\">M16<\/td>\n<td class=\"et7\" width=\"72\">M20<\/td>\n<td class=\"et7\" width=\"72\">M20<\/td>\n<td class=\"et7\" width=\"72\">M24<\/td>\n<\/tr>\n<tr>\n<td class=\"et5\" height=\"19\">P<\/td>\n<td class=\"et6\">paso<\/td>\n<td class=\"et7\" width=\"72\">0.7<\/td>\n<td class=\"et7\" width=\"72\">0.8<\/td>\n<td class=\"et7\" width=\"72\">1<\/td>\n<td class=\"et7\" width=\"72\">1<\/td>\n<td class=\"et7\" width=\"72\">1.25<\/td>\n<td class=\"et7\" width=\"72\">1.5<\/td>\n<td class=\"et7\" width=\"72\">2<\/td>\n<td class=\"et7\" width=\"72\">2.5<\/td>\n<td class=\"et7\" width=\"72\">2.5<\/td>\n<td class=\"et7\" width=\"72\">3<\/td>\n<\/tr>\n<tr>\n<td class=\"et5\" colspan=\"2\" height=\"22\">d<span class=\"font7\">2<\/span><\/td>\n<td class=\"et7\" width=\"72\">4.3<\/td>\n<td class=\"et7\" width=\"72\">5.3<\/td>\n<td class=\"et7\" width=\"72\">6.4<\/td>\n<td class=\"et7\" width=\"72\">6.4<\/td>\n<td class=\"et7\" width=\"72\">8.4<\/td>\n<td class=\"et7\" width=\"72\">10.5<\/td>\n<td class=\"et7\" width=\"72\">17<\/td>\n<td class=\"et7\" width=\"72\">21<\/td>\n<td class=\"et7\" width=\"72\">21<\/td>\n<td class=\"et7\" width=\"72\">25<\/td>\n<\/tr>\n<tr>\n<td class=\"et5\" colspan=\"2\" height=\"22\">t<span class=\"font7\">1<\/span><\/td>\n<td class=\"et7\" width=\"72\">6<\/td>\n<td class=\"et7\" width=\"72\">8<\/td>\n<td class=\"et7\" width=\"72\">10<\/td>\n<td class=\"et7\" width=\"72\">12<\/td>\n<td class=\"et7\" width=\"72\">16<\/td>\n<td class=\"et7\" width=\"72\">18<\/td>\n<td class=\"et7\" width=\"72\">24<\/td>\n<td class=\"et7\" width=\"72\">30<\/td>\n<td class=\"et7\" width=\"72\">30<\/td>\n<td class=\"et7\" width=\"72\">36<\/td>\n<\/tr>\n<tr>\n<td class=\"et5\" height=\"22\">t<span class=\"font7\">2<\/span><\/td>\n<td class=\"et6\">min<\/td>\n<td class=\"et7\" width=\"72\">10<\/td>\n<td class=\"et7\" width=\"72\">12<\/td>\n<td class=\"et7\" width=\"72\">16<\/td>\n<td class=\"et7\" width=\"72\">20<\/td>\n<td class=\"et7\" width=\"72\">25<\/td>\n<td class=\"et7\" width=\"72\">28<\/td>\n<td class=\"et7\" width=\"72\">35<\/td>\n<td class=\"et7\" width=\"72\">40<\/td>\n<td class=\"et7\" width=\"72\">40<\/td>\n<td class=\"et7\" width=\"72\">50<\/td>\n<\/tr>\n<tr>\n<td class=\"et5\" colspan=\"2\" height=\"22\">t<span class=\"font7\">3<\/span><\/td>\n<td class=\"et7\" width=\"72\">1<\/td>\n<td class=\"et7\" width=\"72\">1.2<\/td>\n<td class=\"et7\" width=\"72\">1.2<\/td>\n<td class=\"et7\" width=\"72\">1.2<\/td>\n<td class=\"et7\" width=\"72\">1.5<\/td>\n<td class=\"et7\" width=\"72\">1.5<\/td>\n<td class=\"et7\" width=\"72\">2<\/td>\n<td class=\"et7\" width=\"72\">2<\/td>\n<td class=\"et7\" width=\"72\">2.5<\/td>\n<td class=\"et7\" width=\"72\">2.5<\/td>\n<\/tr>\n<tr>\n<td class=\"et10\" colspan=\"12\" width=\"864\" height=\"32\">\u2460 Tipo A: extremo cil\u00edndrico esf\u00e9rico, adecuado para acero templado com\u00fan y acero inoxidable martens\u00edtico<br \/>\nTipo B: extremo plano, adecuado para acero templado superficialmente<\/td>\n<\/tr>\n<\/tbody>\n<\/table>","protected":false},"excerpt":{"rendered":"<p>Nominal diameter \u03a66 \u03a68 \u03a610 \u03a612 \u03a616 \u03a620 \u03a625 \u03a630 \u03a640 \u03a650 d d max 6.012 8.015 10.015 12.018 16.018 20.021 25.021 30.021 40.025 50.025 min 6.004 8.006 10.006 12.007 16.007 20.008 25.008 30.008 40.009 50.009 a \u2248 0.8 1 1.2 1.6 2 2.5 3 4 5 6.3 c 2.1 2.6 3 3.8 4.6 6 [&hellip;]<\/p>","protected":false},"featured_media":508,"template":"","meta":{"site-sidebar-layout":"default","site-content-layout":"","ast-site-content-layout":"default","site-content-style":"default","site-sidebar-style":"default","ast-global-header-display":"","ast-banner-title-visibility":"","ast-main-header-display":"","ast-hfb-above-header-display":"","ast-hfb-below-header-display":"","ast-hfb-mobile-header-display":"","site-post-title":"","ast-breadcrumbs-content":"","ast-featured-img":"","footer-sml-layout":"","theme-transparent-header-meta":"default","adv-header-id-meta":"","stick-header-meta":"","header-above-stick-meta":"","header-main-stick-meta":"","header-below-stick-meta":"","astra-migrate-meta-layouts":"set","ast-page-background-enabled":"default","ast-page-background-meta":{"desktop":{"background-color":"var(--ast-global-color-4)","background-image":"","background-repeat":"repeat","background-position":"center center","background-size":"auto","background-attachment":"scroll","background-type":"","background-media":"","overlay-type":"","overlay-color":"","overlay-opacity":"","overlay-gradient":""},"tablet":{"background-color":"","background-image":"","background-repeat":"repeat","background-position":"center center","background-size":"auto","background-attachment":"scroll","background-type":"","background-media":"","overlay-type":"","overlay-color":"","overlay-opacity":"","overlay-gradient":""},"mobile":{"background-color":"","background-image":"","background-repeat":"repeat","background-position":"center center","background-size":"auto","background-attachment":"scroll","background-type":"","background-media":"","overlay-type":"","overlay-color":"","overlay-opacity":"","overlay-gradient":""}},"ast-content-background-meta":{"desktop":{"background-color":"var(--ast-global-color-5)","background-image":"","background-repeat":"repeat","background-position":"center center","background-size":"auto","background-attachment":"scroll","background-type":"","background-media":"","overlay-type":"","overlay-color":"","overlay-opacity":"","overlay-gradient":""},"tablet":{"background-color":"var(--ast-global-color-5)","background-image":"","background-repeat":"repeat","background-position":"center center","background-size":"auto","background-attachment":"scroll","background-type":"","background-media":"","overlay-type":"","overlay-color":"","overlay-opacity":"","overlay-gradient":""},"mobile":{"background-color":"var(--ast-global-color-5)","background-image":"","background-repeat":"repeat","background-position":"center center","background-size":"auto","background-attachment":"scroll","background-type":"","background-media":"","overlay-type":"","overlay-color":"","overlay-opacity":"","overlay-gradient":""}}},"product_brand":[],"product_cat":[50],"product_tag":[],"class_list":{"0":"post-2688","1":"product","2":"type-product","3":"status-publish","4":"has-post-thumbnail","6":"product_cat-fastener-pins","7":"desktop-align-left","8":"tablet-align-left","9":"mobile-align-left","11":"first","12":"instock","13":"shipping-taxable","14":"product-type-simple"},"yoast_head":"<!-- This site is optimized with the Yoast SEO Premium plugin v22.5 (Yoast SEO v25.9) - https:\/\/yoast.com\/wordpress\/plugins\/seo\/ -->\r\n<title>ISO 8735 - JIANGSU WALLONG-HSIN Rollingelements<\/title>\r\n<meta name=\"description\" content=\"ISO 8735 - PIN\" \/>\r\n<meta name=\"robots\" content=\"index, follow, max-snippet:-1, max-image-preview:large, max-video-preview:-1\" \/>\r\n<link rel=\"canonical\" href=\"http:\/\/www.camcjsw-rollingelements.com\/es\/producto\/iso-8735\/\" \/>\r\n<meta property=\"og:locale\" content=\"es_ES\" \/>\r\n<meta property=\"og:type\" content=\"article\" \/>\r\n<meta property=\"og:title\" content=\"ISO 8735\" \/>\r\n<meta property=\"og:description\" content=\"ISO 8735 - PIN\" \/>\r\n<meta property=\"og:url\" content=\"http:\/\/www.camcjsw-rollingelements.com\/es\/producto\/iso-8735\/\" \/>\r\n<meta property=\"og:site_name\" content=\"JIANGSU WALLONG-HSIN Rollingelements\" \/>\r\n<meta property=\"article:publisher\" content=\"https:\/\/www.facebook.com\/profile.php?id=100079096777836\" \/>\r\n<meta property=\"article:modified_time\" content=\"2025-09-25T09:29:28+00:00\" \/>\r\n<meta property=\"og:image\" content=\"http:\/\/www.camcjsw-rollingelements.com\/wp-content\/uploads\/2025\/09\/ISO-8733-8735.webp\" \/>\r\n\t<meta property=\"og:image:width\" content=\"257\" \/>\r\n\t<meta property=\"og:image:height\" content=\"174\" \/>\r\n\t<meta property=\"og:image:type\" content=\"image\/webp\" \/>\r\n<meta name=\"twitter:card\" content=\"summary_large_image\" \/>\r\n<meta name=\"twitter:site\" content=\"@SissiXu11\" \/>\r\n<meta name=\"twitter:label1\" content=\"Tiempo de lectura\" \/>\n\t<meta name=\"twitter:data1\" content=\"1 minuto\" \/>\r\n<script type=\"application\/ld+json\" class=\"yoast-schema-graph\">{\"@context\":\"https:\/\/schema.org\",\"@graph\":[{\"@type\":\"WebPage\",\"@id\":\"http:\/\/www.camcjsw-rollingelements.com\/product\/iso-8735\",\"url\":\"http:\/\/www.camcjsw-rollingelements.com\/product\/iso-8735\",\"name\":\"ISO 8735 - JIANGSU WALLONG-HSIN Rollingelements\",\"isPartOf\":{\"@id\":\"http:\/\/www.camcjsw-rollingelements.com\/#website\"},\"primaryImageOfPage\":{\"@id\":\"http:\/\/www.camcjsw-rollingelements.com\/product\/iso-8735#primaryimage\"},\"image\":{\"@id\":\"http:\/\/www.camcjsw-rollingelements.com\/product\/iso-8735#primaryimage\"},\"thumbnailUrl\":\"http:\/\/www.camcjsw-rollingelements.com\/wp-content\/uploads\/2025\/09\/ISO-8733-8735.webp\",\"datePublished\":\"2024-07-25T07:36:43+00:00\",\"dateModified\":\"2025-09-25T09:29:28+00:00\",\"description\":\"ISO 8735 - PIN\",\"breadcrumb\":{\"@id\":\"http:\/\/www.camcjsw-rollingelements.com\/product\/iso-8735#breadcrumb\"},\"inLanguage\":\"es\",\"potentialAction\":[{\"@type\":\"ReadAction\",\"target\":[\"http:\/\/www.camcjsw-rollingelements.com\/product\/iso-8735\"]}]},{\"@type\":\"ImageObject\",\"inLanguage\":\"es\",\"@id\":\"http:\/\/www.camcjsw-rollingelements.com\/product\/iso-8735#primaryimage\",\"url\":\"http:\/\/www.camcjsw-rollingelements.com\/wp-content\/uploads\/2025\/09\/ISO-8733-8735.webp\",\"contentUrl\":\"http:\/\/www.camcjsw-rollingelements.com\/wp-content\/uploads\/2025\/09\/ISO-8733-8735.webp\",\"width\":257,\"height\":174},{\"@type\":\"BreadcrumbList\",\"@id\":\"http:\/\/www.camcjsw-rollingelements.com\/product\/iso-8735#breadcrumb\",\"itemListElement\":[{\"@type\":\"ListItem\",\"position\":1,\"name\":\"Home\",\"item\":\"http:\/\/www.camcjsw-rollingelements.com\/\"},{\"@type\":\"ListItem\",\"position\":2,\"name\":\"Productos\",\"item\":\"http:\/\/www.camcjsw-rollingelements.com\/es\/shop\"},{\"@type\":\"ListItem\",\"position\":3,\"name\":\"ISO 8735\"}]},{\"@type\":\"WebSite\",\"@id\":\"http:\/\/www.camcjsw-rollingelements.com\/#website\",\"url\":\"http:\/\/www.camcjsw-rollingelements.com\/\",\"name\":\"JIANGSU WALLONG-HSIN Rollingelements\",\"description\":\"\",\"publisher\":{\"@id\":\"http:\/\/www.camcjsw-rollingelements.com\/#organization\"},\"potentialAction\":[{\"@type\":\"SearchAction\",\"target\":{\"@type\":\"EntryPoint\",\"urlTemplate\":\"http:\/\/www.camcjsw-rollingelements.com\/?s={search_term_string}\"},\"query-input\":{\"@type\":\"PropertyValueSpecification\",\"valueRequired\":true,\"valueName\":\"search_term_string\"}}],\"inLanguage\":\"es\"},{\"@type\":\"Organization\",\"@id\":\"http:\/\/www.camcjsw-rollingelements.com\/#organization\",\"name\":\"JIANGSU WALLONG-HSIN MACHINERY ENGINEERING CORPORATION LTD.\",\"url\":\"http:\/\/www.camcjsw-rollingelements.com\/\",\"logo\":{\"@type\":\"ImageObject\",\"inLanguage\":\"es\",\"@id\":\"http:\/\/www.camcjsw-rollingelements.com\/#\/schema\/logo\/image\/\",\"url\":\"http:\/\/www.camcjsw-rollingelements.com\/wp-content\/uploads\/2025\/09\/logo\u526f\u672c.png\",\"contentUrl\":\"http:\/\/www.camcjsw-rollingelements.com\/wp-content\/uploads\/2025\/09\/logo\u526f\u672c.png\",\"width\":555,\"height\":55,\"caption\":\"JIANGSU WALLONG-HSIN MACHINERY ENGINEERING CORPORATION LTD.\"},\"image\":{\"@id\":\"http:\/\/www.camcjsw-rollingelements.com\/#\/schema\/logo\/image\/\"},\"sameAs\":[\"https:\/\/www.facebook.com\/profile.php?id=100079096777836\",\"https:\/\/x.com\/SissiXu11\"]}]}<\/script>\r\n<!-- \/ Yoast SEO Premium plugin. -->","yoast_head_json":{"title":"ISO 8735 - JIANGSU WALLONG-HSIN Rollingelements","description":"ISO 8735 - PIN","robots":{"index":"index","follow":"follow","max-snippet":"max-snippet:-1","max-image-preview":"max-image-preview:large","max-video-preview":"max-video-preview:-1"},"canonical":"http:\/\/www.camcjsw-rollingelements.com\/es\/producto\/iso-8735\/","og_locale":"es_ES","og_type":"article","og_title":"ISO 8735","og_description":"ISO 8735 - PIN","og_url":"http:\/\/www.camcjsw-rollingelements.com\/es\/producto\/iso-8735\/","og_site_name":"JIANGSU WALLONG-HSIN Rollingelements","article_publisher":"https:\/\/www.facebook.com\/profile.php?id=100079096777836","article_modified_time":"2025-09-25T09:29:28+00:00","og_image":[{"width":257,"height":174,"url":"http:\/\/www.camcjsw-rollingelements.com\/wp-content\/uploads\/2025\/09\/ISO-8733-8735.webp","type":"image\/webp"}],"twitter_card":"summary_large_image","twitter_site":"@SissiXu11","twitter_misc":{"Tiempo de lectura":"1 minuto"},"schema":{"@context":"https:\/\/schema.org","@graph":[{"@type":"WebPage","@id":"http:\/\/www.camcjsw-rollingelements.com\/product\/iso-8735","url":"http:\/\/www.camcjsw-rollingelements.com\/product\/iso-8735","name":"ISO 8735 - JIANGSU WALLONG-HSIN Rollingelements","isPartOf":{"@id":"http:\/\/www.camcjsw-rollingelements.com\/#website"},"primaryImageOfPage":{"@id":"http:\/\/www.camcjsw-rollingelements.com\/product\/iso-8735#primaryimage"},"image":{"@id":"http:\/\/www.camcjsw-rollingelements.com\/product\/iso-8735#primaryimage"},"thumbnailUrl":"http:\/\/www.camcjsw-rollingelements.com\/wp-content\/uploads\/2025\/09\/ISO-8733-8735.webp","datePublished":"2024-07-25T07:36:43+00:00","dateModified":"2025-09-25T09:29:28+00:00","description":"ISO 8735 - PIN","breadcrumb":{"@id":"http:\/\/www.camcjsw-rollingelements.com\/product\/iso-8735#breadcrumb"},"inLanguage":"es","potentialAction":[{"@type":"ReadAction","target":["http:\/\/www.camcjsw-rollingelements.com\/product\/iso-8735"]}]},{"@type":"ImageObject","inLanguage":"es","@id":"http:\/\/www.camcjsw-rollingelements.com\/product\/iso-8735#primaryimage","url":"http:\/\/www.camcjsw-rollingelements.com\/wp-content\/uploads\/2025\/09\/ISO-8733-8735.webp","contentUrl":"http:\/\/www.camcjsw-rollingelements.com\/wp-content\/uploads\/2025\/09\/ISO-8733-8735.webp","width":257,"height":174},{"@type":"BreadcrumbList","@id":"http:\/\/www.camcjsw-rollingelements.com\/product\/iso-8735#breadcrumb","itemListElement":[{"@type":"ListItem","position":1,"name":"Home","item":"http:\/\/www.camcjsw-rollingelements.com\/"},{"@type":"ListItem","position":2,"name":"Productos","item":"http:\/\/www.camcjsw-rollingelements.com\/es\/shop"},{"@type":"ListItem","position":3,"name":"ISO 8735"}]},{"@type":"WebSite","@id":"http:\/\/www.camcjsw-rollingelements.com\/#website","url":"http:\/\/www.camcjsw-rollingelements.com\/","name":"JIANGSU WALLONG-HSIN Rollingelements","description":"","publisher":{"@id":"http:\/\/www.camcjsw-rollingelements.com\/#organization"},"potentialAction":[{"@type":"SearchAction","target":{"@type":"EntryPoint","urlTemplate":"http:\/\/www.camcjsw-rollingelements.com\/?s={search_term_string}"},"query-input":{"@type":"PropertyValueSpecification","valueRequired":true,"valueName":"search_term_string"}}],"inLanguage":"es"},{"@type":"Organization","@id":"http:\/\/www.camcjsw-rollingelements.com\/#organization","name":"JIANGSU WALLONG-HSIN MACHINERY ENGINEERING CORPORATION LTD.","url":"http:\/\/www.camcjsw-rollingelements.com\/","logo":{"@type":"ImageObject","inLanguage":"es","@id":"http:\/\/www.camcjsw-rollingelements.com\/#\/schema\/logo\/image\/","url":"http:\/\/www.camcjsw-rollingelements.com\/wp-content\/uploads\/2025\/09\/logo\u526f\u672c.png","contentUrl":"http:\/\/www.camcjsw-rollingelements.com\/wp-content\/uploads\/2025\/09\/logo\u526f\u672c.png","width":555,"height":55,"caption":"JIANGSU WALLONG-HSIN MACHINERY ENGINEERING CORPORATION LTD."},"image":{"@id":"http:\/\/www.camcjsw-rollingelements.com\/#\/schema\/logo\/image\/"},"sameAs":["https:\/\/www.facebook.com\/profile.php?id=100079096777836","https:\/\/x.com\/SissiXu11"]}]}},"_links":{"self":[{"href":"http:\/\/www.camcjsw-rollingelements.com\/es\/wp-json\/wp\/v2\/product\/2688","targetHints":{"allow":["GET"]}}],"collection":[{"href":"http:\/\/www.camcjsw-rollingelements.com\/es\/wp-json\/wp\/v2\/product"}],"about":[{"href":"http:\/\/www.camcjsw-rollingelements.com\/es\/wp-json\/wp\/v2\/types\/product"}],"wp:featuredmedia":[{"embeddable":true,"href":"http:\/\/www.camcjsw-rollingelements.com\/es\/wp-json\/wp\/v2\/media\/508"}],"wp:attachment":[{"href":"http:\/\/www.camcjsw-rollingelements.com\/es\/wp-json\/wp\/v2\/media?parent=2688"}],"wp:term":[{"taxonomy":"product_brand","embeddable":true,"href":"http:\/\/www.camcjsw-rollingelements.com\/es\/wp-json\/wp\/v2\/product_brand?post=2688"},{"taxonomy":"product_cat","embeddable":true,"href":"http:\/\/www.camcjsw-rollingelements.com\/es\/wp-json\/wp\/v2\/product_cat?post=2688"},{"taxonomy":"product_tag","embeddable":true,"href":"http:\/\/www.camcjsw-rollingelements.com\/es\/wp-json\/wp\/v2\/product_tag?post=2688"}],"curies":[{"name":"wp","href":"https:\/\/api.w.org\/{rel}","templated":true}]}}