{"id":2741,"date":"2024-11-01T10:49:31","date_gmt":"2024-11-01T02:49:31","guid":{"rendered":"http:\/\/www.camcjsw-rollingelements.com\/product\/hollow-glass-microspheres-reach-rohs\/"},"modified":"2025-09-25T17:12:00","modified_gmt":"2025-09-25T09:12:00","slug":"hollow-glass-microspheres-reach-rohs","status":"publish","type":"product","link":"http:\/\/www.camcjsw-rollingelements.com\/es\/producto\/hollow-glass-microspheres-reach-rohs","title":{"rendered":"Microesferas de vidrio huecas (REACH, ROHS)"},"content":{"rendered":"<p><img fetchpriority=\"high\" decoding=\"async\" class=\"alignnone\" src=\"http:\/\/www.camcjsw-rollingelements.com\/wp-content\/uploads\/2024\/11\/Microscopic-Photos-300x193.webp\" alt=\"\" width=\"300\" height=\"193\" \/> <img decoding=\"async\" class=\"alignnone\" src=\"http:\/\/www.camcjsw-rollingelements.com\/wp-content\/uploads\/2024\/11\/d2-300x196.webp\" alt=\"\" width=\"300\" height=\"196\" \/> <img decoding=\"async\" class=\"alignnone\" src=\"http:\/\/www.camcjsw-rollingelements.com\/wp-content\/uploads\/2024\/11\/d1-1-300x209.webp\" alt=\"\" width=\"300\" height=\"209\" \/><\/p>\n<p><strong><b>Par\u00e1metro <\/b><\/strong><strong><b>Descripci\u00f3n<\/b><\/strong><strong><b>\uff1a<\/b><\/strong><\/p>\n<p>Material: Vidrio de borosilicato alcalino-calc\u00e1reo<\/p>\n<p>Aspecto: polvo blanco, aparece como un cuerpo esf\u00e9rico hueco transparente bajo el microscopio.<\/p>\n<p>Color: blanco puro o personalizado.<\/p>\n<p>Di\u00e1metro: \u00f82 ~ \u00f8130 um<\/p>\n<p>Espesor de la pared: 1 ~ 2 um<\/p>\n<p>Densidad real: 0,15 ~ 1,50 g\/cm\u00b3<\/p>\n<p>Resistencia a la compresi\u00f3n: 500 ~ 30 000 psi \u2248 3,5 ~ 207 Mpa<\/p>\n<p>Conductividad t\u00e9rmica: 0,038 ~ 0,085 W\/m.K<\/p>\n<p><strong><b>A<\/b><\/strong><strong><b>solicitud:<\/b><\/strong><\/p>\n<p>*Aeroespacial (EADS)<\/p>\n<p>\u2013 Cubierta de radar para aeronaves \u2013 Materiales compuestos de bajo diel\u00e9ctrico \u2013 Peso ligero<\/p>\n<p>*Materiales de flotabilidad s\u00f3lidos marinos<\/p>\n<p>-Relleno ligero de baja densidad y alta resistencia.<\/p>\n<p>*Extracci\u00f3n de petr\u00f3leo y gas<\/p>\n<p>-Fluido de perforaci\u00f3n de baja densidad y lechada de cementaci\u00f3n<\/p>\n<p>*Transporte<\/p>\n<p>\u2013 Componentes de pl\u00e1stico livianos<\/p>\n<p>*Adhesivo ligero para automoci\u00f3n<\/p>\n<p>\u2013 Adhesivo de baja densidad, soluci\u00f3n r\u00e1pida para PVC, adhesivo estructural<\/p>\n<p>*Informaci\u00f3n electr\u00f3nica 5G<\/p>\n<p>-Estaci\u00f3n base 5G y cubierta de antena, marco y placa posterior de tel\u00e9fono m\u00f3vil 5G, dispositivos IoT<\/p>\n<p>\u2013 Reducci\u00f3n de la p\u00e9rdida de se\u00f1al y mejora de la eficiencia de penetraci\u00f3n de la se\u00f1al<\/p>\n<p>*Materiales de aislamiento t\u00e9rmico ( recubrimiento, imprimaci\u00f3n)<\/p>\n<p>\u2013 ahorro de energ\u00eda y reducci\u00f3n de emisiones, aislamiento t\u00e9rmico<\/p>\n<p>*Productos de caucho<\/p>\n<p>-Materiales ligeros para calzado, rellenos para caucho industrial, cables, cables \u00f3pticos de comunicaci\u00f3n, capas de caucho y diversos rellenos de anillos de sellado de caucho.<\/p>\n<p><strong><b>Conclusi\u00f3n:<\/b><\/strong><\/p>\n<p>Tiene varias propiedades como baja densidad, alta resistencia, baja conductividad t\u00e9rmica, aislamiento el\u00e9ctrico, resistencia a altas temperaturas, resistencia a \u00e1cidos y \u00e1lcalis y buena fluidez y estabilidad qu\u00edmica.<\/p>\n<p>Es un nuevo material de vanguardia y multifuncional que abarca m\u00faltiples campos.<\/p>\n<p>La aplicaci\u00f3n de microesferas de vidrio huecas es de gran importancia para la mejora y optimizaci\u00f3n del rendimiento de diversos materiales, as\u00ed como para las estrategias de reducci\u00f3n de emisiones de aligeramiento y ahorro de energ\u00eda de los materiales.<\/p>","protected":false},"excerpt":{"rendered":"<p>Parameter Description\uff1a Material: Alkali lime borosilicate glass Appearance: white powder, it appears as a hollow transparent spherical body under the microscope. Color: Pure white, or customized Diameter: \u00f82 ~ \u00f8130 um Wall thickness: 1 ~ 2 um True Density: 0.15 ~ 1.50 g\/cm\u00b3 Compressive Strength : 500 ~ 30,000 psi\u00a0\u2248 3. 5 ~ 207 Mpa [&hellip;]<\/p>","protected":false},"featured_media":507,"template":"","meta":{"site-sidebar-layout":"default","site-content-layout":"","ast-site-content-layout":"default","site-content-style":"default","site-sidebar-style":"default","ast-global-header-display":"","ast-banner-title-visibility":"","ast-main-header-display":"","ast-hfb-above-header-display":"","ast-hfb-below-header-display":"","ast-hfb-mobile-header-display":"","site-post-title":"","ast-breadcrumbs-content":"","ast-featured-img":"","footer-sml-layout":"","theme-transparent-header-meta":"default","adv-header-id-meta":"","stick-header-meta":"","header-above-stick-meta":"","header-main-stick-meta":"","header-below-stick-meta":"","astra-migrate-meta-layouts":"set","ast-page-background-enabled":"default","ast-page-background-meta":{"desktop":{"background-color":"var(--ast-global-color-4)","background-image":"","background-repeat":"repeat","background-position":"center center","background-size":"auto","background-attachment":"scroll","background-type":"","background-media":"","overlay-type":"","overlay-color":"","overlay-opacity":"","overlay-gradient":""},"tablet":{"background-color":"","background-image":"","background-repeat":"repeat","background-position":"center center","background-size":"auto","background-attachment":"scroll","background-type":"","background-media":"","overlay-type":"","overlay-color":"","overlay-opacity":"","overlay-gradient":""},"mobile":{"background-color":"","background-image":"","background-repeat":"repeat","background-position":"center center","background-size":"auto","background-attachment":"scroll","background-type":"","background-media":"","overlay-type":"","overlay-color":"","overlay-opacity":"","overlay-gradient":""}},"ast-content-background-meta":{"desktop":{"background-color":"var(--ast-global-color-5)","background-image":"","background-repeat":"repeat","background-position":"center center","background-size":"auto","background-attachment":"scroll","background-type":"","background-media":"","overlay-type":"","overlay-color":"","overlay-opacity":"","overlay-gradient":""},"tablet":{"background-color":"var(--ast-global-color-5)","background-image":"","background-repeat":"repeat","background-position":"center center","background-size":"auto","background-attachment":"scroll","background-type":"","background-media":"","overlay-type":"","overlay-color":"","overlay-opacity":"","overlay-gradient":""},"mobile":{"background-color":"var(--ast-global-color-5)","background-image":"","background-repeat":"repeat","background-position":"center center","background-size":"auto","background-attachment":"scroll","background-type":"","background-media":"","overlay-type":"","overlay-color":"","overlay-opacity":"","overlay-gradient":""}}},"product_brand":[],"product_cat":[48],"product_tag":[],"class_list":{"0":"post-2741","1":"product","2":"type-product","3":"status-publish","4":"has-post-thumbnail","6":"product_cat-other-material-ball","7":"desktop-align-left","8":"tablet-align-left","9":"mobile-align-left","11":"first","12":"instock","13":"shipping-taxable","14":"product-type-simple"},"yoast_head":"<!-- This site is optimized with the Yoast SEO Premium plugin v22.5 (Yoast SEO v25.9) - https:\/\/yoast.com\/wordpress\/plugins\/seo\/ -->\r\n<title>Hollow Glass Microspheres (REACH, ROHS) - JIANGSU WALLONG-HSIN Rollingelements<\/title>\r\n<meta name=\"description\" content=\"Hollow Glass Microspheres (REACH, ROHS) - Material: Alkali lime borosilicate glassAppearance: white powder, it appears as a hollow transparent spherical body under the microscope.\" \/>\r\n<meta name=\"robots\" content=\"index, follow, max-snippet:-1, max-image-preview:large, max-video-preview:-1\" \/>\r\n<link rel=\"canonical\" href=\"http:\/\/www.camcjsw-rollingelements.com\/es\/producto\/hollow-glass-microspheres-reach-rohs\/\" \/>\r\n<meta property=\"og:locale\" content=\"es_ES\" \/>\r\n<meta property=\"og:type\" content=\"article\" \/>\r\n<meta property=\"og:title\" content=\"Hollow Glass Microspheres (REACH, ROHS)\" \/>\r\n<meta property=\"og:description\" content=\"Hollow Glass Microspheres (REACH, ROHS) - Material: Alkali lime borosilicate glassAppearance: white powder, it appears as a hollow transparent spherical body under the microscope.\" \/>\r\n<meta property=\"og:url\" content=\"http:\/\/www.camcjsw-rollingelements.com\/es\/producto\/hollow-glass-microspheres-reach-rohs\/\" \/>\r\n<meta property=\"og:site_name\" content=\"JIANGSU WALLONG-HSIN Rollingelements\" \/>\r\n<meta property=\"article:publisher\" content=\"https:\/\/www.facebook.com\/profile.php?id=100079096777836\" \/>\r\n<meta property=\"article:modified_time\" content=\"2025-09-25T09:12:00+00:00\" \/>\r\n<meta property=\"og:image\" content=\"http:\/\/www.camcjsw-rollingelements.com\/wp-content\/uploads\/2025\/09\/Hollow-Glass-Microspheres.webp\" \/>\r\n\t<meta property=\"og:image:width\" content=\"257\" \/>\r\n\t<meta property=\"og:image:height\" content=\"190\" \/>\r\n\t<meta property=\"og:image:type\" content=\"image\/webp\" \/>\r\n<meta name=\"twitter:card\" content=\"summary_large_image\" \/>\r\n<meta name=\"twitter:site\" content=\"@SissiXu11\" \/>\r\n<meta name=\"twitter:label1\" content=\"Tiempo de lectura\" \/>\n\t<meta name=\"twitter:data1\" content=\"2 minutos\" \/>\r\n<script type=\"application\/ld+json\" class=\"yoast-schema-graph\">{\"@context\":\"https:\/\/schema.org\",\"@graph\":[{\"@type\":\"WebPage\",\"@id\":\"http:\/\/www.camcjsw-rollingelements.com\/product\/hollow-glass-microspheres-reach-rohs\",\"url\":\"http:\/\/www.camcjsw-rollingelements.com\/product\/hollow-glass-microspheres-reach-rohs\",\"name\":\"Hollow Glass Microspheres (REACH, ROHS) - JIANGSU WALLONG-HSIN Rollingelements\",\"isPartOf\":{\"@id\":\"http:\/\/www.camcjsw-rollingelements.com\/#website\"},\"primaryImageOfPage\":{\"@id\":\"http:\/\/www.camcjsw-rollingelements.com\/product\/hollow-glass-microspheres-reach-rohs#primaryimage\"},\"image\":{\"@id\":\"http:\/\/www.camcjsw-rollingelements.com\/product\/hollow-glass-microspheres-reach-rohs#primaryimage\"},\"thumbnailUrl\":\"http:\/\/www.camcjsw-rollingelements.com\/wp-content\/uploads\/2025\/09\/Hollow-Glass-Microspheres.webp\",\"datePublished\":\"2024-11-01T02:49:31+00:00\",\"dateModified\":\"2025-09-25T09:12:00+00:00\",\"description\":\"Hollow Glass Microspheres (REACH, ROHS) - Material: Alkali lime borosilicate glassAppearance: white powder, it appears as a hollow transparent spherical body under the microscope.\",\"breadcrumb\":{\"@id\":\"http:\/\/www.camcjsw-rollingelements.com\/product\/hollow-glass-microspheres-reach-rohs#breadcrumb\"},\"inLanguage\":\"es\",\"potentialAction\":[{\"@type\":\"ReadAction\",\"target\":[\"http:\/\/www.camcjsw-rollingelements.com\/product\/hollow-glass-microspheres-reach-rohs\"]}]},{\"@type\":\"ImageObject\",\"inLanguage\":\"es\",\"@id\":\"http:\/\/www.camcjsw-rollingelements.com\/product\/hollow-glass-microspheres-reach-rohs#primaryimage\",\"url\":\"http:\/\/www.camcjsw-rollingelements.com\/wp-content\/uploads\/2025\/09\/Hollow-Glass-Microspheres.webp\",\"contentUrl\":\"http:\/\/www.camcjsw-rollingelements.com\/wp-content\/uploads\/2025\/09\/Hollow-Glass-Microspheres.webp\",\"width\":257,\"height\":190},{\"@type\":\"BreadcrumbList\",\"@id\":\"http:\/\/www.camcjsw-rollingelements.com\/product\/hollow-glass-microspheres-reach-rohs#breadcrumb\",\"itemListElement\":[{\"@type\":\"ListItem\",\"position\":1,\"name\":\"Home\",\"item\":\"http:\/\/www.camcjsw-rollingelements.com\/\"},{\"@type\":\"ListItem\",\"position\":2,\"name\":\"Productos\",\"item\":\"http:\/\/www.camcjsw-rollingelements.com\/es\/shop\"},{\"@type\":\"ListItem\",\"position\":3,\"name\":\"Hollow Glass Microspheres (REACH, ROHS)\"}]},{\"@type\":\"WebSite\",\"@id\":\"http:\/\/www.camcjsw-rollingelements.com\/#website\",\"url\":\"http:\/\/www.camcjsw-rollingelements.com\/\",\"name\":\"JIANGSU WALLONG-HSIN Rollingelements\",\"description\":\"\",\"publisher\":{\"@id\":\"http:\/\/www.camcjsw-rollingelements.com\/#organization\"},\"potentialAction\":[{\"@type\":\"SearchAction\",\"target\":{\"@type\":\"EntryPoint\",\"urlTemplate\":\"http:\/\/www.camcjsw-rollingelements.com\/?s={search_term_string}\"},\"query-input\":{\"@type\":\"PropertyValueSpecification\",\"valueRequired\":true,\"valueName\":\"search_term_string\"}}],\"inLanguage\":\"es\"},{\"@type\":\"Organization\",\"@id\":\"http:\/\/www.camcjsw-rollingelements.com\/#organization\",\"name\":\"JIANGSU WALLONG-HSIN MACHINERY ENGINEERING CORPORATION LTD.\",\"url\":\"http:\/\/www.camcjsw-rollingelements.com\/\",\"logo\":{\"@type\":\"ImageObject\",\"inLanguage\":\"es\",\"@id\":\"http:\/\/www.camcjsw-rollingelements.com\/#\/schema\/logo\/image\/\",\"url\":\"http:\/\/www.camcjsw-rollingelements.com\/wp-content\/uploads\/2025\/09\/logo\u526f\u672c.png\",\"contentUrl\":\"http:\/\/www.camcjsw-rollingelements.com\/wp-content\/uploads\/2025\/09\/logo\u526f\u672c.png\",\"width\":555,\"height\":55,\"caption\":\"JIANGSU WALLONG-HSIN MACHINERY ENGINEERING CORPORATION LTD.\"},\"image\":{\"@id\":\"http:\/\/www.camcjsw-rollingelements.com\/#\/schema\/logo\/image\/\"},\"sameAs\":[\"https:\/\/www.facebook.com\/profile.php?id=100079096777836\",\"https:\/\/x.com\/SissiXu11\"]}]}<\/script>\r\n<!-- \/ Yoast SEO Premium plugin. -->","yoast_head_json":{"title":"Hollow Glass Microspheres (REACH, ROHS) - JIANGSU WALLONG-HSIN Rollingelements","description":"Hollow Glass Microspheres (REACH, ROHS) - Material: Alkali lime borosilicate glassAppearance: white powder, it appears as a hollow transparent spherical body under the microscope.","robots":{"index":"index","follow":"follow","max-snippet":"max-snippet:-1","max-image-preview":"max-image-preview:large","max-video-preview":"max-video-preview:-1"},"canonical":"http:\/\/www.camcjsw-rollingelements.com\/es\/producto\/hollow-glass-microspheres-reach-rohs\/","og_locale":"es_ES","og_type":"article","og_title":"Hollow Glass Microspheres (REACH, ROHS)","og_description":"Hollow Glass Microspheres (REACH, ROHS) - Material: Alkali lime borosilicate glassAppearance: white powder, it appears as a hollow transparent spherical body under the microscope.","og_url":"http:\/\/www.camcjsw-rollingelements.com\/es\/producto\/hollow-glass-microspheres-reach-rohs\/","og_site_name":"JIANGSU WALLONG-HSIN Rollingelements","article_publisher":"https:\/\/www.facebook.com\/profile.php?id=100079096777836","article_modified_time":"2025-09-25T09:12:00+00:00","og_image":[{"width":257,"height":190,"url":"http:\/\/www.camcjsw-rollingelements.com\/wp-content\/uploads\/2025\/09\/Hollow-Glass-Microspheres.webp","type":"image\/webp"}],"twitter_card":"summary_large_image","twitter_site":"@SissiXu11","twitter_misc":{"Tiempo de lectura":"2 minutos"},"schema":{"@context":"https:\/\/schema.org","@graph":[{"@type":"WebPage","@id":"http:\/\/www.camcjsw-rollingelements.com\/product\/hollow-glass-microspheres-reach-rohs","url":"http:\/\/www.camcjsw-rollingelements.com\/product\/hollow-glass-microspheres-reach-rohs","name":"Hollow Glass Microspheres (REACH, ROHS) - JIANGSU WALLONG-HSIN Rollingelements","isPartOf":{"@id":"http:\/\/www.camcjsw-rollingelements.com\/#website"},"primaryImageOfPage":{"@id":"http:\/\/www.camcjsw-rollingelements.com\/product\/hollow-glass-microspheres-reach-rohs#primaryimage"},"image":{"@id":"http:\/\/www.camcjsw-rollingelements.com\/product\/hollow-glass-microspheres-reach-rohs#primaryimage"},"thumbnailUrl":"http:\/\/www.camcjsw-rollingelements.com\/wp-content\/uploads\/2025\/09\/Hollow-Glass-Microspheres.webp","datePublished":"2024-11-01T02:49:31+00:00","dateModified":"2025-09-25T09:12:00+00:00","description":"Hollow Glass Microspheres (REACH, ROHS) - Material: Alkali lime borosilicate glassAppearance: white powder, it appears as a hollow transparent spherical body under the microscope.","breadcrumb":{"@id":"http:\/\/www.camcjsw-rollingelements.com\/product\/hollow-glass-microspheres-reach-rohs#breadcrumb"},"inLanguage":"es","potentialAction":[{"@type":"ReadAction","target":["http:\/\/www.camcjsw-rollingelements.com\/product\/hollow-glass-microspheres-reach-rohs"]}]},{"@type":"ImageObject","inLanguage":"es","@id":"http:\/\/www.camcjsw-rollingelements.com\/product\/hollow-glass-microspheres-reach-rohs#primaryimage","url":"http:\/\/www.camcjsw-rollingelements.com\/wp-content\/uploads\/2025\/09\/Hollow-Glass-Microspheres.webp","contentUrl":"http:\/\/www.camcjsw-rollingelements.com\/wp-content\/uploads\/2025\/09\/Hollow-Glass-Microspheres.webp","width":257,"height":190},{"@type":"BreadcrumbList","@id":"http:\/\/www.camcjsw-rollingelements.com\/product\/hollow-glass-microspheres-reach-rohs#breadcrumb","itemListElement":[{"@type":"ListItem","position":1,"name":"Home","item":"http:\/\/www.camcjsw-rollingelements.com\/"},{"@type":"ListItem","position":2,"name":"Productos","item":"http:\/\/www.camcjsw-rollingelements.com\/es\/shop"},{"@type":"ListItem","position":3,"name":"Hollow Glass Microspheres (REACH, ROHS)"}]},{"@type":"WebSite","@id":"http:\/\/www.camcjsw-rollingelements.com\/#website","url":"http:\/\/www.camcjsw-rollingelements.com\/","name":"JIANGSU WALLONG-HSIN Rollingelements","description":"","publisher":{"@id":"http:\/\/www.camcjsw-rollingelements.com\/#organization"},"potentialAction":[{"@type":"SearchAction","target":{"@type":"EntryPoint","urlTemplate":"http:\/\/www.camcjsw-rollingelements.com\/?s={search_term_string}"},"query-input":{"@type":"PropertyValueSpecification","valueRequired":true,"valueName":"search_term_string"}}],"inLanguage":"es"},{"@type":"Organization","@id":"http:\/\/www.camcjsw-rollingelements.com\/#organization","name":"JIANGSU WALLONG-HSIN MACHINERY ENGINEERING CORPORATION LTD.","url":"http:\/\/www.camcjsw-rollingelements.com\/","logo":{"@type":"ImageObject","inLanguage":"es","@id":"http:\/\/www.camcjsw-rollingelements.com\/#\/schema\/logo\/image\/","url":"http:\/\/www.camcjsw-rollingelements.com\/wp-content\/uploads\/2025\/09\/logo\u526f\u672c.png","contentUrl":"http:\/\/www.camcjsw-rollingelements.com\/wp-content\/uploads\/2025\/09\/logo\u526f\u672c.png","width":555,"height":55,"caption":"JIANGSU WALLONG-HSIN MACHINERY ENGINEERING CORPORATION LTD."},"image":{"@id":"http:\/\/www.camcjsw-rollingelements.com\/#\/schema\/logo\/image\/"},"sameAs":["https:\/\/www.facebook.com\/profile.php?id=100079096777836","https:\/\/x.com\/SissiXu11"]}]}},"_links":{"self":[{"href":"http:\/\/www.camcjsw-rollingelements.com\/es\/wp-json\/wp\/v2\/product\/2741","targetHints":{"allow":["GET"]}}],"collection":[{"href":"http:\/\/www.camcjsw-rollingelements.com\/es\/wp-json\/wp\/v2\/product"}],"about":[{"href":"http:\/\/www.camcjsw-rollingelements.com\/es\/wp-json\/wp\/v2\/types\/product"}],"wp:featuredmedia":[{"embeddable":true,"href":"http:\/\/www.camcjsw-rollingelements.com\/es\/wp-json\/wp\/v2\/media\/507"}],"wp:attachment":[{"href":"http:\/\/www.camcjsw-rollingelements.com\/es\/wp-json\/wp\/v2\/media?parent=2741"}],"wp:term":[{"taxonomy":"product_brand","embeddable":true,"href":"http:\/\/www.camcjsw-rollingelements.com\/es\/wp-json\/wp\/v2\/product_brand?post=2741"},{"taxonomy":"product_cat","embeddable":true,"href":"http:\/\/www.camcjsw-rollingelements.com\/es\/wp-json\/wp\/v2\/product_cat?post=2741"},{"taxonomy":"product_tag","embeddable":true,"href":"http:\/\/www.camcjsw-rollingelements.com\/es\/wp-json\/wp\/v2\/product_tag?post=2741"}],"curies":[{"name":"wp","href":"https:\/\/api.w.org\/{rel}","templated":true}]}}