{"id":3104,"date":"2025-07-23T15:21:07","date_gmt":"2025-07-23T07:21:07","guid":{"rendered":"http:\/\/www.camcjsw-rollingelements.com\/product\/needle-roller-for-hinge-1-253-2mm-1-4810-8mm\/"},"modified":"2025-10-27T11:31:31","modified_gmt":"2025-10-27T03:31:31","slug":"needle-roller-for-hinge-1-253-2mm-1-4810-8mm","status":"publish","type":"product","link":"http:\/\/www.camcjsw-rollingelements.com\/es\/producto\/needle-roller-for-hinge-1-253-2mm-1-4810-8mm","title":{"rendered":"Rodillo de aguja para bisagra 1,25 x 3,2 mm 1,48 x 10,8 mm"},"content":{"rendered":"<table border=\"1px;\">\n<tbody>\n<tr>\n<td width=\"30%\">Rodillo de agujas:<\/td>\n<td width=\"70%\">1.25&#215;3.2 and 1.48&#215;10.8<\/td>\n<\/tr>\n<tr>\n<td width=\"30%\">Dimensi\u00f3n:<\/td>\n<td width=\"70%\">Dia. 1.25mm X length 3.2 mm<\/p>\n<p>Dia. 1.48mm X length 10.8 mm<\/td>\n<\/tr>\n<tr>\n<td width=\"30%\">Material:<\/td>\n<td width=\"70%\">AISI52100\/ GCr15<\/td>\n<\/tr>\n<tr>\n<td width=\"30%\">Solicitud:<\/td>\n<td width=\"70%\">Herrajes para muebles, como bisagras<\/td>\n<\/tr>\n<tr>\n<td width=\"30%\">Forma de la cara final:<\/td>\n<td width=\"70%\">extremo plano<\/td>\n<\/tr>\n<\/tbody>\n<\/table>\n<p>Contamos con una larga trayectoria en la producci\u00f3n de rodillos de agujas y abastecemos a una diversa cartera de clientes a nivel mundial. Estos rodillos de 1,25 x 3,2 mm y 1,48 x 10,8 mm se utilizan principalmente en los componentes de amortiguaci\u00f3n integrados de las bisagras.<\/p>\n<p>Nuestros productos ofrecen una ventaja absoluta en limpieza. Adoptamos la norma ISO 16232-2018 para la extracci\u00f3n de contaminantes mediante tecnolog\u00eda ultras\u00f3nica, lo que les permite cumplir con los est\u00e1ndares de limpieza para componentes de veh\u00edculos de carretera con circulaci\u00f3n de fluidos.<\/p>\n<p><img decoding=\"async\" class=\"alignnone size-full wp-image-3379\" src=\"http:\/\/www.camcjsw-rollingelements.com\/wp-content\/uploads\/2025\/10\/\u94f0\u94feA.webp\" alt=\"\" width=\"400\" \/><img decoding=\"async\" class=\"alignnone size-full wp-image-3380\" src=\"http:\/\/www.camcjsw-rollingelements.com\/wp-content\/uploads\/2025\/10\/\u94f0\u94fe\u7ec6\u8282\u56feA.webp\" alt=\"\" width=\"400\" \/><\/p>\n<p>Estos rodillos de agujas de extremo plano est\u00e1n hechos de acero para cojinetes cuidadosamente seleccionado y se les da un acabado de pulido preciso despu\u00e9s del tratamiento t\u00e9rmico, la tolerancia de la ubicaci\u00f3n de la forma debe ser seg\u00fan el est\u00e1ndar actual.<\/p>\n<p>Ofrecemos todo tipo de rodillos convexos, de extremo en relieve, de curado variable y de agujas, seg\u00fan las necesidades del cliente. Tambi\u00e9n ofrecemos rodillos de rodamiento de tipo III y VII. Si est\u00e1 interesado, no dude en contactarnos.<\/p>\n<p>&nbsp;<\/p>\n<p>Nuestro embalaje:<\/p>\n<p><img fetchpriority=\"high\" decoding=\"async\" class=\"alignnone\" src=\"http:\/\/www.camcjsw-rollingelements.com\/wp-content\/uploads\/2025\/07\/3510dff0-ef09-476c-9c0a-d5e418a4756e-300x169.webp\" alt=\"\" width=\"300\" height=\"169\" \/><\/p>","protected":false},"excerpt":{"rendered":"<p>Needle roller: 1.25&#215;3.2 and 1.48&#215;10.8 Dimension: Dia. 1.25mm X length 3.2 mm Dia. 1.48mm X length 10.8 mm Material: AISI52100\/ GCr15 Application: Furniture fittings, such as hinges End face shape: Flat end We have a long history of Needle roller production and supplies a diverse global customer base. These 1.25*3.2mm and 1.48*10.8mm are mainly used [&hellip;]<\/p>","protected":false},"featured_media":513,"template":"","meta":{"site-sidebar-layout":"default","site-content-layout":"","ast-site-content-layout":"default","site-content-style":"default","site-sidebar-style":"default","ast-global-header-display":"","ast-banner-title-visibility":"","ast-main-header-display":"","ast-hfb-above-header-display":"","ast-hfb-below-header-display":"","ast-hfb-mobile-header-display":"","site-post-title":"","ast-breadcrumbs-content":"","ast-featured-img":"","footer-sml-layout":"","theme-transparent-header-meta":"default","adv-header-id-meta":"","stick-header-meta":"","header-above-stick-meta":"","header-main-stick-meta":"","header-below-stick-meta":"","astra-migrate-meta-layouts":"set","ast-page-background-enabled":"default","ast-page-background-meta":{"desktop":{"background-color":"var(--ast-global-color-4)","background-image":"","background-repeat":"repeat","background-position":"center center","background-size":"auto","background-attachment":"scroll","background-type":"","background-media":"","overlay-type":"","overlay-color":"","overlay-opacity":"","overlay-gradient":""},"tablet":{"background-color":"","background-image":"","background-repeat":"repeat","background-position":"center center","background-size":"auto","background-attachment":"scroll","background-type":"","background-media":"","overlay-type":"","overlay-color":"","overlay-opacity":"","overlay-gradient":""},"mobile":{"background-color":"","background-image":"","background-repeat":"repeat","background-position":"center center","background-size":"auto","background-attachment":"scroll","background-type":"","background-media":"","overlay-type":"","overlay-color":"","overlay-opacity":"","overlay-gradient":""}},"ast-content-background-meta":{"desktop":{"background-color":"var(--ast-global-color-5)","background-image":"","background-repeat":"repeat","background-position":"center center","background-size":"auto","background-attachment":"scroll","background-type":"","background-media":"","overlay-type":"","overlay-color":"","overlay-opacity":"","overlay-gradient":""},"tablet":{"background-color":"var(--ast-global-color-5)","background-image":"","background-repeat":"repeat","background-position":"center center","background-size":"auto","background-attachment":"scroll","background-type":"","background-media":"","overlay-type":"","overlay-color":"","overlay-opacity":"","overlay-gradient":""},"mobile":{"background-color":"var(--ast-global-color-5)","background-image":"","background-repeat":"repeat","background-position":"center center","background-size":"auto","background-attachment":"scroll","background-type":"","background-media":"","overlay-type":"","overlay-color":"","overlay-opacity":"","overlay-gradient":""}}},"product_brand":[],"product_cat":[49],"product_tag":[],"class_list":{"0":"post-3104","1":"product","2":"type-product","3":"status-publish","4":"has-post-thumbnail","6":"product_cat-roller-and-needle","7":"desktop-align-left","8":"tablet-align-left","9":"mobile-align-left","11":"first","12":"instock","13":"shipping-taxable","14":"product-type-simple"},"yoast_head":"<!-- This site is optimized with the Yoast SEO Premium plugin v22.5 (Yoast SEO v25.9) - https:\/\/yoast.com\/wordpress\/plugins\/seo\/ -->\r\n<title>Needle Roller for Hinge 1.25*3.2mm 1.48*10.8mm - JIANGSU WALLONG-HSIN Rollingelements<\/title>\r\n<meta name=\"description\" content=\"- We have a long history of Needle roller production and supplies a diverse global customer base. These 1.25*3.2mm and 1.48*10.8mm are mainly used in the integrated damping components of damping hinges.\" \/>\r\n<meta name=\"robots\" content=\"index, follow, max-snippet:-1, max-image-preview:large, max-video-preview:-1\" \/>\r\n<link rel=\"canonical\" href=\"http:\/\/www.camcjsw-rollingelements.com\/es\/producto\/needle-roller-for-hinge-1-253-2mm-1-4810-8mm\/\" \/>\r\n<meta property=\"og:locale\" content=\"es_ES\" \/>\r\n<meta property=\"og:type\" content=\"article\" \/>\r\n<meta property=\"og:title\" content=\"Needle Roller for Hinge 1.25*3.2mm 1.48*10.8mm\" \/>\r\n<meta property=\"og:description\" content=\"- We have a long history of Needle roller production and supplies a diverse global customer base. These 1.25*3.2mm and 1.48*10.8mm are mainly used in the integrated damping components of damping hinges.\" \/>\r\n<meta property=\"og:url\" content=\"http:\/\/www.camcjsw-rollingelements.com\/es\/producto\/needle-roller-for-hinge-1-253-2mm-1-4810-8mm\/\" \/>\r\n<meta property=\"og:site_name\" content=\"JIANGSU WALLONG-HSIN Rollingelements\" \/>\r\n<meta property=\"article:publisher\" content=\"https:\/\/www.facebook.com\/profile.php?id=100079096777836\" \/>\r\n<meta property=\"article:modified_time\" content=\"2025-10-27T03:31:31+00:00\" \/>\r\n<meta property=\"og:image\" content=\"http:\/\/www.camcjsw-rollingelements.com\/wp-content\/uploads\/2025\/09\/needle-roller-for-hinge.webp\" \/>\r\n\t<meta property=\"og:image:width\" content=\"257\" \/>\r\n\t<meta property=\"og:image:height\" content=\"190\" \/>\r\n\t<meta property=\"og:image:type\" content=\"image\/webp\" \/>\r\n<meta name=\"twitter:card\" content=\"summary_large_image\" \/>\r\n<meta name=\"twitter:site\" content=\"@SissiXu11\" \/>\r\n<meta name=\"twitter:label1\" content=\"Tiempo de lectura\" \/>\n\t<meta name=\"twitter:data1\" content=\"2 minutos\" \/>\r\n<script type=\"application\/ld+json\" class=\"yoast-schema-graph\">{\"@context\":\"https:\/\/schema.org\",\"@graph\":[{\"@type\":\"WebPage\",\"@id\":\"http:\/\/www.camcjsw-rollingelements.com\/product\/needle-roller-for-hinge-1-253-2mm-1-4810-8mm\",\"url\":\"http:\/\/www.camcjsw-rollingelements.com\/product\/needle-roller-for-hinge-1-253-2mm-1-4810-8mm\",\"name\":\"Needle Roller for Hinge 1.25*3.2mm 1.48*10.8mm - JIANGSU WALLONG-HSIN Rollingelements\",\"isPartOf\":{\"@id\":\"http:\/\/www.camcjsw-rollingelements.com\/#website\"},\"primaryImageOfPage\":{\"@id\":\"http:\/\/www.camcjsw-rollingelements.com\/product\/needle-roller-for-hinge-1-253-2mm-1-4810-8mm#primaryimage\"},\"image\":{\"@id\":\"http:\/\/www.camcjsw-rollingelements.com\/product\/needle-roller-for-hinge-1-253-2mm-1-4810-8mm#primaryimage\"},\"thumbnailUrl\":\"http:\/\/www.camcjsw-rollingelements.com\/wp-content\/uploads\/2025\/09\/needle-roller-for-hinge.webp\",\"datePublished\":\"2025-07-23T07:21:07+00:00\",\"dateModified\":\"2025-10-27T03:31:31+00:00\",\"description\":\"- We have a long history of Needle roller production and supplies a diverse global customer base. These 1.25*3.2mm and 1.48*10.8mm are mainly used in the integrated damping components of damping hinges.\",\"breadcrumb\":{\"@id\":\"http:\/\/www.camcjsw-rollingelements.com\/product\/needle-roller-for-hinge-1-253-2mm-1-4810-8mm#breadcrumb\"},\"inLanguage\":\"es\",\"potentialAction\":[{\"@type\":\"ReadAction\",\"target\":[\"http:\/\/www.camcjsw-rollingelements.com\/product\/needle-roller-for-hinge-1-253-2mm-1-4810-8mm\"]}]},{\"@type\":\"ImageObject\",\"inLanguage\":\"es\",\"@id\":\"http:\/\/www.camcjsw-rollingelements.com\/product\/needle-roller-for-hinge-1-253-2mm-1-4810-8mm#primaryimage\",\"url\":\"http:\/\/www.camcjsw-rollingelements.com\/wp-content\/uploads\/2025\/09\/needle-roller-for-hinge.webp\",\"contentUrl\":\"http:\/\/www.camcjsw-rollingelements.com\/wp-content\/uploads\/2025\/09\/needle-roller-for-hinge.webp\",\"width\":257,\"height\":190},{\"@type\":\"BreadcrumbList\",\"@id\":\"http:\/\/www.camcjsw-rollingelements.com\/product\/needle-roller-for-hinge-1-253-2mm-1-4810-8mm#breadcrumb\",\"itemListElement\":[{\"@type\":\"ListItem\",\"position\":1,\"name\":\"Home\",\"item\":\"http:\/\/www.camcjsw-rollingelements.com\/\"},{\"@type\":\"ListItem\",\"position\":2,\"name\":\"Productos\",\"item\":\"http:\/\/www.camcjsw-rollingelements.com\/es\/shop\"},{\"@type\":\"ListItem\",\"position\":3,\"name\":\"Needle Roller for Hinge 1.25*3.2mm 1.48*10.8mm\"}]},{\"@type\":\"WebSite\",\"@id\":\"http:\/\/www.camcjsw-rollingelements.com\/#website\",\"url\":\"http:\/\/www.camcjsw-rollingelements.com\/\",\"name\":\"JIANGSU WALLONG-HSIN Rollingelements\",\"description\":\"\",\"publisher\":{\"@id\":\"http:\/\/www.camcjsw-rollingelements.com\/#organization\"},\"potentialAction\":[{\"@type\":\"SearchAction\",\"target\":{\"@type\":\"EntryPoint\",\"urlTemplate\":\"http:\/\/www.camcjsw-rollingelements.com\/?s={search_term_string}\"},\"query-input\":{\"@type\":\"PropertyValueSpecification\",\"valueRequired\":true,\"valueName\":\"search_term_string\"}}],\"inLanguage\":\"es\"},{\"@type\":\"Organization\",\"@id\":\"http:\/\/www.camcjsw-rollingelements.com\/#organization\",\"name\":\"JIANGSU WALLONG-HSIN MACHINERY ENGINEERING CORPORATION LTD.\",\"url\":\"http:\/\/www.camcjsw-rollingelements.com\/\",\"logo\":{\"@type\":\"ImageObject\",\"inLanguage\":\"es\",\"@id\":\"http:\/\/www.camcjsw-rollingelements.com\/#\/schema\/logo\/image\/\",\"url\":\"http:\/\/www.camcjsw-rollingelements.com\/wp-content\/uploads\/2025\/09\/logo\u526f\u672c.png\",\"contentUrl\":\"http:\/\/www.camcjsw-rollingelements.com\/wp-content\/uploads\/2025\/09\/logo\u526f\u672c.png\",\"width\":555,\"height\":55,\"caption\":\"JIANGSU WALLONG-HSIN MACHINERY ENGINEERING CORPORATION LTD.\"},\"image\":{\"@id\":\"http:\/\/www.camcjsw-rollingelements.com\/#\/schema\/logo\/image\/\"},\"sameAs\":[\"https:\/\/www.facebook.com\/profile.php?id=100079096777836\",\"https:\/\/x.com\/SissiXu11\"]}]}<\/script>\r\n<!-- \/ Yoast SEO Premium plugin. -->","yoast_head_json":{"title":"Needle Roller for Hinge 1.25*3.2mm 1.48*10.8mm - JIANGSU WALLONG-HSIN Rollingelements","description":"- We have a long history of Needle roller production and supplies a diverse global customer base. These 1.25*3.2mm and 1.48*10.8mm are mainly used in the integrated damping components of damping hinges.","robots":{"index":"index","follow":"follow","max-snippet":"max-snippet:-1","max-image-preview":"max-image-preview:large","max-video-preview":"max-video-preview:-1"},"canonical":"http:\/\/www.camcjsw-rollingelements.com\/es\/producto\/needle-roller-for-hinge-1-253-2mm-1-4810-8mm\/","og_locale":"es_ES","og_type":"article","og_title":"Needle Roller for Hinge 1.25*3.2mm 1.48*10.8mm","og_description":"- We have a long history of Needle roller production and supplies a diverse global customer base. These 1.25*3.2mm and 1.48*10.8mm are mainly used in the integrated damping components of damping hinges.","og_url":"http:\/\/www.camcjsw-rollingelements.com\/es\/producto\/needle-roller-for-hinge-1-253-2mm-1-4810-8mm\/","og_site_name":"JIANGSU WALLONG-HSIN Rollingelements","article_publisher":"https:\/\/www.facebook.com\/profile.php?id=100079096777836","article_modified_time":"2025-10-27T03:31:31+00:00","og_image":[{"width":257,"height":190,"url":"http:\/\/www.camcjsw-rollingelements.com\/wp-content\/uploads\/2025\/09\/needle-roller-for-hinge.webp","type":"image\/webp"}],"twitter_card":"summary_large_image","twitter_site":"@SissiXu11","twitter_misc":{"Tiempo de lectura":"2 minutos"},"schema":{"@context":"https:\/\/schema.org","@graph":[{"@type":"WebPage","@id":"http:\/\/www.camcjsw-rollingelements.com\/product\/needle-roller-for-hinge-1-253-2mm-1-4810-8mm","url":"http:\/\/www.camcjsw-rollingelements.com\/product\/needle-roller-for-hinge-1-253-2mm-1-4810-8mm","name":"Needle Roller for Hinge 1.25*3.2mm 1.48*10.8mm - JIANGSU WALLONG-HSIN Rollingelements","isPartOf":{"@id":"http:\/\/www.camcjsw-rollingelements.com\/#website"},"primaryImageOfPage":{"@id":"http:\/\/www.camcjsw-rollingelements.com\/product\/needle-roller-for-hinge-1-253-2mm-1-4810-8mm#primaryimage"},"image":{"@id":"http:\/\/www.camcjsw-rollingelements.com\/product\/needle-roller-for-hinge-1-253-2mm-1-4810-8mm#primaryimage"},"thumbnailUrl":"http:\/\/www.camcjsw-rollingelements.com\/wp-content\/uploads\/2025\/09\/needle-roller-for-hinge.webp","datePublished":"2025-07-23T07:21:07+00:00","dateModified":"2025-10-27T03:31:31+00:00","description":"- We have a long history of Needle roller production and supplies a diverse global customer base. These 1.25*3.2mm and 1.48*10.8mm are mainly used in the integrated damping components of damping hinges.","breadcrumb":{"@id":"http:\/\/www.camcjsw-rollingelements.com\/product\/needle-roller-for-hinge-1-253-2mm-1-4810-8mm#breadcrumb"},"inLanguage":"es","potentialAction":[{"@type":"ReadAction","target":["http:\/\/www.camcjsw-rollingelements.com\/product\/needle-roller-for-hinge-1-253-2mm-1-4810-8mm"]}]},{"@type":"ImageObject","inLanguage":"es","@id":"http:\/\/www.camcjsw-rollingelements.com\/product\/needle-roller-for-hinge-1-253-2mm-1-4810-8mm#primaryimage","url":"http:\/\/www.camcjsw-rollingelements.com\/wp-content\/uploads\/2025\/09\/needle-roller-for-hinge.webp","contentUrl":"http:\/\/www.camcjsw-rollingelements.com\/wp-content\/uploads\/2025\/09\/needle-roller-for-hinge.webp","width":257,"height":190},{"@type":"BreadcrumbList","@id":"http:\/\/www.camcjsw-rollingelements.com\/product\/needle-roller-for-hinge-1-253-2mm-1-4810-8mm#breadcrumb","itemListElement":[{"@type":"ListItem","position":1,"name":"Home","item":"http:\/\/www.camcjsw-rollingelements.com\/"},{"@type":"ListItem","position":2,"name":"Productos","item":"http:\/\/www.camcjsw-rollingelements.com\/es\/shop"},{"@type":"ListItem","position":3,"name":"Needle Roller for Hinge 1.25*3.2mm 1.48*10.8mm"}]},{"@type":"WebSite","@id":"http:\/\/www.camcjsw-rollingelements.com\/#website","url":"http:\/\/www.camcjsw-rollingelements.com\/","name":"JIANGSU WALLONG-HSIN Rollingelements","description":"","publisher":{"@id":"http:\/\/www.camcjsw-rollingelements.com\/#organization"},"potentialAction":[{"@type":"SearchAction","target":{"@type":"EntryPoint","urlTemplate":"http:\/\/www.camcjsw-rollingelements.com\/?s={search_term_string}"},"query-input":{"@type":"PropertyValueSpecification","valueRequired":true,"valueName":"search_term_string"}}],"inLanguage":"es"},{"@type":"Organization","@id":"http:\/\/www.camcjsw-rollingelements.com\/#organization","name":"JIANGSU WALLONG-HSIN MACHINERY ENGINEERING CORPORATION LTD.","url":"http:\/\/www.camcjsw-rollingelements.com\/","logo":{"@type":"ImageObject","inLanguage":"es","@id":"http:\/\/www.camcjsw-rollingelements.com\/#\/schema\/logo\/image\/","url":"http:\/\/www.camcjsw-rollingelements.com\/wp-content\/uploads\/2025\/09\/logo\u526f\u672c.png","contentUrl":"http:\/\/www.camcjsw-rollingelements.com\/wp-content\/uploads\/2025\/09\/logo\u526f\u672c.png","width":555,"height":55,"caption":"JIANGSU WALLONG-HSIN MACHINERY ENGINEERING CORPORATION LTD."},"image":{"@id":"http:\/\/www.camcjsw-rollingelements.com\/#\/schema\/logo\/image\/"},"sameAs":["https:\/\/www.facebook.com\/profile.php?id=100079096777836","https:\/\/x.com\/SissiXu11"]}]}},"_links":{"self":[{"href":"http:\/\/www.camcjsw-rollingelements.com\/es\/wp-json\/wp\/v2\/product\/3104","targetHints":{"allow":["GET"]}}],"collection":[{"href":"http:\/\/www.camcjsw-rollingelements.com\/es\/wp-json\/wp\/v2\/product"}],"about":[{"href":"http:\/\/www.camcjsw-rollingelements.com\/es\/wp-json\/wp\/v2\/types\/product"}],"wp:featuredmedia":[{"embeddable":true,"href":"http:\/\/www.camcjsw-rollingelements.com\/es\/wp-json\/wp\/v2\/media\/513"}],"wp:attachment":[{"href":"http:\/\/www.camcjsw-rollingelements.com\/es\/wp-json\/wp\/v2\/media?parent=3104"}],"wp:term":[{"taxonomy":"product_brand","embeddable":true,"href":"http:\/\/www.camcjsw-rollingelements.com\/es\/wp-json\/wp\/v2\/product_brand?post=3104"},{"taxonomy":"product_cat","embeddable":true,"href":"http:\/\/www.camcjsw-rollingelements.com\/es\/wp-json\/wp\/v2\/product_cat?post=3104"},{"taxonomy":"product_tag","embeddable":true,"href":"http:\/\/www.camcjsw-rollingelements.com\/es\/wp-json\/wp\/v2\/product_tag?post=3104"}],"curies":[{"name":"wp","href":"https:\/\/api.w.org\/{rel}","templated":true}]}}